{"id":29691,"date":"2025-09-19T20:52:45","date_gmt":"2025-09-19T20:52:45","guid":{"rendered":"https:\/\/www.navicontainers.com\/?post_type=product&#038;p=29691"},"modified":"2025-12-24T12:41:20","modified_gmt":"2025-12-24T12:41:20","slug":"contentor-20-pes-usado-azul-tal-international","status":"publish","type":"product","link":"https:\/\/www.navicontainers.com\/es\/tienda\/contenedor-20-pes\/contentor-20-pes-usado-azul-tal-international\/","title":{"rendered":"Contenedor azul usado de 20 pies TAL International Clase B"},"content":{"rendered":"<h2>Contenedor usado de 20 pies azul TAL International<\/h2>\n<p>Este <strong>contenedor usado de 20 pies<\/strong> de TAL International es una soluci\u00f3n pr\u00e1ctica, econ\u00f3mica y vers\u00e1til para el almacenamiento y los proyectos a medida. La clase B \/ WWT (Wind &amp; Watertight) garantiza su total estanqueidad al viento y al agua, lo que lo hace ideal para su uso en tierra, aunque ya no est\u00e9 certificado para el transporte mar\u00edtimo internacional. Es un contenedor robusto, funcional y fiable, disponible en un elegante color azul.<\/p>\n<h3>Caracter\u00edsticas t\u00e9cnicas<\/h3>\n<ul>\n<li><strong>Tama\u00f1o:<\/strong> 20 pies (6,06 m de largo x 2,44 m de ancho x 2,59 m de alto)<\/li>\n<li><strong>Volumen interno:<\/strong> ~33 m\u00b3<\/li>\n<li><strong>Material:<\/strong> Acero corten altamente resistente a la corrosi\u00f3n<\/li>\n<li><strong>Estado:<\/strong> Clase B \/ WWT (estanco al viento y al agua)<\/li>\n<li><strong>Color:<\/strong> Azul<\/li>\n<li><strong>Marca:<\/strong> TAL Internacional<\/li>\n<li><strong>Piso:<\/strong> Madera tratada<\/li>\n<li><strong>Puertas:<\/strong> Doble con gomas de estanqueidad<\/li>\n<\/ul>\n<h3>Usos recomendados<\/h3>\n<ul>\n<li>Almacenamiento de mercanc\u00edas, herramientas o equipos<\/li>\n<li>Proyectos de transformaci\u00f3n en espacios comerciales o residenciales<\/li>\n<li>Construcci\u00f3n modular o soluciones temporales<\/li>\n<li>Transporte interno y log\u00edstica<\/li>\n<\/ul>\n<h3>Entrega flexible<\/h3>\n<p>Este <strong>contenedor usado de 20 pies<\/strong> puede entregarse en cualquier lugar de Portugal continental. El cliente elige el tipo de transporte que m\u00e1s le convenga:<\/p>\n<ul>\n<li><strong>Cami\u00f3n est\u00e1ndar<\/strong> - opci\u00f3n m\u00e1s barata<\/li>\n<li><strong>Cami\u00f3n gr\u00faa<\/strong> - para descarga directa in situ<\/li>\n<\/ul>\n<h3>\u00bfPor qu\u00e9 elegir Navicontainers?<\/h3>\n<p>Navicontainers est\u00e1 especializada en la venta de <strong>contenedores de transporte usados<\/strong>garantizando siempre calidad, fiabilidad y rapidez de entrega. Este <strong>contenedor usado de 20 pies<\/strong> a Clase B azul TAL International es una elecci\u00f3n inteligente para quienes buscan robustez a un precio competitivo.<\/p>","protected":false},"excerpt":{"rendered":"<p>Contenedor de transporte usado de 20 pies en excelentes condiciones Clase B (WWT). \ud83d\udce6 Fotos reales del producto.<br \/>\nEntrega calculada autom\u00e1ticamente \u2705 El cliente elige el tipo de cami\u00f3n: est\u00e1ndar o cami\u00f3n gr\u00faa.<\/p>","protected":false},"featured_media":29692,"comment_status":"open","ping_status":"closed","template":"","meta":{"_acf_changed":false},"product_brand":[],"product_cat":[96],"product_tag":[214],"class_list":{"0":"post-29691","1":"product","2":"type-product","3":"status-publish","4":"has-post-thumbnail","6":"product_cat-contentor-maritimo-20-pes","7":"product_tag-contentor-usado","9":"first","10":"instock","11":"featured","12":"taxable","13":"shipping-taxable","14":"purchasable","15":"product-type-simple"},"acf":[],"yoast_head":"<!-- This site is optimized with the Yoast SEO plugin v27.4 - https:\/\/yoast.com\/product\/yoast-seo-wordpress\/ -->\n<title>Contentor 20 p\u00e9s usado azul TAL International Classe B<\/title>\n<meta name=\"description\" content=\"Contentor 20 p\u00e9s usado azul TAL International Classe B. Venda direta, entrega r\u00e1pida e qualidade garantida pela Navicontainers.\" \/>\n<meta name=\"robots\" content=\"index, follow, max-snippet:-1, max-image-preview:large, max-video-preview:-1\" \/>\n<link rel=\"canonical\" href=\"https:\/\/www.navicontainers.com\/es\/tienda\/contenedor-20-pes\/contentor-20-pes-usado-azul-tal-international\/\" \/>\n<meta property=\"og:locale\" content=\"es_ES\" \/>\n<meta property=\"og:type\" content=\"article\" \/>\n<meta property=\"og:title\" content=\"Contentor 20 p\u00e9s usado azul TAL International Classe B\" \/>\n<meta property=\"og:description\" content=\"Contentor 20 p\u00e9s usado azul TAL International Classe B. Venda direta, entrega r\u00e1pida e qualidade garantida pela Navicontainers.\" \/>\n<meta property=\"og:url\" content=\"https:\/\/www.navicontainers.com\/es\/tienda\/contenedor-20-pes\/contentor-20-pes-usado-azul-tal-international\/\" \/>\n<meta property=\"og:site_name\" content=\"Navi Containers\" \/>\n<meta property=\"article:modified_time\" content=\"2025-12-24T12:41:20+00:00\" \/>\n<meta property=\"og:image\" content=\"https:\/\/www.navicontainers.com\/wp-content\/uploads\/2025\/09\/IMG_0579.webp\" \/>\n\t<meta property=\"og:image:width\" content=\"2048\" \/>\n\t<meta property=\"og:image:height\" content=\"1536\" \/>\n\t<meta property=\"og:image:type\" content=\"image\/webp\" \/>\n<meta name=\"twitter:card\" content=\"summary_large_image\" \/>\n<meta name=\"twitter:label1\" content=\"Precio\" \/>\n\t<meta name=\"twitter:data1\" content=\"900,00&nbsp;&euro;\" \/>\n\t<meta name=\"twitter:label2\" content=\"Disponibilidad\" \/>\n\t<meta name=\"twitter:data2\" content=\"Disponible\" \/>\n<meta property=\"product:price:amount\" content=\"900.00\" \/>\n<meta property=\"product:price:currency\" content=\"EUR\" \/>\n<meta property=\"og:availability\" content=\"instock\" \/>\n<meta property=\"product:availability\" content=\"instock\" \/>\n<meta property=\"product:retailer_item_id\" content=\"NC-STD-20-WWT-0925-TAL\" \/>\n<meta property=\"product:condition\" content=\"new\" \/>\n<!-- \/ Yoast SEO plugin. -->","yoast_head_json":{"title":"Contenedor azul usado de 20 pies TAL International Clase B","description":"Contentor 20 p\u00e9s usado azul TAL International Classe B. Venda direta, entrega r\u00e1pida e qualidade garantida pela Navicontainers.","robots":{"index":"index","follow":"follow","max-snippet":"max-snippet:-1","max-image-preview":"max-image-preview:large","max-video-preview":"max-video-preview:-1"},"canonical":"https:\/\/www.navicontainers.com\/es\/tienda\/contenedor-20-pes\/contentor-20-pes-usado-azul-tal-international\/","og_locale":"es_ES","og_type":"article","og_title":"Contentor 20 p\u00e9s usado azul TAL International Classe B","og_description":"Contentor 20 p\u00e9s usado azul TAL International Classe B. Venda direta, entrega r\u00e1pida e qualidade garantida pela Navicontainers.","og_url":"https:\/\/www.navicontainers.com\/es\/tienda\/contenedor-20-pes\/contentor-20-pes-usado-azul-tal-international\/","og_site_name":"Navi Containers","article_modified_time":"2025-12-24T12:41:20+00:00","og_image":[{"width":2048,"height":1536,"url":"https:\/\/www.navicontainers.com\/wp-content\/uploads\/2025\/09\/IMG_0579.webp","type":"image\/webp"}],"twitter_card":"summary_large_image","twitter_misc":{"Precio":"900,00&nbsp;&euro;","Disponibilidad":"Disponible"},"schema":{"@context":"https:\/\/schema.org","@graph":[{"@type":"WebPage","@id":"https:\/\/www.navicontainers.com\/shop\/contentor-maritimo-20-pes\/contentor-20-pes-usado-azul-tal-international\/","url":"https:\/\/www.navicontainers.com\/shop\/contentor-maritimo-20-pes\/contentor-20-pes-usado-azul-tal-international\/","name":"Contenedor azul usado de 20 pies TAL International Clase B","isPartOf":{"@id":"https:\/\/www.navicontainers.com\/#website"},"primaryImageOfPage":{"@id":"https:\/\/www.navicontainers.com\/shop\/contentor-maritimo-20-pes\/contentor-20-pes-usado-azul-tal-international\/#primaryimage"},"image":{"@id":"https:\/\/www.navicontainers.com\/shop\/contentor-maritimo-20-pes\/contentor-20-pes-usado-azul-tal-international\/#primaryimage"},"thumbnailUrl":"https:\/\/www.navicontainers.com\/wp-content\/uploads\/2025\/09\/IMG_0579.webp","datePublished":"2025-09-19T20:52:45+00:00","dateModified":"2025-12-24T12:41:20+00:00","description":"Contentor 20 p\u00e9s usado azul TAL International Classe B. Venda direta, entrega r\u00e1pida e qualidade garantida pela Navicontainers.","breadcrumb":{"@id":"https:\/\/www.navicontainers.com\/shop\/contentor-maritimo-20-pes\/contentor-20-pes-usado-azul-tal-international\/#breadcrumb"},"inLanguage":"es","potentialAction":[{"@type":"ReadAction","target":["https:\/\/www.navicontainers.com\/shop\/contentor-maritimo-20-pes\/contentor-20-pes-usado-azul-tal-international\/"]}]},{"@type":"ImageObject","inLanguage":"es","@id":"https:\/\/www.navicontainers.com\/shop\/contentor-maritimo-20-pes\/contentor-20-pes-usado-azul-tal-international\/#primaryimage","url":"https:\/\/www.navicontainers.com\/wp-content\/uploads\/2025\/09\/IMG_0579.webp","contentUrl":"https:\/\/www.navicontainers.com\/wp-content\/uploads\/2025\/09\/IMG_0579.webp","width":2048,"height":1536,"caption":"Contentor 20 p\u00e9s usado azul TAL International Classe B frente"},{"@type":"BreadcrumbList","@id":"https:\/\/www.navicontainers.com\/shop\/contentor-maritimo-20-pes\/contentor-20-pes-usado-azul-tal-international\/#breadcrumb","itemListElement":[{"@type":"ListItem","position":1,"name":"Accueil","item":"https:\/\/www.navicontainers.com\/"},{"@type":"ListItem","position":2,"name":"Parque","item":"https:\/\/www.navicontainers.com\/parque\/"},{"@type":"ListItem","position":3,"name":"Contentor 20 p\u00e9s usado azul TAL International Classe B"}]},{"@type":"WebSite","@id":"https:\/\/www.navicontainers.com\/#website","url":"https:\/\/www.navicontainers.com\/","name":"Contenedores Navi","description":"Soluciones de contenedores con confianza y rapidez. Todos los derechos reservados.","potentialAction":[{"@type":"SearchAction","target":{"@type":"EntryPoint","urlTemplate":"https:\/\/www.navicontainers.com\/?s={search_term_string}"},"query-input":{"@type":"PropertyValueSpecification","valueRequired":true,"valueName":"search_term_string"}}],"inLanguage":"es"}]},"product_price_amount":"900.00","product_price_currency":"EUR","og_availability":"instock","product_availability":"instock","product_retailer_item_id":"NC-STD-20-WWT-0925-TAL","product_condition":"new"},"_links":{"self":[{"href":"https:\/\/www.navicontainers.com\/es\/wp-json\/wp\/v2\/product\/29691","targetHints":{"allow":["GET"]}}],"collection":[{"href":"https:\/\/www.navicontainers.com\/es\/wp-json\/wp\/v2\/product"}],"about":[{"href":"https:\/\/www.navicontainers.com\/es\/wp-json\/wp\/v2\/types\/product"}],"replies":[{"embeddable":true,"href":"https:\/\/www.navicontainers.com\/es\/wp-json\/wp\/v2\/comments?post=29691"}],"version-history":[{"count":2,"href":"https:\/\/www.navicontainers.com\/es\/wp-json\/wp\/v2\/product\/29691\/revisions"}],"predecessor-version":[{"id":29997,"href":"https:\/\/www.navicontainers.com\/es\/wp-json\/wp\/v2\/product\/29691\/revisions\/29997"}],"wp:featuredmedia":[{"embeddable":true,"href":"https:\/\/www.navicontainers.com\/es\/wp-json\/wp\/v2\/media\/29692"}],"wp:attachment":[{"href":"https:\/\/www.navicontainers.com\/es\/wp-json\/wp\/v2\/media?parent=29691"}],"wp:term":[{"taxonomy":"product_brand","embeddable":true,"href":"https:\/\/www.navicontainers.com\/es\/wp-json\/wp\/v2\/product_brand?post=29691"},{"taxonomy":"product_cat","embeddable":true,"href":"https:\/\/www.navicontainers.com\/es\/wp-json\/wp\/v2\/product_cat?post=29691"},{"taxonomy":"product_tag","embeddable":true,"href":"https:\/\/www.navicontainers.com\/es\/wp-json\/wp\/v2\/product_tag?post=29691"}],"curies":[{"name":"wp","href":"https:\/\/api.w.org\/{rel}","templated":true}]}}