{"id":29704,"date":"2025-09-19T21:12:36","date_gmt":"2025-09-19T21:12:36","guid":{"rendered":"https:\/\/www.navicontainers.com\/?post_type=product&#038;p=29704"},"modified":"2025-12-24T12:38:21","modified_gmt":"2025-12-24T12:38:21","slug":"contentor-20-pes-usado-azul-geseaco","status":"publish","type":"product","link":"https:\/\/www.navicontainers.com\/es\/tienda\/contenedor-20-pes\/contentor-20-pes-usado-azul-geseaco\/","title":{"rendered":"Contenedor azul usado Geseaco Clase B de 20 pies"},"content":{"rendered":"<h2><span dir=\"auto\" style=\"vertical-align: inherit;\"><span dir=\"auto\" style=\"vertical-align: inherit;\">Conteneur Geseaco bleu de 20 pieds utilis\u00e9<\/span><\/span><\/h2>\n<p><span dir=\"auto\" style=\"vertical-align: inherit;\"><span dir=\"auto\" style=\"vertical-align: inherit;\">Ce <\/span><\/span><strong><span dir=\"auto\" style=\"vertical-align: inherit;\"><span dir=\"auto\" style=\"vertical-align: inherit;\">conteneur de 20 pieds d&#8217;occasion<\/span><\/span><\/strong><span dir=\"auto\" style=\"vertical-align: inherit;\"><span dir=\"auto\" style=\"vertical-align: inherit;\"> de Geseaco est une solution \u00e9conomique, pratique et fiable pour ceux qui recherchent de l&#8217;espace de stockage ou qui envisagent des projets de transformation. Class\u00e9 <\/span><\/span><strong><span dir=\"auto\" style=\"vertical-align: inherit;\"><span dir=\"auto\" style=\"vertical-align: inherit;\">B\/WWT (\u00e9tanche \u00e0 l&#8217;air et \u00e0 l&#8217;eau)<\/span><\/span><\/strong><span dir=\"auto\" style=\"vertical-align: inherit;\"><span dir=\"auto\" style=\"vertical-align: inherit;\"> , il garantit une \u00e9tanch\u00e9it\u00e9 totale, ce qui le rend id\u00e9al pour une utilisation terrestre m\u00eame s&#8217;il n&#8217;est plus certifi\u00e9 pour le transport maritime international.<\/span><\/span><\/p>\n<h3><span dir=\"auto\" style=\"vertical-align: inherit;\"><span dir=\"auto\" style=\"vertical-align: inherit;\">Caracter\u00edsticas t\u00e9cnicas<\/span><\/span><\/h3>\n<ul>\n<li><strong><span dir=\"auto\" style=\"vertical-align: inherit;\"><span dir=\"auto\" style=\"vertical-align: inherit;\">Dimensions :<\/span><\/span><\/strong><span dir=\"auto\" style=\"vertical-align: inherit;\"><span dir=\"auto\" style=\"vertical-align: inherit;\"> 20 pieds (6,06 m de long x 2,44 m de large x 2,59 m de haut)<\/span><\/span><\/li>\n<li><strong><span dir=\"auto\" style=\"vertical-align: inherit;\"><span dir=\"auto\" style=\"vertical-align: inherit;\">Volume interne :<\/span><\/span><\/strong><span dir=\"auto\" style=\"vertical-align: inherit;\"><span dir=\"auto\" style=\"vertical-align: inherit;\"> ~33 m\u00b3<\/span><\/span><\/li>\n<li><strong><span dir=\"auto\" style=\"vertical-align: inherit;\"><span dir=\"auto\" style=\"vertical-align: inherit;\">Mat\u00e9riau :<\/span><\/span><\/strong><span dir=\"auto\" style=\"vertical-align: inherit;\"><span dir=\"auto\" style=\"vertical-align: inherit;\"> Acier Corten r\u00e9sistant \u00e0 la corrosion<\/span><\/span><\/li>\n<li><strong><span dir=\"auto\" style=\"vertical-align: inherit;\"><span dir=\"auto\" style=\"vertical-align: inherit;\">\u00c9tat :<\/span><\/span><\/strong><span dir=\"auto\" style=\"vertical-align: inherit;\"><span dir=\"auto\" style=\"vertical-align: inherit;\"> Classe B \/ WWT (\u00e9tanche \u00e0 l&#8217;air et \u00e0 l&#8217;eau)<\/span><\/span><\/li>\n<li><strong><span dir=\"auto\" style=\"vertical-align: inherit;\"><span dir=\"auto\" style=\"vertical-align: inherit;\">Couleur :<\/span><\/span><\/strong><span dir=\"auto\" style=\"vertical-align: inherit;\"><span dir=\"auto\" style=\"vertical-align: inherit;\"> Bleu<\/span><\/span><\/li>\n<li><strong><span dir=\"auto\" style=\"vertical-align: inherit;\"><span dir=\"auto\" style=\"vertical-align: inherit;\">Marque :<\/span><\/span><\/strong><span dir=\"auto\" style=\"vertical-align: inherit;\"><span dir=\"auto\" style=\"vertical-align: inherit;\"> Geseaco<\/span><\/span><\/li>\n<li><strong><span dir=\"auto\" style=\"vertical-align: inherit;\"><span dir=\"auto\" style=\"vertical-align: inherit;\">Rev\u00eatement de sol :<\/span><\/span><\/strong><span dir=\"auto\" style=\"vertical-align: inherit;\"><span dir=\"auto\" style=\"vertical-align: inherit;\"> Bois trait\u00e9<\/span><\/span><\/li>\n<li><strong><span dir=\"auto\" style=\"vertical-align: inherit;\"><span dir=\"auto\" style=\"vertical-align: inherit;\">Portes :<\/span><\/span><\/strong><span dir=\"auto\" style=\"vertical-align: inherit;\"><span dir=\"auto\" style=\"vertical-align: inherit;\"> Portes doubles avec joint en caoutchouc.<\/span><\/span><\/li>\n<\/ul>\n<h3><span dir=\"auto\" style=\"vertical-align: inherit;\"><span dir=\"auto\" style=\"vertical-align: inherit;\">Utilisations recommand\u00e9es<\/span><\/span><\/h3>\n<ul>\n<li><span dir=\"auto\" style=\"vertical-align: inherit;\"><span dir=\"auto\" style=\"vertical-align: inherit;\">Stockage de mat\u00e9riaux, de marchandises ou d&#8217;\u00e9quipements<\/span><\/span><\/li>\n<li><span dir=\"auto\" style=\"vertical-align: inherit;\"><span dir=\"auto\" style=\"vertical-align: inherit;\">Transformation en bureaux, kiosques ou projets de logements.<\/span><\/span><\/li>\n<li><span dir=\"auto\" style=\"vertical-align: inherit;\"><span dir=\"auto\" style=\"vertical-align: inherit;\">Solutions logistiques et transport interne<\/span><\/span><\/li>\n<li><span dir=\"auto\" style=\"vertical-align: inherit;\"><span dir=\"auto\" style=\"vertical-align: inherit;\">Constructions modulaires ou solutions temporaires<\/span><\/span><\/li>\n<\/ul>\n<h3><span dir=\"auto\" style=\"vertical-align: inherit;\"><span dir=\"auto\" style=\"vertical-align: inherit;\">Livraison nationale<\/span><\/span><\/h3>\n<p><span dir=\"auto\" style=\"vertical-align: inherit;\"><span dir=\"auto\" style=\"vertical-align: inherit;\">Navicontainers livre ce <\/span><\/span><strong><span dir=\"auto\" style=\"vertical-align: inherit;\"><span dir=\"auto\" style=\"vertical-align: inherit;\">conteneur d&#8217;occasion de 20 pieds<\/span><\/span><\/strong><span dir=\"auto\" style=\"vertical-align: inherit;\"><span dir=\"auto\" style=\"vertical-align: inherit;\"> partout au Portugal continental. Vous avez le choix entre\u00a0:<\/span><\/span><\/p>\n<ul>\n<li><strong><span dir=\"auto\" style=\"vertical-align: inherit;\"><span dir=\"auto\" style=\"vertical-align: inherit;\">Camion standard<\/span><\/span><\/strong><span dir=\"auto\" style=\"vertical-align: inherit;\"><span dir=\"auto\" style=\"vertical-align: inherit;\"> \u2013 la solution la plus \u00e9conomique<\/span><\/span><\/li>\n<li><strong><span dir=\"auto\" style=\"vertical-align: inherit;\"><span dir=\"auto\" style=\"vertical-align: inherit;\">Camion-grue<\/span><\/span><\/strong><span dir=\"auto\" style=\"vertical-align: inherit;\"><span dir=\"auto\" style=\"vertical-align: inherit;\"> \u2013 d\u00e9chargement direct sur site<\/span><\/span><\/li>\n<\/ul>\n<p><span dir=\"auto\" style=\"vertical-align: inherit;\"><span dir=\"auto\" style=\"vertical-align: inherit;\">Les <\/span><\/span><a href=\"https:\/\/navicontainers.com\/taxa-de-entrega\/\" target=\"_blank\" rel=\"noopener\"><span dir=\"auto\" style=\"vertical-align: inherit;\"><span dir=\"auto\" style=\"vertical-align: inherit;\">frais de livraison<\/span><\/span><\/a><span dir=\"auto\" style=\"vertical-align: inherit;\"><span dir=\"auto\" style=\"vertical-align: inherit;\"> sont calcul\u00e9s automatiquement lors du paiement, garantissant une transparence totale.<\/span><\/span><\/p>\n<h3><span dir=\"auto\" style=\"vertical-align: inherit;\"><span dir=\"auto\" style=\"vertical-align: inherit;\">Pourquoi Navicontainers ?<\/span><\/span><\/h3>\n<p><span dir=\"auto\" style=\"vertical-align: inherit;\"><span dir=\"auto\" style=\"vertical-align: inherit;\">Chez Navicontainers, nous travaillons exclusivement avec <\/span><\/span><strong><span dir=\"auto\" style=\"vertical-align: inherit;\"><span dir=\"auto\" style=\"vertical-align: inherit;\">des conteneurs maritimes d&#8217;occasion<\/span><\/span><\/strong><span dir=\"auto\" style=\"vertical-align: inherit;\"><span dir=\"auto\" style=\"vertical-align: inherit;\"> de haute qualit\u00e9 . Ce conteneur <\/span><\/span><strong><span dir=\"auto\" style=\"vertical-align: inherit;\"><span dir=\"auto\" style=\"vertical-align: inherit;\">bleu Geseaco<\/span><\/span><\/strong><span dir=\"auto\" style=\"vertical-align: inherit;\"><span dir=\"auto\" style=\"vertical-align: inherit;\"> de classe B de 20 pieds est le choix id\u00e9al pour ceux qui recherchent durabilit\u00e9, polyvalence et un prix comp\u00e9titif, avec la garantie d&#8217;un partenaire sp\u00e9cialis\u00e9.<\/span><\/span><\/p>","protected":false},"excerpt":{"rendered":"<p><span dir=\"auto\" style=\"vertical-align: inherit;\"><span dir=\"auto\" style=\"vertical-align: inherit;\">Conteneur maritime d&#8217;occasion de 20 pieds, classe B (WWT), bleu, marque Geseaco. \ud83d\udce6 Photos r\u00e9elles du produit. <\/span><\/span><br \/>\n<span dir=\"auto\" style=\"vertical-align: inherit;\"><span dir=\"auto\" style=\"vertical-align: inherit;\">Livraison calcul\u00e9e automatiquement \u2705 Le client choisit\u00a0: camion standard ou camion-grue. <\/span><\/span><br \/>\n<a href=\"https:\/\/navicontainers.com\/taxa-de-entrega\/\" target=\"_blank\" rel=\"noopener\"><span dir=\"auto\" style=\"vertical-align: inherit;\"><span dir=\"auto\" style=\"vertical-align: inherit;\">Frais de livraison \u00e0 consulter.<\/span><\/span><\/a><\/p>","protected":false},"featured_media":29705,"comment_status":"open","ping_status":"closed","template":"","meta":{"_acf_changed":false},"product_brand":[],"product_cat":[96],"product_tag":[214],"class_list":{"0":"post-29704","1":"product","2":"type-product","3":"status-publish","4":"has-post-thumbnail","6":"product_cat-contentor-maritimo-20-pes","7":"product_tag-contentor-usado","9":"first","10":"instock","11":"featured","12":"taxable","13":"shipping-taxable","14":"purchasable","15":"product-type-simple"},"acf":[],"yoast_head":"<!-- This site is optimized with the Yoast SEO plugin v27.4 - https:\/\/yoast.com\/product\/yoast-seo-wordpress\/ -->\n<title>Contentor 20 p\u00e9s usado azul Geseaco Classe B - Navi Containers<\/title>\n<meta name=\"description\" content=\"Contentor 20 p\u00e9s usado azul Geseaco Classe B. Venda direta, qualidade garantida e entrega r\u00e1pida em todo Portugal pela Navicontainers. \ud83d\ude9a\" \/>\n<meta name=\"robots\" content=\"index, follow, max-snippet:-1, max-image-preview:large, max-video-preview:-1\" \/>\n<link rel=\"canonical\" href=\"https:\/\/www.navicontainers.com\/es\/tienda\/contenedor-20-pes\/contentor-20-pes-usado-azul-geseaco\/\" \/>\n<meta property=\"og:locale\" content=\"es_ES\" \/>\n<meta property=\"og:type\" content=\"article\" \/>\n<meta property=\"og:title\" content=\"Contentor 20 p\u00e9s usado azul Geseaco Classe B - Navi Containers\" \/>\n<meta property=\"og:description\" content=\"Contentor 20 p\u00e9s usado azul Geseaco Classe B. Venda direta, qualidade garantida e entrega r\u00e1pida em todo Portugal pela Navicontainers. \ud83d\ude9a\" \/>\n<meta property=\"og:url\" content=\"https:\/\/www.navicontainers.com\/es\/tienda\/contenedor-20-pes\/contentor-20-pes-usado-azul-geseaco\/\" \/>\n<meta property=\"og:site_name\" content=\"Navi Containers\" \/>\n<meta property=\"article:modified_time\" content=\"2025-12-24T12:38:21+00:00\" \/>\n<meta property=\"og:image\" content=\"https:\/\/www.navicontainers.com\/wp-content\/uploads\/2025\/09\/IMG_2001.webp\" \/>\n\t<meta property=\"og:image:width\" content=\"2048\" \/>\n\t<meta property=\"og:image:height\" content=\"1536\" \/>\n\t<meta property=\"og:image:type\" content=\"image\/webp\" \/>\n<meta name=\"twitter:card\" content=\"summary_large_image\" \/>\n<meta name=\"twitter:label1\" content=\"Precio\" \/>\n\t<meta name=\"twitter:data1\" content=\"900,00&nbsp;&euro;\" \/>\n\t<meta name=\"twitter:label2\" content=\"Disponibilidad\" \/>\n\t<meta name=\"twitter:data2\" content=\"Disponible\" \/>\n<meta property=\"product:price:amount\" content=\"900.00\" \/>\n<meta property=\"product:price:currency\" content=\"EUR\" \/>\n<meta property=\"og:availability\" content=\"instock\" \/>\n<meta property=\"product:availability\" content=\"instock\" \/>\n<meta property=\"product:retailer_item_id\" content=\"NC-STD-20-WWT-0925-GESEACO\" \/>\n<meta property=\"product:condition\" content=\"new\" \/>\n<!-- \/ Yoast SEO plugin. -->","yoast_head_json":{"title":"Contentor 20 p\u00e9s usado azul Geseaco Classe B - Navi Containers","description":"Contentor 20 p\u00e9s usado azul Geseaco Classe B. Venda direta, qualidade garantida e entrega r\u00e1pida em todo Portugal pela Navicontainers. \ud83d\ude9a","robots":{"index":"index","follow":"follow","max-snippet":"max-snippet:-1","max-image-preview":"max-image-preview:large","max-video-preview":"max-video-preview:-1"},"canonical":"https:\/\/www.navicontainers.com\/es\/tienda\/contenedor-20-pes\/contentor-20-pes-usado-azul-geseaco\/","og_locale":"es_ES","og_type":"article","og_title":"Contentor 20 p\u00e9s usado azul Geseaco Classe B - Navi Containers","og_description":"Contentor 20 p\u00e9s usado azul Geseaco Classe B. Venda direta, qualidade garantida e entrega r\u00e1pida em todo Portugal pela Navicontainers. \ud83d\ude9a","og_url":"https:\/\/www.navicontainers.com\/es\/tienda\/contenedor-20-pes\/contentor-20-pes-usado-azul-geseaco\/","og_site_name":"Navi Containers","article_modified_time":"2025-12-24T12:38:21+00:00","og_image":[{"width":2048,"height":1536,"url":"https:\/\/www.navicontainers.com\/wp-content\/uploads\/2025\/09\/IMG_2001.webp","type":"image\/webp"}],"twitter_card":"summary_large_image","twitter_misc":{"Precio":"900,00&nbsp;&euro;","Disponibilidad":"Disponible"},"schema":{"@context":"https:\/\/schema.org","@graph":[{"@type":"WebPage","@id":"https:\/\/www.navicontainers.com\/shop\/contentor-maritimo-20-pes\/contentor-20-pes-usado-azul-geseaco\/","url":"https:\/\/www.navicontainers.com\/shop\/contentor-maritimo-20-pes\/contentor-20-pes-usado-azul-geseaco\/","name":"Contentor 20 p\u00e9s usado azul Geseaco Classe B - Navi Containers","isPartOf":{"@id":"https:\/\/www.navicontainers.com\/#website"},"primaryImageOfPage":{"@id":"https:\/\/www.navicontainers.com\/shop\/contentor-maritimo-20-pes\/contentor-20-pes-usado-azul-geseaco\/#primaryimage"},"image":{"@id":"https:\/\/www.navicontainers.com\/shop\/contentor-maritimo-20-pes\/contentor-20-pes-usado-azul-geseaco\/#primaryimage"},"thumbnailUrl":"https:\/\/www.navicontainers.com\/wp-content\/uploads\/2025\/09\/IMG_2001.webp","datePublished":"2025-09-19T21:12:36+00:00","dateModified":"2025-12-24T12:38:21+00:00","description":"Contentor 20 p\u00e9s usado azul Geseaco Classe B. Venda direta, qualidade garantida e entrega r\u00e1pida em todo Portugal pela Navicontainers. \ud83d\ude9a","breadcrumb":{"@id":"https:\/\/www.navicontainers.com\/shop\/contentor-maritimo-20-pes\/contentor-20-pes-usado-azul-geseaco\/#breadcrumb"},"inLanguage":"es","potentialAction":[{"@type":"ReadAction","target":["https:\/\/www.navicontainers.com\/shop\/contentor-maritimo-20-pes\/contentor-20-pes-usado-azul-geseaco\/"]}]},{"@type":"ImageObject","inLanguage":"es","@id":"https:\/\/www.navicontainers.com\/shop\/contentor-maritimo-20-pes\/contentor-20-pes-usado-azul-geseaco\/#primaryimage","url":"https:\/\/www.navicontainers.com\/wp-content\/uploads\/2025\/09\/IMG_2001.webp","contentUrl":"https:\/\/www.navicontainers.com\/wp-content\/uploads\/2025\/09\/IMG_2001.webp","width":2048,"height":1536,"caption":"Contentor 20 p\u00e9s usado azul Geseaco Classe B frente"},{"@type":"BreadcrumbList","@id":"https:\/\/www.navicontainers.com\/shop\/contentor-maritimo-20-pes\/contentor-20-pes-usado-azul-geseaco\/#breadcrumb","itemListElement":[{"@type":"ListItem","position":1,"name":"Accueil","item":"https:\/\/www.navicontainers.com\/"},{"@type":"ListItem","position":2,"name":"Parque","item":"https:\/\/www.navicontainers.com\/parque\/"},{"@type":"ListItem","position":3,"name":"Contentor 20 p\u00e9s usado azul Geseaco Classe B"}]},{"@type":"WebSite","@id":"https:\/\/www.navicontainers.com\/#website","url":"https:\/\/www.navicontainers.com\/","name":"Contenedores Navi","description":"Soluciones de contenedores con confianza y rapidez. Todos los derechos reservados.","potentialAction":[{"@type":"SearchAction","target":{"@type":"EntryPoint","urlTemplate":"https:\/\/www.navicontainers.com\/?s={search_term_string}"},"query-input":{"@type":"PropertyValueSpecification","valueRequired":true,"valueName":"search_term_string"}}],"inLanguage":"es"}]},"product_price_amount":"900.00","product_price_currency":"EUR","og_availability":"instock","product_availability":"instock","product_retailer_item_id":"NC-STD-20-WWT-0925-GESEACO","product_condition":"new"},"_links":{"self":[{"href":"https:\/\/www.navicontainers.com\/es\/wp-json\/wp\/v2\/product\/29704","targetHints":{"allow":["GET"]}}],"collection":[{"href":"https:\/\/www.navicontainers.com\/es\/wp-json\/wp\/v2\/product"}],"about":[{"href":"https:\/\/www.navicontainers.com\/es\/wp-json\/wp\/v2\/types\/product"}],"replies":[{"embeddable":true,"href":"https:\/\/www.navicontainers.com\/es\/wp-json\/wp\/v2\/comments?post=29704"}],"version-history":[{"count":3,"href":"https:\/\/www.navicontainers.com\/es\/wp-json\/wp\/v2\/product\/29704\/revisions"}],"predecessor-version":[{"id":29992,"href":"https:\/\/www.navicontainers.com\/es\/wp-json\/wp\/v2\/product\/29704\/revisions\/29992"}],"wp:featuredmedia":[{"embeddable":true,"href":"https:\/\/www.navicontainers.com\/es\/wp-json\/wp\/v2\/media\/29705"}],"wp:attachment":[{"href":"https:\/\/www.navicontainers.com\/es\/wp-json\/wp\/v2\/media?parent=29704"}],"wp:term":[{"taxonomy":"product_brand","embeddable":true,"href":"https:\/\/www.navicontainers.com\/es\/wp-json\/wp\/v2\/product_brand?post=29704"},{"taxonomy":"product_cat","embeddable":true,"href":"https:\/\/www.navicontainers.com\/es\/wp-json\/wp\/v2\/product_cat?post=29704"},{"taxonomy":"product_tag","embeddable":true,"href":"https:\/\/www.navicontainers.com\/es\/wp-json\/wp\/v2\/product_tag?post=29704"}],"curies":[{"name":"wp","href":"https:\/\/api.w.org\/{rel}","templated":true}]}}