{"id":3802,"date":"2025-08-23T09:19:40","date_gmt":"2025-08-23T09:19:40","guid":{"rendered":"https:\/\/monteirocontentores.com\/?post_type=product&#038;p=3802"},"modified":"2025-08-23T11:38:04","modified_gmt":"2025-08-23T11:38:04","slug":"contentor-dry-40-pes","status":"publish","type":"product","link":"https:\/\/www.navicontainers.com\/es\/tienda\/contenedor-de-transporte\/contentor-dry-40-pes\/","title":{"rendered":"Contenedor seco de 40 pies"},"content":{"rendered":"<h2><span dir=\"auto\" style=\"vertical-align: inherit;\"><span dir=\"auto\" style=\"vertical-align: inherit;\">Contenedor seco de 40 pies<\/span><\/span><\/h2>\n<p><strong><span dir=\"auto\" style=\"vertical-align: inherit;\"><span dir=\"auto\" style=\"vertical-align: inherit;\">Referencia del producto :<\/span><\/span><\/strong><span dir=\"auto\" style=\"vertical-align: inherit;\"><span dir=\"auto\" style=\"vertical-align: inherit;\"> CONTENEDOR_SECO_40_PIES <\/span><\/span><br \/>\n<strong><span dir=\"auto\" style=\"vertical-align: inherit;\"><span dir=\"auto\" style=\"vertical-align: inherit;\">De : <\/span><\/span><\/strong> <span style=\"color: #0073aa;\"><strong><span dir=\"auto\" style=\"vertical-align: inherit;\"><span dir=\"auto\" style=\"vertical-align: inherit;\">1400\u20ac<\/span><\/span><\/strong><\/span><br \/>\n<em><span dir=\"auto\" style=\"vertical-align: inherit;\"><span dir=\"auto\" style=\"vertical-align: inherit;\"> Versi\u00f3n disponible <\/span><\/span><strong><span dir=\"auto\" style=\"vertical-align: inherit;\"><span dir=\"auto\" style=\"vertical-align: inherit;\">neuve<\/span><\/span><\/strong><span dir=\"auto\" style=\"vertical-align: inherit;\"><span dir=\"auto\" style=\"vertical-align: inherit;\"> o <\/span><\/span><strong><span dir=\"auto\" style=\"vertical-align: inherit;\"><span dir=\"auto\" style=\"vertical-align: inherit;\">en ocasiones<\/span><\/span><\/strong><\/em><\/p>\n<hr \/>\n<h3>\ud83d\udce6<span dir=\"auto\" style=\"vertical-align: inherit;\"><span dir=\"auto\" style=\"vertical-align: inherit;\">\u00bfQu\u00e9 podemos esperar de un nuevo contenedor seco de 40 pies?<\/span><\/span><\/h3>\n<p><span dir=\"auto\" style=\"vertical-align: inherit;\"><span dir=\"auto\" style=\"vertical-align: inherit;\">Le <\/span><\/span><strong><span dir=\"auto\" style=\"vertical-align: inherit;\"><span dir=\"auto\" style=\"vertical-align: inherit;\">nuevo contenedor seco de 40 pies<\/span><\/span><\/strong><span dir=\"auto\" style=\"vertical-align: inherit;\"><span dir=\"auto\" style=\"vertical-align: inherit;\"> es una soluci\u00f3n log\u00edstica fiable y robusta. Dise\u00f1ada para satisfacer los exigentes requisitos de almacenamiento, transporte o transformaci\u00f3n modular, es ideal para sus proyectos profesionales gracias a su construcci\u00f3n en acero corten, su perfecta estabilidad y su dise\u00f1o conforme a las normas ISO.<\/span><\/span><\/p>\n<hr \/>\n<h3>\ud83d\udcd0<span dir=\"auto\" style=\"vertical-align: inherit;\"><span dir=\"auto\" style=\"vertical-align: inherit;\">Dimensiones est\u00e1ndar<\/span><\/span><\/h3>\n<ul>\n<li><strong><span dir=\"auto\" style=\"vertical-align: inherit;\"><span dir=\"auto\" style=\"vertical-align: inherit;\">Dimensiones exteriores :<\/span><\/span><\/strong><span dir=\"auto\" style=\"vertical-align: inherit;\"><span dir=\"auto\" style=\"vertical-align: inherit;\"> 12,19 x 2,44 x 2,59 m<\/span><\/span><\/li>\n<li><strong><span dir=\"auto\" style=\"vertical-align: inherit;\"><span dir=\"auto\" style=\"vertical-align: inherit;\">Dimensiones internas :<\/span><\/span><\/strong><span dir=\"auto\" style=\"vertical-align: inherit;\"><span dir=\"auto\" style=\"vertical-align: inherit;\"> 12,03 x 2,35 x 2,39 m<\/span><\/span><\/li>\n<li><strong><span dir=\"auto\" style=\"vertical-align: inherit;\"><span dir=\"auto\" style=\"vertical-align: inherit;\">Volumen \u00fatil :<\/span><\/span><\/strong><span dir=\"auto\" style=\"vertical-align: inherit;\"><span dir=\"auto\" style=\"vertical-align: inherit;\"> 67,8 m\u00b3<\/span><\/span><\/li>\n<li><strong><span dir=\"auto\" style=\"vertical-align: inherit;\"><span dir=\"auto\" style=\"vertical-align: inherit;\">Superficie interior :<\/span><\/span><\/strong><span dir=\"auto\" style=\"vertical-align: inherit;\"><span dir=\"auto\" style=\"vertical-align: inherit;\"> 28,3 m\u00b2<\/span><\/span><\/li>\n<li><strong><span dir=\"auto\" style=\"vertical-align: inherit;\"><span dir=\"auto\" style=\"vertical-align: inherit;\">Dimensiones de transporte :<\/span><\/span><\/strong><span dir=\"auto\" style=\"vertical-align: inherit;\"><span dir=\"auto\" style=\"vertical-align: inherit;\"> 2,34 x 2,28 metros<\/span><\/span><\/li>\n<\/ul>\n<hr \/>\n<h3>\ud83e\uddf1<span dir=\"auto\" style=\"vertical-align: inherit;\"><span dir=\"auto\" style=\"vertical-align: inherit;\">Caracter\u00edsticas t\u00e9cnicas<\/span><\/span><\/h3>\n<ul>\n<li><span dir=\"auto\" style=\"vertical-align: inherit;\"><span dir=\"auto\" style=\"vertical-align: inherit;\">Estructura de acero corten<\/span><\/span><\/li>\n<li><span dir=\"auto\" style=\"vertical-align: inherit;\"><span dir=\"auto\" style=\"vertical-align: inherit;\">Parquet marino de 28 mm<\/span><\/span><\/li>\n<li><span dir=\"auto\" style=\"vertical-align: inherit;\"><span dir=\"auto\" style=\"vertical-align: inherit;\">Puertas de doble batiente con apertura de 270<\/span><\/span><\/li>\n<li><span dir=\"auto\" style=\"vertical-align: inherit;\"><span dir=\"auto\" style=\"vertical-align: inherit;\">Ventilaci\u00f3n pasiva (de 2 a 4 aberturas)<\/span><\/span><\/li>\n<li><span dir=\"auto\" style=\"vertical-align: inherit;\"><span dir=\"auto\" style=\"vertical-align: inherit;\">Monedas ISO 1161 para apilar y levantar con seguridad<\/span><\/span><\/li>\n<li><span dir=\"auto\" style=\"vertical-align: inherit;\"><span dir=\"auto\" style=\"vertical-align: inherit;\">Certificaci\u00f3n ISO 6346 y CSC (previa solicitud)<\/span><\/span><\/li>\n<\/ul>\n<hr \/>\n<h3>\ud83d\udd12<span dir=\"auto\" style=\"vertical-align: inherit;\"><span dir=\"auto\" style=\"vertical-align: inherit;\">Seguridad y cumplimiento<\/span><\/span><\/h3>\n<ul>\n<li><span dir=\"auto\" style=\"vertical-align: inherit;\"><span dir=\"auto\" style=\"vertical-align: inherit;\">Opciones de acero reforzado y antideslumbrante<\/span><\/span><\/li>\n<li><span dir=\"auto\" style=\"vertical-align: inherit;\"><span dir=\"auto\" style=\"vertical-align: inherit;\">\u00c9tanch\u00e9it\u00e9 \u00e0 l'eau, \u00e0 l'air et \u00e0 la lumi\u00e8re<\/span><\/span><\/li>\n<li><span dir=\"auto\" style=\"vertical-align: inherit;\"><span dir=\"auto\" style=\"vertical-align: inherit;\">Disponible con certificaci\u00f3n CSC para el transporte internacional<\/span><\/span><\/li>\n<\/ul>\n<hr \/>\n<h3>\ud83d\ude9b<span dir=\"auto\" style=\"vertical-align: inherit;\"><span dir=\"auto\" style=\"vertical-align: inherit;\">Courant utilisations<\/span><\/span><\/h3>\n<ul>\n<li><span dir=\"auto\" style=\"vertical-align: inherit;\"><span dir=\"auto\" style=\"vertical-align: inherit;\">Almacenamiento en obras de construcci\u00f3n, emplazamientos navales, emplazamientos industriales<\/span><\/span><\/li>\n<li><span dir=\"auto\" style=\"vertical-align: inherit;\"><span dir=\"auto\" style=\"vertical-align: inherit;\">Transporte mar\u00edtimo, ferroviario o por carretera<\/span><\/span><\/li>\n<li><span dir=\"auto\" style=\"vertical-align: inherit;\"><span dir=\"auto\" style=\"vertical-align: inherit;\">Transformaci\u00f3n en m\u00f3dulo (bureau, atelier, logement, etc.)<\/span><\/span><\/li>\n<\/ul>\n<hr \/>\n<h3>\ud83c\udfa8<span dir=\"auto\" style=\"vertical-align: inherit;\"><span dir=\"auto\" style=\"vertical-align: inherit;\">Personalizaci\u00f3n del peque\u00f1o presupuesto<\/span><\/span><\/h3>\n<ul>\n<li><span dir=\"auto\" style=\"vertical-align: inherit;\"><span dir=\"auto\" style=\"vertical-align: inherit;\">Pintura exterior sobre mesure<\/span><\/span><\/li>\n<li><span dir=\"auto\" style=\"vertical-align: inherit;\"><span dir=\"auto\" style=\"vertical-align: inherit;\">Rejillas de ventilaci\u00f3n, puertas laterales, rejillas de ventilaci\u00f3n<\/span><\/span><\/li>\n<li><span dir=\"auto\" style=\"vertical-align: inherit;\"><span dir=\"auto\" style=\"vertical-align: inherit;\">Aislamiento, cloisons, electricidad, iluminaci\u00f3n LED<\/span><\/span><\/li>\n<\/ul>\n<hr \/>\n<h3>\ud83d\udce6<span dir=\"auto\" style=\"vertical-align: inherit;\"><span dir=\"auto\" style=\"vertical-align: inherit;\">Pa\u00edses disponibles<\/span><\/span><\/h3>\n<ul>\n<li><strong><span dir=\"auto\" style=\"vertical-align: inherit;\"><span dir=\"auto\" style=\"vertical-align: inherit;\">Neuf :<\/span><\/span><\/strong><span dir=\"auto\" style=\"vertical-align: inherit;\"><span dir=\"auto\" style=\"vertical-align: inherit;\"> Estado impecable, premi\u00e8re main<\/span><\/span><\/li>\n<li><strong><span dir=\"auto\" style=\"vertical-align: inherit;\"><span dir=\"auto\" style=\"vertical-align: inherit;\">Utilis\u00e9 :<\/span><\/span><\/strong><span dir=\"auto\" style=\"vertical-align: inherit;\"><span dir=\"auto\" style=\"vertical-align: inherit;\"> V\u00e9rifi\u00e9, \u00e9tanche, certific\u00e9e WWT ou CW<\/span><\/span><\/li>\n<\/ul>\n<hr \/>\n<h3>\u2705<span dir=\"auto\" style=\"vertical-align: inherit;\"><span dir=\"auto\" style=\"vertical-align: inherit;\">Ventajas<\/span><\/span><\/h3>\n<ul>\n<li>\ud83d\udd39<span dir=\"auto\" style=\"vertical-align: inherit;\"><span dir=\"auto\" style=\"vertical-align: inherit;\">Durabilidad excepcional (acero corten)<\/span><\/span><\/li>\n<li>\ud83d\udd39<span dir=\"auto\" style=\"vertical-align: inherit;\"><span dir=\"auto\" style=\"vertical-align: inherit;\">Gran capacidad interna<\/span><\/span><\/li>\n<li>\ud83d\udd39<span dir=\"auto\" style=\"vertical-align: inherit;\"><span dir=\"auto\" style=\"vertical-align: inherit;\">Polivalencia de uso<\/span><\/span><\/li>\n<li>\ud83d\udd39<span dir=\"auto\" style=\"vertical-align: inherit;\"><span dir=\"auto\" style=\"vertical-align: inherit;\">Faible entretenimiento<\/span><\/span><\/li>\n<\/ul>\n<hr \/>\n<h3>\ud83d\udce9<span dir=\"auto\" style=\"vertical-align: inherit;\"><span dir=\"auto\" style=\"vertical-align: inherit;\">Demanda de devis<\/span><\/span><\/h3>\n<p><span dir=\"auto\" style=\"vertical-align: inherit;\"><span dir=\"auto\" style=\"vertical-align: inherit;\">P\u00f3ngase en contacto con nosotros para <\/span><\/span><strong><span dir=\"auto\" style=\"vertical-align: inherit;\"><span dir=\"auto\" style=\"vertical-align: inherit;\">devis personnalis\u00e9,<\/span><\/span><\/strong><span dir=\"auto\" style=\"vertical-align: inherit;\"><span dir=\"auto\" style=\"vertical-align: inherit;\"> incluidas las opciones de entrega y tramitaci\u00f3n. Nuestros equipos operan en todo Portugal.<\/span><\/span><\/p>","protected":false},"excerpt":{"rendered":"<p><span dir=\"auto\" style=\"vertical-align: inherit;\"><span dir=\"auto\" style=\"vertical-align: inherit;\">Disponible en nuevo y en ocasi\u00f3n: los precios var\u00edan seg\u00fan el estado seleccionado. <\/span><\/span><br \/>\n<span dir=\"auto\" style=\"vertical-align: inherit;\"><span dir=\"auto\" style=\"vertical-align: inherit;\">Si tiene alguna duda sobre el estado del producto, p\u00f3ngase en contacto con nosotros.<\/span><\/span><\/p>","protected":false},"featured_media":3936,"comment_status":"open","ping_status":"closed","template":"","meta":{"_acf_changed":false},"product_brand":[],"product_cat":[54,97],"product_tag":[],"class_list":{"0":"post-3802","1":"product","2":"type-product","3":"status-publish","4":"has-post-thumbnail","6":"product_cat-contentor-maritimo","7":"product_cat-contentor-maritimo-40-pes","9":"first","10":"instock","11":"taxable","12":"shipping-taxable","13":"purchasable","14":"product-type-variable","15":"has-default-attributes"},"acf":[],"yoast_head":"<!-- This site is optimized with the Yoast SEO plugin v27.4 - https:\/\/yoast.com\/product\/yoast-seo-wordpress\/ -->\n<title>Contentor dry 40 p\u00e9s - Navi Containers<\/title>\n<meta name=\"robots\" content=\"index, follow, max-snippet:-1, max-image-preview:large, max-video-preview:-1\" \/>\n<link rel=\"canonical\" href=\"https:\/\/www.navicontainers.com\/es\/tienda\/contenedor-de-transporte\/contentor-dry-40-pes\/\" \/>\n<meta property=\"og:locale\" content=\"es_ES\" \/>\n<meta property=\"og:type\" content=\"article\" \/>\n<meta property=\"og:title\" content=\"Contentor dry 40 p\u00e9s - Navi Containers\" \/>\n<meta property=\"og:description\" content=\"Disponible en neuf et d&#039;occasion\u00a0: les prix varient selon l&#039;\u00e9tat s\u00e9lectionn\u00e9.  Pour toute question concernant l&#039;\u00e9tat du produit, veuillez nous contacter.\" \/>\n<meta property=\"og:url\" content=\"https:\/\/www.navicontainers.com\/es\/tienda\/contenedor-de-transporte\/contentor-dry-40-pes\/\" \/>\n<meta property=\"og:site_name\" content=\"Navi Containers\" \/>\n<meta property=\"article:modified_time\" content=\"2025-08-23T11:38:04+00:00\" \/>\n<meta property=\"og:image\" content=\"https:\/\/www.navicontainers.com\/wp-content\/uploads\/2025\/05\/A4-1-scaled-1.jpeg\" \/>\n\t<meta property=\"og:image:width\" content=\"2560\" \/>\n\t<meta property=\"og:image:height\" content=\"1707\" \/>\n\t<meta property=\"og:image:type\" content=\"image\/jpeg\" \/>\n<meta name=\"twitter:card\" content=\"summary_large_image\" \/>\n<meta name=\"twitter:label1\" content=\"Disponibilidad\" \/>\n\t<meta name=\"twitter:data1\" content=\"Disponible\" \/>\n<meta property=\"og:availability\" content=\"instock\" \/>\n<meta property=\"product:availability\" content=\"instock\" \/>\n<meta property=\"product:condition\" content=\"new\" \/>\n<!-- \/ Yoast SEO plugin. -->","yoast_head_json":{"title":"Contentor dry 40 p\u00e9s - Navi Containers","robots":{"index":"index","follow":"follow","max-snippet":"max-snippet:-1","max-image-preview":"max-image-preview:large","max-video-preview":"max-video-preview:-1"},"canonical":"https:\/\/www.navicontainers.com\/es\/tienda\/contenedor-de-transporte\/contentor-dry-40-pes\/","og_locale":"es_ES","og_type":"article","og_title":"Contentor dry 40 p\u00e9s - Navi Containers","og_description":"Disponible en neuf et d'occasion\u00a0: les prix varient selon l'\u00e9tat s\u00e9lectionn\u00e9.  Pour toute question concernant l'\u00e9tat du produit, veuillez nous contacter.","og_url":"https:\/\/www.navicontainers.com\/es\/tienda\/contenedor-de-transporte\/contentor-dry-40-pes\/","og_site_name":"Navi Containers","article_modified_time":"2025-08-23T11:38:04+00:00","og_image":[{"width":2560,"height":1707,"url":"https:\/\/www.navicontainers.com\/wp-content\/uploads\/2025\/05\/A4-1-scaled-1.jpeg","type":"image\/jpeg"}],"twitter_card":"summary_large_image","twitter_misc":{"Disponibilidad":"Disponible"},"schema":{"@context":"https:\/\/schema.org","@graph":[{"@type":"WebPage","@id":"https:\/\/www.navicontainers.com\/shop\/contentor-maritimo\/contentor-dry-40-pes\/","url":"https:\/\/www.navicontainers.com\/shop\/contentor-maritimo\/contentor-dry-40-pes\/","name":"Contentor dry 40 p\u00e9s - Navi Containers","isPartOf":{"@id":"https:\/\/www.navicontainers.com\/#website"},"primaryImageOfPage":{"@id":"https:\/\/www.navicontainers.com\/shop\/contentor-maritimo\/contentor-dry-40-pes\/#primaryimage"},"image":{"@id":"https:\/\/www.navicontainers.com\/shop\/contentor-maritimo\/contentor-dry-40-pes\/#primaryimage"},"thumbnailUrl":"https:\/\/www.navicontainers.com\/wp-content\/uploads\/2025\/05\/A4-1-scaled-1.jpeg","datePublished":"2025-08-23T09:19:40+00:00","dateModified":"2025-08-23T11:38:04+00:00","breadcrumb":{"@id":"https:\/\/www.navicontainers.com\/shop\/contentor-maritimo\/contentor-dry-40-pes\/#breadcrumb"},"inLanguage":"es","potentialAction":[{"@type":"ReadAction","target":["https:\/\/www.navicontainers.com\/shop\/contentor-maritimo\/contentor-dry-40-pes\/"]}]},{"@type":"ImageObject","inLanguage":"es","@id":"https:\/\/www.navicontainers.com\/shop\/contentor-maritimo\/contentor-dry-40-pes\/#primaryimage","url":"https:\/\/www.navicontainers.com\/wp-content\/uploads\/2025\/05\/A4-1-scaled-1.jpeg","contentUrl":"https:\/\/www.navicontainers.com\/wp-content\/uploads\/2025\/05\/A4-1-scaled-1.jpeg","width":2560,"height":1707,"caption":"Contentor dry de 40 p\u00e9s, ideal para armazenamento e transporte de mercadorias, estrutura em a\u00e7o Corten conforme normas ISO"},{"@type":"BreadcrumbList","@id":"https:\/\/www.navicontainers.com\/shop\/contentor-maritimo\/contentor-dry-40-pes\/#breadcrumb","itemListElement":[{"@type":"ListItem","position":1,"name":"Accueil","item":"https:\/\/www.navicontainers.com\/"},{"@type":"ListItem","position":2,"name":"Parque","item":"https:\/\/www.navicontainers.com\/parque\/"},{"@type":"ListItem","position":3,"name":"Contentor dry 40 p\u00e9s"}]},{"@type":"WebSite","@id":"https:\/\/www.navicontainers.com\/#website","url":"https:\/\/www.navicontainers.com\/","name":"Contenedores Navi","description":"Soluciones de contenedores con confianza y rapidez. Todos los derechos reservados.","potentialAction":[{"@type":"SearchAction","target":{"@type":"EntryPoint","urlTemplate":"https:\/\/www.navicontainers.com\/?s={search_term_string}"},"query-input":{"@type":"PropertyValueSpecification","valueRequired":true,"valueName":"search_term_string"}}],"inLanguage":"es"}]},"og_availability":"instock","product_availability":"instock","product_condition":"new"},"_links":{"self":[{"href":"https:\/\/www.navicontainers.com\/es\/wp-json\/wp\/v2\/product\/3802","targetHints":{"allow":["GET"]}}],"collection":[{"href":"https:\/\/www.navicontainers.com\/es\/wp-json\/wp\/v2\/product"}],"about":[{"href":"https:\/\/www.navicontainers.com\/es\/wp-json\/wp\/v2\/types\/product"}],"replies":[{"embeddable":true,"href":"https:\/\/www.navicontainers.com\/es\/wp-json\/wp\/v2\/comments?post=3802"}],"version-history":[{"count":2,"href":"https:\/\/www.navicontainers.com\/es\/wp-json\/wp\/v2\/product\/3802\/revisions"}],"predecessor-version":[{"id":29110,"href":"https:\/\/www.navicontainers.com\/es\/wp-json\/wp\/v2\/product\/3802\/revisions\/29110"}],"wp:featuredmedia":[{"embeddable":true,"href":"https:\/\/www.navicontainers.com\/es\/wp-json\/wp\/v2\/media\/3936"}],"wp:attachment":[{"href":"https:\/\/www.navicontainers.com\/es\/wp-json\/wp\/v2\/media?parent=3802"}],"wp:term":[{"taxonomy":"product_brand","embeddable":true,"href":"https:\/\/www.navicontainers.com\/es\/wp-json\/wp\/v2\/product_brand?post=3802"},{"taxonomy":"product_cat","embeddable":true,"href":"https:\/\/www.navicontainers.com\/es\/wp-json\/wp\/v2\/product_cat?post=3802"},{"taxonomy":"product_tag","embeddable":true,"href":"https:\/\/www.navicontainers.com\/es\/wp-json\/wp\/v2\/product_tag?post=3802"}],"curies":[{"name":"wp","href":"https:\/\/api.w.org\/{rel}","templated":true}]}}