{"id":29564,"date":"2025-09-02T07:20:17","date_gmt":"2025-09-02T07:20:17","guid":{"rendered":"https:\/\/monteirocontentores.com\/?post_type=product&#038;p=29564"},"modified":"2025-12-24T12:02:01","modified_gmt":"2025-12-24T12:02:01","slug":"contentor-20-pes-usado-vermelho-cai","status":"publish","type":"product","link":"https:\/\/www.navicontainers.com\/fr\/boutique\/conteneur-dexpedition-20-pes\/contentor-20-pes-usado-vermelho-cai\/","title":{"rendered":"Conteneur CAI rouge usag\u00e9 de 20 pieds - Classe B \/ WWT"},"content":{"rendered":"<h2>Conteneur CAI rouge usag\u00e9 de 20 pieds - Classe B \/ WWT<\/h2>\n<p>Si vous \u00eates \u00e0 la recherche d'un <strong>conteneur 20 pieds d'occasion<\/strong> qui allie r\u00e9sistance, fonctionnalit\u00e9 et prix comp\u00e9titif, ce mod\u00e8le rouge de la marque <em>CAI<\/em> est une excellente option. Nos clients choisissent ce type de <strong>conteneur 20 pieds d'occasion<\/strong> pour sa durabilit\u00e9 et sa capacit\u00e9 \u00e0 s'adapter \u00e0 de multiples contextes. De plus, cette <strong>conteneur 20 pieds d'occasion<\/strong> est class\u00e9 sous <strong>Classe B \/ WWT (Wind &amp; Watertight)<\/strong>Il reste ainsi \u00e9tanche au vent et \u00e0 l'eau, m\u00eame s'il pr\u00e9sente des signes d'utilisation normale.<\/p>\n<h3>Dimensions et capacit\u00e9<\/h3>\n<p>Ce conteneur suit les mesures standard ISO : environ 6,06 m\u00e8tres de long, 2,44 m\u00e8tres de large et 2,59 m\u00e8tres de haut. Sa capacit\u00e9 volum\u00e9trique est d'environ 33 m\u00b3, ce qui permet de stocker en toute s\u00e9curit\u00e9 des marchandises diverses, des mat\u00e9riaux de construction, des outils ou des \u00e9quipements industriels. Il peut \u00e9galement \u00eatre utilis\u00e9 dans le cadre de projets de construction modulaire, d'entrep\u00f4ts temporaires ou de solutions logistiques flexibles.<\/p>\n<h3>Statut et classification<\/h3>\n<p>Class\u00e9 comme <strong>Classe B \/ WWT<\/strong>Ce conteneur est parfaitement \u00e9tanche et r\u00e9sistant aux infiltrations et aux intemp\u00e9ries. Il pr\u00e9sente quelques signes d'usure typiques d'une utilisation ant\u00e9rieure, mais il est encore parfaitement fonctionnel et pr\u00eat pour le stockage ou le transport terrestre et maritime de marchandises ne n\u00e9cessitant pas de certification internationale active.<\/p>\n<h3>Couleur et marque<\/h3>\n<p>En rouge, ce conteneur offre une image robuste et facilement identifiable. Fabriqu\u00e9 par <em>CAI<\/em>l'une des marques les plus reconnues au monde dans le secteur des conteneurs, garantit une qualit\u00e9 et une fiabilit\u00e9 \u00e9prouv\u00e9es.<\/p>\n<h3>Utilisations recommand\u00e9es<\/h3>\n<p>Gr\u00e2ce \u00e0 sa polyvalence, ce conteneur peut \u00eatre utilis\u00e9 pour.. :<\/p>\n<ul>\n<li>Stockage s\u00fbr des marchandises ;<\/li>\n<li>Projets de construction modulaire ou bureaux temporaires ;<\/li>\n<li>Transport terrestre ou maritime (non certifi\u00e9 CW) ;<\/li>\n<li>Solutions logistiques et industrielles \u00e0 moyen terme.<\/li>\n<\/ul>\n<p>Il s'agit d'un investissement s\u00fbr pour les entreprises et les particuliers \u00e0 la recherche d'espace suppl\u00e9mentaire, de mobilit\u00e9 et de protection dans des conditions fiables, \u00e0 un prix comp\u00e9titif.<\/p>","protected":false},"excerpt":{"rendered":"<p>\u2705 O <strong>conteneur 20 pieds d'occasion<\/strong> rouge <em>CAI<\/em> est id\u00e9al pour le stockage ou le transport en toute s\u00e9curit\u00e9. \ud83d\ude9b<\/p>\n<p>\ud83d\udcf8 Les photos sont r\u00e9elles - ce que vous voyez est exactement ce que vous obtenez.<\/p>\n<p>La livraison est calcul\u00e9e automatiquement \u00e0 la caisse. Vous pouvez choisir entre <strong>camion standard<\/strong> ou <strong>camion-grue<\/strong>en fonction de vos besoins.<\/p>\n<p>\ud83d\udd17 Consultez notre calendrier de livraison ici : <a href=\"https:\/\/monteirocontentores.com\/taxa-de-entrega\/\" target=\"_blank\" rel=\"noopener\">Frais de livraison<\/a><\/p>","protected":false},"featured_media":29566,"comment_status":"open","ping_status":"closed","template":"","meta":{"_acf_changed":false},"product_brand":[],"product_cat":[96],"product_tag":[214],"class_list":{"0":"post-29564","1":"product","2":"type-product","3":"status-publish","4":"has-post-thumbnail","6":"product_cat-contentor-maritimo-20-pes","7":"product_tag-contentor-usado","9":"first","10":"instock","11":"taxable","12":"shipping-taxable","13":"purchasable","14":"product-type-simple"},"acf":[],"yoast_head":"<!-- This site is optimized with the Yoast SEO plugin v27.4 - https:\/\/yoast.com\/product\/yoast-seo-wordpress\/ -->\n<title>Contentor 20 p\u00e9s usado vermelho CAI<\/title>\n<meta name=\"description\" content=\"Contentor 20 p\u00e9s usado vermelho CAI Classe B WWT, ideal para armazenamento seguro e transporte. Entrega r\u00e1pida em Portugal.\" \/>\n<meta name=\"robots\" content=\"index, follow, max-snippet:-1, max-image-preview:large, max-video-preview:-1\" \/>\n<link rel=\"canonical\" href=\"https:\/\/www.navicontainers.com\/fr\/boutique\/conteneur-dexpedition-20-pes\/contentor-20-pes-usado-vermelho-cai\/\" \/>\n<meta property=\"og:locale\" content=\"fr_FR\" \/>\n<meta property=\"og:type\" content=\"article\" \/>\n<meta property=\"og:title\" content=\"Contentor 20 p\u00e9s usado vermelho CAI\" \/>\n<meta property=\"og:description\" content=\"Contentor 20 p\u00e9s usado vermelho CAI Classe B WWT, ideal para armazenamento seguro e transporte. Entrega r\u00e1pida em Portugal.\" \/>\n<meta property=\"og:url\" content=\"https:\/\/www.navicontainers.com\/fr\/boutique\/conteneur-dexpedition-20-pes\/contentor-20-pes-usado-vermelho-cai\/\" \/>\n<meta property=\"og:site_name\" content=\"Navi Containers\" \/>\n<meta property=\"article:modified_time\" content=\"2025-12-24T12:02:01+00:00\" \/>\n<meta property=\"og:image\" content=\"https:\/\/www.navicontainers.com\/wp-content\/uploads\/2025\/09\/II1-min.jpg.jpeg\" \/>\n\t<meta property=\"og:image:width\" content=\"800\" \/>\n\t<meta property=\"og:image:height\" content=\"800\" \/>\n\t<meta property=\"og:image:type\" content=\"image\/jpeg\" \/>\n<meta name=\"twitter:card\" content=\"summary_large_image\" \/>\n<meta name=\"twitter:label1\" content=\"Prix\" \/>\n\t<meta name=\"twitter:data1\" content=\"1 100,00&nbsp;&euro;\" \/>\n\t<meta name=\"twitter:label2\" content=\"Disponibilit\u00e9\" \/>\n\t<meta name=\"twitter:data2\" content=\"En stock\" \/>\n<meta property=\"product:price:amount\" content=\"1100.00\" \/>\n<meta property=\"product:price:currency\" content=\"EUR\" \/>\n<meta property=\"og:availability\" content=\"instock\" \/>\n<meta property=\"product:availability\" content=\"instock\" \/>\n<meta property=\"product:retailer_item_id\" content=\"MC-STD-20-WWT-CAI\" \/>\n<meta property=\"product:condition\" content=\"new\" \/>\n<!-- \/ Yoast SEO plugin. -->","yoast_head_json":{"title":"Conteneur rouge usag\u00e9 de 20 pieds de l'IPE","description":"Contentor 20 p\u00e9s usado vermelho CAI Classe B WWT, ideal para armazenamento seguro e transporte. Entrega r\u00e1pida em Portugal.","robots":{"index":"index","follow":"follow","max-snippet":"max-snippet:-1","max-image-preview":"max-image-preview:large","max-video-preview":"max-video-preview:-1"},"canonical":"https:\/\/www.navicontainers.com\/fr\/boutique\/conteneur-dexpedition-20-pes\/contentor-20-pes-usado-vermelho-cai\/","og_locale":"fr_FR","og_type":"article","og_title":"Contentor 20 p\u00e9s usado vermelho CAI","og_description":"Contentor 20 p\u00e9s usado vermelho CAI Classe B WWT, ideal para armazenamento seguro e transporte. Entrega r\u00e1pida em Portugal.","og_url":"https:\/\/www.navicontainers.com\/fr\/boutique\/conteneur-dexpedition-20-pes\/contentor-20-pes-usado-vermelho-cai\/","og_site_name":"Navi Containers","article_modified_time":"2025-12-24T12:02:01+00:00","og_image":[{"width":800,"height":800,"url":"https:\/\/www.navicontainers.com\/wp-content\/uploads\/2025\/09\/II1-min.jpg.jpeg","type":"image\/jpeg"}],"twitter_card":"summary_large_image","twitter_misc":{"Prix":"1 100,00&nbsp;&euro;","Disponibilit\u00e9":"En stock"},"schema":{"@context":"https:\/\/schema.org","@graph":[{"@type":"WebPage","@id":"https:\/\/www.navicontainers.com\/shop\/contentor-maritimo-20-pes\/contentor-20-pes-usado-vermelho-cai\/","url":"https:\/\/www.navicontainers.com\/shop\/contentor-maritimo-20-pes\/contentor-20-pes-usado-vermelho-cai\/","name":"Conteneur rouge usag\u00e9 de 20 pieds de l'IPE","isPartOf":{"@id":"https:\/\/www.navicontainers.com\/#website"},"primaryImageOfPage":{"@id":"https:\/\/www.navicontainers.com\/shop\/contentor-maritimo-20-pes\/contentor-20-pes-usado-vermelho-cai\/#primaryimage"},"image":{"@id":"https:\/\/www.navicontainers.com\/shop\/contentor-maritimo-20-pes\/contentor-20-pes-usado-vermelho-cai\/#primaryimage"},"thumbnailUrl":"https:\/\/www.navicontainers.com\/wp-content\/uploads\/2025\/09\/II1-min.jpg.jpeg","datePublished":"2025-09-02T07:20:17+00:00","dateModified":"2025-12-24T12:02:01+00:00","description":"Contentor 20 p\u00e9s usado vermelho CAI Classe B WWT, ideal para armazenamento seguro e transporte. Entrega r\u00e1pida em Portugal.","breadcrumb":{"@id":"https:\/\/www.navicontainers.com\/shop\/contentor-maritimo-20-pes\/contentor-20-pes-usado-vermelho-cai\/#breadcrumb"},"inLanguage":"fr-FR","potentialAction":[{"@type":"ReadAction","target":["https:\/\/www.navicontainers.com\/shop\/contentor-maritimo-20-pes\/contentor-20-pes-usado-vermelho-cai\/"]}]},{"@type":"ImageObject","inLanguage":"fr-FR","@id":"https:\/\/www.navicontainers.com\/shop\/contentor-maritimo-20-pes\/contentor-20-pes-usado-vermelho-cai\/#primaryimage","url":"https:\/\/www.navicontainers.com\/wp-content\/uploads\/2025\/09\/II1-min.jpg.jpeg","contentUrl":"https:\/\/www.navicontainers.com\/wp-content\/uploads\/2025\/09\/II1-min.jpg.jpeg","width":800,"height":800,"caption":"contentor 20 p\u00e9s usado vermelho CAI classe B"},{"@type":"BreadcrumbList","@id":"https:\/\/www.navicontainers.com\/shop\/contentor-maritimo-20-pes\/contentor-20-pes-usado-vermelho-cai\/#breadcrumb","itemListElement":[{"@type":"ListItem","position":1,"name":"Accueil","item":"https:\/\/www.navicontainers.com\/"},{"@type":"ListItem","position":2,"name":"Parque","item":"https:\/\/www.navicontainers.com\/parque\/"},{"@type":"ListItem","position":3,"name":"Contentor 20 p\u00e9s usado vermelho CAI \u2013 Classe B \/ WWT"}]},{"@type":"WebSite","@id":"https:\/\/www.navicontainers.com\/#website","url":"https:\/\/www.navicontainers.com\/","name":"Conteneurs Navi","description":"Des solutions pour les conteneurs avec confiance et rapidit\u00e9. Tous droits r\u00e9serv\u00e9s.","potentialAction":[{"@type":"SearchAction","target":{"@type":"EntryPoint","urlTemplate":"https:\/\/www.navicontainers.com\/?s={search_term_string}"},"query-input":{"@type":"PropertyValueSpecification","valueRequired":true,"valueName":"search_term_string"}}],"inLanguage":"fr-FR"}]},"product_price_amount":"1100.00","product_price_currency":"EUR","og_availability":"instock","product_availability":"instock","product_retailer_item_id":"MC-STD-20-WWT-CAI","product_condition":"new"},"_links":{"self":[{"href":"https:\/\/www.navicontainers.com\/fr\/wp-json\/wp\/v2\/product\/29564","targetHints":{"allow":["GET"]}}],"collection":[{"href":"https:\/\/www.navicontainers.com\/fr\/wp-json\/wp\/v2\/product"}],"about":[{"href":"https:\/\/www.navicontainers.com\/fr\/wp-json\/wp\/v2\/types\/product"}],"replies":[{"embeddable":true,"href":"https:\/\/www.navicontainers.com\/fr\/wp-json\/wp\/v2\/comments?post=29564"}],"version-history":[{"count":2,"href":"https:\/\/www.navicontainers.com\/fr\/wp-json\/wp\/v2\/product\/29564\/revisions"}],"predecessor-version":[{"id":29574,"href":"https:\/\/www.navicontainers.com\/fr\/wp-json\/wp\/v2\/product\/29564\/revisions\/29574"}],"wp:featuredmedia":[{"embeddable":true,"href":"https:\/\/www.navicontainers.com\/fr\/wp-json\/wp\/v2\/media\/29566"}],"wp:attachment":[{"href":"https:\/\/www.navicontainers.com\/fr\/wp-json\/wp\/v2\/media?parent=29564"}],"wp:term":[{"taxonomy":"product_brand","embeddable":true,"href":"https:\/\/www.navicontainers.com\/fr\/wp-json\/wp\/v2\/product_brand?post=29564"},{"taxonomy":"product_cat","embeddable":true,"href":"https:\/\/www.navicontainers.com\/fr\/wp-json\/wp\/v2\/product_cat?post=29564"},{"taxonomy":"product_tag","embeddable":true,"href":"https:\/\/www.navicontainers.com\/fr\/wp-json\/wp\/v2\/product_tag?post=29564"}],"curies":[{"name":"wp","href":"https:\/\/api.w.org\/{rel}","templated":true}]}}