{"id":29582,"date":"2025-09-02T08:07:03","date_gmt":"2025-09-02T08:07:03","guid":{"rendered":"https:\/\/monteirocontentores.com\/?post_type=product&#038;p=29582"},"modified":"2025-12-24T12:02:20","modified_gmt":"2025-12-24T12:02:20","slug":"contentor-20-pes-usado-vermelho-beacon","status":"publish","type":"product","link":"https:\/\/www.navicontainers.com\/fr\/boutique\/conteneur-dexpedition-20-pes\/contentor-20-pes-usado-vermelho-beacon\/","title":{"rendered":"Conteneur rouge usag\u00e9 de 20 pieds - Classe A \/ CW"},"content":{"rendered":"<h2>Conteneur rouge usag\u00e9 de 20 pieds - Classe A \/ CW<\/h2>\n<p>Si vous \u00eates \u00e0 la recherche d'un <strong>conteneur 20 pieds d'occasion<\/strong> fiable, s\u00fbr et pr\u00eat pour le transport maritime international, ce mod\u00e8le rouge de la <em>Balise<\/em> est le bon choix. De nombreux clients optent pour ce type de <strong>conteneur 20 pieds d'occasion<\/strong> pour sa robustesse et sa polyvalence, et peut \u00eatre utilis\u00e9 aussi bien pour la logistique internationale que pour des solutions de stockage fixe. De plus, ce <strong>conteneur 20 pieds d'occasion<\/strong> est class\u00e9 comme <strong>Classe A \/ CW (Cargo Worthy)<\/strong>Il garantit \u00e9galement qu'il remplit toutes les conditions n\u00e9cessaires au transport de marchandises en haute mer.<\/p>\n<h3>Dimensions et capacit\u00e9<\/h3>\n<p>Avec des dimensions ISO standard - environ 6,06 m\u00e8tres de long, 2,44 m\u00e8tres de large et 2,59 m\u00e8tres de haut - ce conteneur offre un volume int\u00e9rieur d'environ 33 m\u00b3. De quoi accueillir des chargements vari\u00e9s, des produits industriels aux biens de consommation, en passant par les outils ou les mat\u00e9riaux de construction. Sa structure m\u00e9tallique renforc\u00e9e assure une r\u00e9sistance aux chocs et aux intemp\u00e9ries.<\/p>\n<h3>Statut et classification<\/h3>\n<p>Ce conteneur est en <strong>Classe A \/ CW (Cargo Worthy)<\/strong>En d'autres termes, il est en excellent \u00e9tat. Bien qu'elle pr\u00e9sente de l\u00e9g\u00e8res traces d'utilisation, elle est parfaitement adapt\u00e9e au transport international et certifi\u00e9e pour le fret maritime. Son \u00e9tanch\u00e9it\u00e9 garantit une protection totale contre le vent et l'eau, pr\u00e9servant ainsi l'int\u00e9grit\u00e9 de ce qui est stock\u00e9 \u00e0 l'int\u00e9rieur.<\/p>\n<h3>Couleur et marque<\/h3>\n<p>De couleur rouge, ce conteneur se distingue par sa visibilit\u00e9 et son aspect robuste. Les <em>Beacon Intermodal Leasing<\/em>Beacon, reconnu mondialement dans le secteur des conteneurs, est un gage de qualit\u00e9 et de fiabilit\u00e9. Depuis 2008, Beacon est une r\u00e9f\u00e9rence en mati\u00e8re de location et de vente de conteneurs intermodaux.<\/p>\n<h3>Utilisations recommand\u00e9es<\/h3>\n<p>Gr\u00e2ce \u00e0 sa classification <strong>CW<\/strong>Ce conteneur est id\u00e9al pour :<\/p>\n<ul>\n<li>Transports maritimes et terrestres internationaux ;<\/li>\n<li>Stockage des marchandises avec une protection totale contre les intemp\u00e9ries ;<\/li>\n<li>Projets de conteneurisation modulaire ;<\/li>\n<li>Des solutions logistiques exigeantes et \u00e0 long terme.<\/li>\n<\/ul>\n<p>Cet investissement garantit la fiabilit\u00e9, la durabilit\u00e9 et la s\u00e9curit\u00e9, offrant \u00e0 l'acheteur une solution professionnelle de haut niveau pour le transport ou le stockage.<\/p>","protected":false},"excerpt":{"rendered":"<p>\u2705 O <strong>conteneur 20 pieds d'occasion<\/strong> marque rouge <em>Balise<\/em> est la solution id\u00e9ale pour le transport international ou le stockage s\u00e9curis\u00e9. \ud83d\ude9b<\/p>\n<p>\ud83d\udcf8 Les photos sont r\u00e9elles - ce que vous voyez est exactement ce que vous obtenez.<\/p>\n<p>La livraison est calcul\u00e9e automatiquement \u00e0 la caisse. Vous pouvez choisir entre <strong>camion standard<\/strong> ou <strong>camion-grue<\/strong>en fonction de vos besoins.<\/p>\n<p>\ud83d\udd17 V\u00e9rifiez les frais de livraison ici : <a href=\"https:\/\/monteirocontentores.com\/taxa-de-entrega\/\" target=\"_blank\" rel=\"noopener\">Frais de livraison<\/a><\/p>","protected":false},"featured_media":29583,"comment_status":"open","ping_status":"closed","template":"","meta":{"_acf_changed":false},"product_brand":[],"product_cat":[96],"product_tag":[214],"class_list":{"0":"post-29582","1":"product","2":"type-product","3":"status-publish","4":"has-post-thumbnail","6":"product_cat-contentor-maritimo-20-pes","7":"product_tag-contentor-usado","9":"first","10":"instock","11":"taxable","12":"shipping-taxable","13":"purchasable","14":"product-type-simple"},"acf":[],"yoast_head":"<!-- This site is optimized with the Yoast SEO plugin v27.4 - https:\/\/yoast.com\/product\/yoast-seo-wordpress\/ -->\n<title>Contentor 20 p\u00e9s usado vermelho Beacon<\/title>\n<meta name=\"description\" content=\"Contentor 20 p\u00e9s usado vermelho Beacon Classe A CW, pronto para transporte internacional ou armazenamento seguro. Entrega r\u00e1pida em Portugal.\" \/>\n<meta name=\"robots\" content=\"index, follow, max-snippet:-1, max-image-preview:large, max-video-preview:-1\" \/>\n<link rel=\"canonical\" href=\"https:\/\/www.navicontainers.com\/fr\/boutique\/conteneur-dexpedition-20-pes\/contentor-20-pes-usado-vermelho-beacon\/\" \/>\n<meta property=\"og:locale\" content=\"fr_FR\" \/>\n<meta property=\"og:type\" content=\"article\" \/>\n<meta property=\"og:title\" content=\"Contentor 20 p\u00e9s usado vermelho Beacon\" \/>\n<meta property=\"og:description\" content=\"Contentor 20 p\u00e9s usado vermelho Beacon Classe A CW, pronto para transporte internacional ou armazenamento seguro. Entrega r\u00e1pida em Portugal.\" \/>\n<meta property=\"og:url\" content=\"https:\/\/www.navicontainers.com\/fr\/boutique\/conteneur-dexpedition-20-pes\/contentor-20-pes-usado-vermelho-beacon\/\" \/>\n<meta property=\"og:site_name\" content=\"Navi Containers\" \/>\n<meta property=\"article:modified_time\" content=\"2025-12-24T12:02:20+00:00\" \/>\n<meta property=\"og:image\" content=\"https:\/\/www.navicontainers.com\/wp-content\/uploads\/2025\/09\/HH2-min.jpg.jpeg\" \/>\n\t<meta property=\"og:image:width\" content=\"800\" \/>\n\t<meta property=\"og:image:height\" content=\"800\" \/>\n\t<meta property=\"og:image:type\" content=\"image\/jpeg\" \/>\n<meta name=\"twitter:card\" content=\"summary_large_image\" \/>\n<meta name=\"twitter:label1\" content=\"Prix\" \/>\n\t<meta name=\"twitter:data1\" content=\"1 100,00&nbsp;&euro;\" \/>\n\t<meta name=\"twitter:label2\" content=\"Disponibilit\u00e9\" \/>\n\t<meta name=\"twitter:data2\" content=\"En stock\" \/>\n<meta property=\"product:price:amount\" content=\"1100.00\" \/>\n<meta property=\"product:price:currency\" content=\"EUR\" \/>\n<meta property=\"og:availability\" content=\"instock\" \/>\n<meta property=\"product:availability\" content=\"instock\" \/>\n<meta property=\"product:retailer_item_id\" content=\"MC-STD-20-CW-BEACON\" \/>\n<meta property=\"product:condition\" content=\"new\" \/>\n<!-- \/ Yoast SEO plugin. -->","yoast_head_json":{"title":"Contentor 20 p\u00e9s usado vermelho Beacon","description":"Contentor 20 p\u00e9s usado vermelho Beacon Classe A CW, pronto para transporte internacional ou armazenamento seguro. Entrega r\u00e1pida em Portugal.","robots":{"index":"index","follow":"follow","max-snippet":"max-snippet:-1","max-image-preview":"max-image-preview:large","max-video-preview":"max-video-preview:-1"},"canonical":"https:\/\/www.navicontainers.com\/fr\/boutique\/conteneur-dexpedition-20-pes\/contentor-20-pes-usado-vermelho-beacon\/","og_locale":"fr_FR","og_type":"article","og_title":"Contentor 20 p\u00e9s usado vermelho Beacon","og_description":"Contentor 20 p\u00e9s usado vermelho Beacon Classe A CW, pronto para transporte internacional ou armazenamento seguro. Entrega r\u00e1pida em Portugal.","og_url":"https:\/\/www.navicontainers.com\/fr\/boutique\/conteneur-dexpedition-20-pes\/contentor-20-pes-usado-vermelho-beacon\/","og_site_name":"Navi Containers","article_modified_time":"2025-12-24T12:02:20+00:00","og_image":[{"width":800,"height":800,"url":"https:\/\/www.navicontainers.com\/wp-content\/uploads\/2025\/09\/HH2-min.jpg.jpeg","type":"image\/jpeg"}],"twitter_card":"summary_large_image","twitter_misc":{"Prix":"1 100,00&nbsp;&euro;","Disponibilit\u00e9":"En stock"},"schema":{"@context":"https:\/\/schema.org","@graph":[{"@type":"WebPage","@id":"https:\/\/www.navicontainers.com\/shop\/contentor-maritimo-20-pes\/contentor-20-pes-usado-vermelho-beacon\/","url":"https:\/\/www.navicontainers.com\/shop\/contentor-maritimo-20-pes\/contentor-20-pes-usado-vermelho-beacon\/","name":"Contentor 20 p\u00e9s usado vermelho Beacon","isPartOf":{"@id":"https:\/\/www.navicontainers.com\/#website"},"primaryImageOfPage":{"@id":"https:\/\/www.navicontainers.com\/shop\/contentor-maritimo-20-pes\/contentor-20-pes-usado-vermelho-beacon\/#primaryimage"},"image":{"@id":"https:\/\/www.navicontainers.com\/shop\/contentor-maritimo-20-pes\/contentor-20-pes-usado-vermelho-beacon\/#primaryimage"},"thumbnailUrl":"https:\/\/www.navicontainers.com\/wp-content\/uploads\/2025\/09\/HH2-min.jpg.jpeg","datePublished":"2025-09-02T08:07:03+00:00","dateModified":"2025-12-24T12:02:20+00:00","description":"Contentor 20 p\u00e9s usado vermelho Beacon Classe A CW, pronto para transporte internacional ou armazenamento seguro. Entrega r\u00e1pida em Portugal.","breadcrumb":{"@id":"https:\/\/www.navicontainers.com\/shop\/contentor-maritimo-20-pes\/contentor-20-pes-usado-vermelho-beacon\/#breadcrumb"},"inLanguage":"fr-FR","potentialAction":[{"@type":"ReadAction","target":["https:\/\/www.navicontainers.com\/shop\/contentor-maritimo-20-pes\/contentor-20-pes-usado-vermelho-beacon\/"]}]},{"@type":"ImageObject","inLanguage":"fr-FR","@id":"https:\/\/www.navicontainers.com\/shop\/contentor-maritimo-20-pes\/contentor-20-pes-usado-vermelho-beacon\/#primaryimage","url":"https:\/\/www.navicontainers.com\/wp-content\/uploads\/2025\/09\/HH2-min.jpg.jpeg","contentUrl":"https:\/\/www.navicontainers.com\/wp-content\/uploads\/2025\/09\/HH2-min.jpg.jpeg","width":800,"height":800,"caption":"contentor 20 p\u00e9s usado vermelho Beacon classe A CW"},{"@type":"BreadcrumbList","@id":"https:\/\/www.navicontainers.com\/shop\/contentor-maritimo-20-pes\/contentor-20-pes-usado-vermelho-beacon\/#breadcrumb","itemListElement":[{"@type":"ListItem","position":1,"name":"Accueil","item":"https:\/\/www.navicontainers.com\/"},{"@type":"ListItem","position":2,"name":"Parque","item":"https:\/\/www.navicontainers.com\/parque\/"},{"@type":"ListItem","position":3,"name":"Contentor 20 p\u00e9s usado vermelho \u2013 Classe A \/ CW"}]},{"@type":"WebSite","@id":"https:\/\/www.navicontainers.com\/#website","url":"https:\/\/www.navicontainers.com\/","name":"Conteneurs Navi","description":"Des solutions pour les conteneurs avec confiance et rapidit\u00e9. Tous droits r\u00e9serv\u00e9s.","potentialAction":[{"@type":"SearchAction","target":{"@type":"EntryPoint","urlTemplate":"https:\/\/www.navicontainers.com\/?s={search_term_string}"},"query-input":{"@type":"PropertyValueSpecification","valueRequired":true,"valueName":"search_term_string"}}],"inLanguage":"fr-FR"}]},"product_price_amount":"1100.00","product_price_currency":"EUR","og_availability":"instock","product_availability":"instock","product_retailer_item_id":"MC-STD-20-CW-BEACON","product_condition":"new"},"_links":{"self":[{"href":"https:\/\/www.navicontainers.com\/fr\/wp-json\/wp\/v2\/product\/29582","targetHints":{"allow":["GET"]}}],"collection":[{"href":"https:\/\/www.navicontainers.com\/fr\/wp-json\/wp\/v2\/product"}],"about":[{"href":"https:\/\/www.navicontainers.com\/fr\/wp-json\/wp\/v2\/types\/product"}],"replies":[{"embeddable":true,"href":"https:\/\/www.navicontainers.com\/fr\/wp-json\/wp\/v2\/comments?post=29582"}],"version-history":[{"count":1,"href":"https:\/\/www.navicontainers.com\/fr\/wp-json\/wp\/v2\/product\/29582\/revisions"}],"predecessor-version":[{"id":29587,"href":"https:\/\/www.navicontainers.com\/fr\/wp-json\/wp\/v2\/product\/29582\/revisions\/29587"}],"wp:featuredmedia":[{"embeddable":true,"href":"https:\/\/www.navicontainers.com\/fr\/wp-json\/wp\/v2\/media\/29583"}],"wp:attachment":[{"href":"https:\/\/www.navicontainers.com\/fr\/wp-json\/wp\/v2\/media?parent=29582"}],"wp:term":[{"taxonomy":"product_brand","embeddable":true,"href":"https:\/\/www.navicontainers.com\/fr\/wp-json\/wp\/v2\/product_brand?post=29582"},{"taxonomy":"product_cat","embeddable":true,"href":"https:\/\/www.navicontainers.com\/fr\/wp-json\/wp\/v2\/product_cat?post=29582"},{"taxonomy":"product_tag","embeddable":true,"href":"https:\/\/www.navicontainers.com\/fr\/wp-json\/wp\/v2\/product_tag?post=29582"}],"curies":[{"name":"wp","href":"https:\/\/api.w.org\/{rel}","templated":true}]}}