{"id":29590,"date":"2025-09-02T19:48:59","date_gmt":"2025-09-02T19:48:59","guid":{"rendered":"https:\/\/monteirocontentores.com\/?post_type=product&#038;p=29590"},"modified":"2025-12-24T12:02:50","modified_gmt":"2025-12-24T12:02:50","slug":"contentor-20-pes-usado-azul-cw","status":"publish","type":"product","link":"https:\/\/www.navicontainers.com\/fr\/boutique\/conteneur-dexpedition-20-pes\/contentor-20-pes-usado-azul-cw\/","title":{"rendered":"Conteneur 20 pieds usag\u00e9 CW bleu"},"content":{"rendered":"<h2>Conteneur bleu usag\u00e9 de 20 pieds - Classe A \/ CW<\/h2>\n<p>Si vous \u00eates \u00e0 la recherche d'un <strong>conteneur 20 pieds d'occasion<\/strong> en excellent \u00e9tat, pr\u00eat pour le transport international ou le stockage en toute s\u00e9curit\u00e9, ce mod\u00e8le bleu est la solution id\u00e9ale. De nombreux clients choisissent ce type de <strong>conteneur 20 pieds d'occasion<\/strong> pour sa fiabilit\u00e9 et sa r\u00e9sistance, et peut \u00eatre utilis\u00e9 dans des environnements maritimes, industriels ou logistiques. De plus, cette <strong>conteneur 20 pieds d'occasion<\/strong> est class\u00e9 comme <strong>Classe A \/ CW (Cargo Worthy)<\/strong>Il s'assure qu'il r\u00e9pond \u00e0 toutes les exigences en mati\u00e8re de transport de marchandises par bateau.<\/p>\n<h3>Dimensions et capacit\u00e9<\/h3>\n<p>Ce conteneur suit les mesures standard ISO : environ 6,06 m\u00e8tres de long, 2,44 m\u00e8tres de large et 2,59 m\u00e8tres de haut. Sa capacit\u00e9 interne est d'environ 33 m\u00b3, ce qui offre suffisamment d'espace pour stocker ou transporter diverses marchandises, notamment des mat\u00e9riaux industriels, du mobilier, des \u00e9quipements ou des biens de consommation.<\/p>\n<h3>Statut et classification<\/h3>\n<p>Avec classification <strong>Classe A \/ CW<\/strong>Ce conteneur est en excellent \u00e9tat. Bien qu'il ait \u00e9t\u00e9 utilis\u00e9, il est parfaitement \u00e9tanche au vent et \u00e0 l'eau, ce qui garantit l'int\u00e9grit\u00e9 des marchandises. L'\u00e9tat 4,5\/5 est presque comme neuf, avec de l\u00e9gers signes ext\u00e9rieurs d'utilisation, mais sans compromettre la fonctionnalit\u00e9.<\/p>\n<h3>Couleur<\/h3>\n<p>De couleur bleue, ce conteneur se distingue par son aspect professionnel et son identification facile dans les parcs logistiques et les ports. La peinture ext\u00e9rieure contribue \u00e0 une protection suppl\u00e9mentaire contre la corrosion et garantit une plus grande durabilit\u00e9 de la structure m\u00e9tallique.<\/p>\n<h3>Utilisations recommand\u00e9es<\/h3>\n<p>Gr\u00e2ce \u00e0 sa classification <strong>CW<\/strong>Ce conteneur peut \u00eatre utilis\u00e9 pour<\/p>\n<ul>\n<li>Transport maritime international de marchandises ;<\/li>\n<li>Transport terrestre et logistique nationale ;<\/li>\n<li>Stockage en toute s\u00e9curit\u00e9 dans des entrep\u00f4ts ou des cours ;<\/li>\n<li>Projets modulaires et solutions de construction temporaire.<\/li>\n<\/ul>\n<p>Le pr\u00e9sent <strong>conteneur 20 pieds d'occasion<\/strong> blue est une opportunit\u00e9 d'investissement dans la s\u00e9curit\u00e9, la durabilit\u00e9 et la fiabilit\u00e9, id\u00e9ale pour les entreprises et les particuliers \u00e0 la recherche d'une solution logistique robuste.<\/p>","protected":false},"excerpt":{"rendered":"<p>\u2705 O <strong>conteneur 20 pieds d'occasion<\/strong> blue est la solution id\u00e9ale pour le transport international ou le stockage en toute s\u00e9curit\u00e9. \ud83d\ude9b<\/p>\n<p>\ud83d\udcf8 Les photos sont r\u00e9elles - ce que vous voyez est exactement ce que vous obtenez.<\/p>\n<p>La livraison est calcul\u00e9e automatiquement \u00e0 la caisse. Vous pouvez choisir entre <strong>camion standard<\/strong> ou <strong>camion-grue<\/strong>en fonction de vos besoins.<\/p>\n<p>\ud83d\udd17 V\u00e9rifiez les frais de livraison ici : <a href=\"https:\/\/monteirocontentores.com\/taxa-de-entrega\/\" target=\"_blank\" rel=\"noopener\">Frais de livraison<\/a><\/p>","protected":false},"featured_media":29591,"comment_status":"open","ping_status":"closed","template":"","meta":{"_acf_changed":false},"product_brand":[],"product_cat":[96],"product_tag":[214],"class_list":{"0":"post-29590","1":"product","2":"type-product","3":"status-publish","4":"has-post-thumbnail","6":"product_cat-contentor-maritimo-20-pes","7":"product_tag-contentor-usado","9":"first","10":"instock","11":"taxable","12":"shipping-taxable","13":"purchasable","14":"product-type-simple"},"acf":[],"yoast_head":"<!-- This site is optimized with the Yoast SEO plugin v27.4 - https:\/\/yoast.com\/product\/yoast-seo-wordpress\/ -->\n<title>Contentor 20 p\u00e9s usado azul CW - Navi Containers<\/title>\n<meta name=\"description\" content=\"Contentor 20 p\u00e9s usado azul Classe A CW, em excelente estado e pronto para transporte internacional ou armazenamento seguro em Portugal.\" \/>\n<meta name=\"robots\" content=\"index, follow, max-snippet:-1, max-image-preview:large, max-video-preview:-1\" \/>\n<link rel=\"canonical\" href=\"https:\/\/www.navicontainers.com\/fr\/boutique\/conteneur-dexpedition-20-pes\/contentor-20-pes-usado-azul-cw\/\" \/>\n<meta property=\"og:locale\" content=\"fr_FR\" \/>\n<meta property=\"og:type\" content=\"article\" \/>\n<meta property=\"og:title\" content=\"Contentor 20 p\u00e9s usado azul CW - Navi Containers\" \/>\n<meta property=\"og:description\" content=\"Contentor 20 p\u00e9s usado azul Classe A CW, em excelente estado e pronto para transporte internacional ou armazenamento seguro em Portugal.\" \/>\n<meta property=\"og:url\" content=\"https:\/\/www.navicontainers.com\/fr\/boutique\/conteneur-dexpedition-20-pes\/contentor-20-pes-usado-azul-cw\/\" \/>\n<meta property=\"og:site_name\" content=\"Navi Containers\" \/>\n<meta property=\"article:modified_time\" content=\"2025-12-24T12:02:50+00:00\" \/>\n<meta property=\"og:image\" content=\"https:\/\/www.navicontainers.com\/wp-content\/uploads\/2025\/09\/GG1-min.jpg.jpeg\" \/>\n\t<meta property=\"og:image:width\" content=\"800\" \/>\n\t<meta property=\"og:image:height\" content=\"800\" \/>\n\t<meta property=\"og:image:type\" content=\"image\/jpeg\" \/>\n<meta name=\"twitter:card\" content=\"summary_large_image\" \/>\n<meta name=\"twitter:label1\" content=\"Prix\" \/>\n\t<meta name=\"twitter:data1\" content=\"1 200,00&nbsp;&euro;\" \/>\n\t<meta name=\"twitter:label2\" content=\"Disponibilit\u00e9\" \/>\n\t<meta name=\"twitter:data2\" content=\"En stock\" \/>\n<meta property=\"product:price:amount\" content=\"1200.00\" \/>\n<meta property=\"product:price:currency\" content=\"EUR\" \/>\n<meta property=\"og:availability\" content=\"instock\" \/>\n<meta property=\"product:availability\" content=\"instock\" \/>\n<meta property=\"product:retailer_item_id\" content=\"MC-STD-20-CW-AZUL\" \/>\n<meta property=\"product:condition\" content=\"new\" \/>\n<!-- \/ Yoast SEO plugin. -->","yoast_head_json":{"title":"Contentor 20 p\u00e9s usado azul CW - Navi Containers","description":"Contentor 20 p\u00e9s usado azul Classe A CW, em excelente estado e pronto para transporte internacional ou armazenamento seguro em Portugal.","robots":{"index":"index","follow":"follow","max-snippet":"max-snippet:-1","max-image-preview":"max-image-preview:large","max-video-preview":"max-video-preview:-1"},"canonical":"https:\/\/www.navicontainers.com\/fr\/boutique\/conteneur-dexpedition-20-pes\/contentor-20-pes-usado-azul-cw\/","og_locale":"fr_FR","og_type":"article","og_title":"Contentor 20 p\u00e9s usado azul CW - Navi Containers","og_description":"Contentor 20 p\u00e9s usado azul Classe A CW, em excelente estado e pronto para transporte internacional ou armazenamento seguro em Portugal.","og_url":"https:\/\/www.navicontainers.com\/fr\/boutique\/conteneur-dexpedition-20-pes\/contentor-20-pes-usado-azul-cw\/","og_site_name":"Navi Containers","article_modified_time":"2025-12-24T12:02:50+00:00","og_image":[{"width":800,"height":800,"url":"https:\/\/www.navicontainers.com\/wp-content\/uploads\/2025\/09\/GG1-min.jpg.jpeg","type":"image\/jpeg"}],"twitter_card":"summary_large_image","twitter_misc":{"Prix":"1 200,00&nbsp;&euro;","Disponibilit\u00e9":"En stock"},"schema":{"@context":"https:\/\/schema.org","@graph":[{"@type":"WebPage","@id":"https:\/\/www.navicontainers.com\/shop\/contentor-maritimo-20-pes\/contentor-20-pes-usado-azul-cw\/","url":"https:\/\/www.navicontainers.com\/shop\/contentor-maritimo-20-pes\/contentor-20-pes-usado-azul-cw\/","name":"Contentor 20 p\u00e9s usado azul CW - Navi Containers","isPartOf":{"@id":"https:\/\/www.navicontainers.com\/#website"},"primaryImageOfPage":{"@id":"https:\/\/www.navicontainers.com\/shop\/contentor-maritimo-20-pes\/contentor-20-pes-usado-azul-cw\/#primaryimage"},"image":{"@id":"https:\/\/www.navicontainers.com\/shop\/contentor-maritimo-20-pes\/contentor-20-pes-usado-azul-cw\/#primaryimage"},"thumbnailUrl":"https:\/\/www.navicontainers.com\/wp-content\/uploads\/2025\/09\/GG1-min.jpg.jpeg","datePublished":"2025-09-02T19:48:59+00:00","dateModified":"2025-12-24T12:02:50+00:00","description":"Contentor 20 p\u00e9s usado azul Classe A CW, em excelente estado e pronto para transporte internacional ou armazenamento seguro em Portugal.","breadcrumb":{"@id":"https:\/\/www.navicontainers.com\/shop\/contentor-maritimo-20-pes\/contentor-20-pes-usado-azul-cw\/#breadcrumb"},"inLanguage":"fr-FR","potentialAction":[{"@type":"ReadAction","target":["https:\/\/www.navicontainers.com\/shop\/contentor-maritimo-20-pes\/contentor-20-pes-usado-azul-cw\/"]}]},{"@type":"ImageObject","inLanguage":"fr-FR","@id":"https:\/\/www.navicontainers.com\/shop\/contentor-maritimo-20-pes\/contentor-20-pes-usado-azul-cw\/#primaryimage","url":"https:\/\/www.navicontainers.com\/wp-content\/uploads\/2025\/09\/GG1-min.jpg.jpeg","contentUrl":"https:\/\/www.navicontainers.com\/wp-content\/uploads\/2025\/09\/GG1-min.jpg.jpeg","width":800,"height":800,"caption":"contentor 20 p\u00e9s usado azul classe A CW"},{"@type":"BreadcrumbList","@id":"https:\/\/www.navicontainers.com\/shop\/contentor-maritimo-20-pes\/contentor-20-pes-usado-azul-cw\/#breadcrumb","itemListElement":[{"@type":"ListItem","position":1,"name":"Accueil","item":"https:\/\/www.navicontainers.com\/"},{"@type":"ListItem","position":2,"name":"Parque","item":"https:\/\/www.navicontainers.com\/parque\/"},{"@type":"ListItem","position":3,"name":"Contentor 20 p\u00e9s usado azul CW"}]},{"@type":"WebSite","@id":"https:\/\/www.navicontainers.com\/#website","url":"https:\/\/www.navicontainers.com\/","name":"Conteneurs Navi","description":"Des solutions pour les conteneurs avec confiance et rapidit\u00e9. Tous droits r\u00e9serv\u00e9s.","potentialAction":[{"@type":"SearchAction","target":{"@type":"EntryPoint","urlTemplate":"https:\/\/www.navicontainers.com\/?s={search_term_string}"},"query-input":{"@type":"PropertyValueSpecification","valueRequired":true,"valueName":"search_term_string"}}],"inLanguage":"fr-FR"}]},"product_price_amount":"1200.00","product_price_currency":"EUR","og_availability":"instock","product_availability":"instock","product_retailer_item_id":"MC-STD-20-CW-AZUL","product_condition":"new"},"_links":{"self":[{"href":"https:\/\/www.navicontainers.com\/fr\/wp-json\/wp\/v2\/product\/29590","targetHints":{"allow":["GET"]}}],"collection":[{"href":"https:\/\/www.navicontainers.com\/fr\/wp-json\/wp\/v2\/product"}],"about":[{"href":"https:\/\/www.navicontainers.com\/fr\/wp-json\/wp\/v2\/types\/product"}],"replies":[{"embeddable":true,"href":"https:\/\/www.navicontainers.com\/fr\/wp-json\/wp\/v2\/comments?post=29590"}],"version-history":[{"count":1,"href":"https:\/\/www.navicontainers.com\/fr\/wp-json\/wp\/v2\/product\/29590\/revisions"}],"predecessor-version":[{"id":29595,"href":"https:\/\/www.navicontainers.com\/fr\/wp-json\/wp\/v2\/product\/29590\/revisions\/29595"}],"wp:featuredmedia":[{"embeddable":true,"href":"https:\/\/www.navicontainers.com\/fr\/wp-json\/wp\/v2\/media\/29591"}],"wp:attachment":[{"href":"https:\/\/www.navicontainers.com\/fr\/wp-json\/wp\/v2\/media?parent=29590"}],"wp:term":[{"taxonomy":"product_brand","embeddable":true,"href":"https:\/\/www.navicontainers.com\/fr\/wp-json\/wp\/v2\/product_brand?post=29590"},{"taxonomy":"product_cat","embeddable":true,"href":"https:\/\/www.navicontainers.com\/fr\/wp-json\/wp\/v2\/product_cat?post=29590"},{"taxonomy":"product_tag","embeddable":true,"href":"https:\/\/www.navicontainers.com\/fr\/wp-json\/wp\/v2\/product_tag?post=29590"}],"curies":[{"name":"wp","href":"https:\/\/api.w.org\/{rel}","templated":true}]}}