{"id":29601,"date":"2025-09-17T12:39:47","date_gmt":"2025-09-17T12:39:47","guid":{"rendered":"https:\/\/monteirocontentores.com\/?post_type=product&#038;p=29601"},"modified":"2025-12-24T11:59:55","modified_gmt":"2025-12-24T11:59:55","slug":"contentor-20-pes-usado-vermelho-caru-containers","status":"publish","type":"product","link":"https:\/\/www.navicontainers.com\/fr\/boutique\/conteneur-dexpedition-20-pes\/contentor-20-pes-usado-vermelho-caru-containers\/","title":{"rendered":"Conteneurs rouges Caru 20 pieds d'occasion"},"content":{"rendered":"<h2>Conteneurs rouges Caru 20 pieds usag\u00e9s - Classe A \/ CW<\/h2>\n<p>Le pr\u00e9sent <strong>conteneur 20 pieds d'occasion<\/strong> rouge <em>Conteneurs Caru<\/em> est en excellent \u00e9tat et class\u00e9 comme <strong>Classe A \/ CW (Cargo Worthy)<\/strong>. Il est donc parfaitement adapt\u00e9 au transport maritime international et r\u00e9pond \u00e0 toutes les exigences d'\u00e9tanch\u00e9it\u00e9 et de robustesse requises pour le transport de marchandises sur de longues distances. Outre le transport, cette <strong>conteneur 20 pieds d'occasion<\/strong> est \u00e9galement une solution pratique et s\u00fbre pour le stockage de marchandises, d'\u00e9quipements et de mat\u00e9riaux divers.<\/p>\n<h3>Dimensions et capacit\u00e9<\/h3>\n<p>Le conteneur respecte les dimensions ISO standard : environ 6,06 m\u00e8tres de long, 2,44 m\u00e8tres de large et 2,59 m\u00e8tres de haut. La capacit\u00e9 volum\u00e9trique est d'environ 33 m\u00b3, ce qui offre suffisamment d'espace pour les biens industriels, les biens de consommation, le mobilier ou les outils. Sa structure m\u00e9tallique renforc\u00e9e garantit une r\u00e9sistance aux chocs, aux charges lourdes et aux conditions m\u00e9t\u00e9orologiques d\u00e9favorables.<\/p>\n<h3>Statut et classification<\/h3>\n<p>Avec statut <strong>Classe A \/ CW<\/strong>Ce conteneur de 20 pieds garantit une \u00e9tanch\u00e9it\u00e9 totale au vent et \u00e0 l'eau. L'ext\u00e9rieur peut pr\u00e9senter de petites traces d'utilisation ou d'oxydation superficielle, typiques d'un conteneur usag\u00e9, mais qui ne compromettent pas sa fonctionnalit\u00e9. Il s'agit d'une option fiable et certifi\u00e9e pour le transport international maritime et terrestre.<\/p>\n<h3>Couleur et marque<\/h3>\n<p>De couleur rouge, ce conteneur est synonyme de robustesse et de visibilit\u00e9 dans tout parc logistique. Produit par <em>Conteneurs Caru<\/em>La marque \"B\", reconnue internationalement pour sa qualit\u00e9 et son innovation dans le secteur, est un gage de fiabilit\u00e9 et de durabilit\u00e9.<\/p>\n<h3>Utilisations recommand\u00e9es<\/h3>\n<p>Gr\u00e2ce \u00e0 sa classification <strong>CW<\/strong>Ce conteneur est parfait pour :<\/p>\n<ul>\n<li>Transport maritime international ;<\/li>\n<li>Logistique terrestre et intermodale ;<\/li>\n<li>Stockage de marchandises et d'\u00e9quipements ;<\/li>\n<li>Projets de construction modulaire et solutions temporaires.<\/li>\n<\/ul>\n<p>Investir dans cette <strong>conteneur 20 pieds d'occasion<\/strong> red est de garantir une solution polyvalente et robuste, pr\u00eate \u00e0 r\u00e9pondre aux besoins logistiques et industriels les plus exigeants.<\/p>","protected":false},"excerpt":{"rendered":"<p>\u2705 O <strong>conteneur 20 pieds d'occasion<\/strong> rouge <em>Conteneurs Caru<\/em> est id\u00e9al pour le transport international et le stockage en toute s\u00e9curit\u00e9. \ud83d\ude9b<\/p>\n<p>\ud83d\udcf8 Les photos sont r\u00e9elles - ce que vous voyez est exactement ce que vous obtenez.<\/p>\n<p>La livraison est calcul\u00e9e automatiquement \u00e0 la caisse. Vous pouvez choisir entre <strong>camion standard<\/strong> ou <strong>camion-grue<\/strong>en fonction de vos besoins.<\/p>\n<p>\ud83d\udd17 V\u00e9rifiez les frais de livraison ici : <a href=\"https:\/\/monteirocontentores.com\/taxa-de-entrega\/\" target=\"_blank\" rel=\"noopener\">Frais de livraison<\/a><\/p>","protected":false},"featured_media":29602,"comment_status":"open","ping_status":"closed","template":"","meta":{"_acf_changed":false},"product_brand":[],"product_cat":[96],"product_tag":[214],"class_list":{"0":"post-29601","1":"product","2":"type-product","3":"status-publish","4":"has-post-thumbnail","6":"product_cat-contentor-maritimo-20-pes","7":"product_tag-contentor-usado","9":"first","10":"instock","11":"taxable","12":"shipping-taxable","13":"purchasable","14":"product-type-simple"},"acf":[],"yoast_head":"<!-- This site is optimized with the Yoast SEO plugin v27.4 - https:\/\/yoast.com\/product\/yoast-seo-wordpress\/ -->\n<title>Contentor 20 p\u00e9s usado vermelho Caru Containers - Navi Containers<\/title>\n<meta name=\"description\" content=\"Contentor 20 p\u00e9s usado vermelho Caru Containers Classe A CW. Ideal para transporte internacional, log\u00edstica e armazenamento seguro em Portugal.\" \/>\n<meta name=\"robots\" content=\"index, follow, max-snippet:-1, max-image-preview:large, max-video-preview:-1\" \/>\n<link rel=\"canonical\" href=\"https:\/\/www.navicontainers.com\/fr\/boutique\/conteneur-dexpedition-20-pes\/contentor-20-pes-usado-vermelho-caru-containers\/\" \/>\n<meta property=\"og:locale\" content=\"fr_FR\" \/>\n<meta property=\"og:type\" content=\"article\" \/>\n<meta property=\"og:title\" content=\"Contentor 20 p\u00e9s usado vermelho Caru Containers - Navi Containers\" \/>\n<meta property=\"og:description\" content=\"Contentor 20 p\u00e9s usado vermelho Caru Containers Classe A CW. Ideal para transporte internacional, log\u00edstica e armazenamento seguro em Portugal.\" \/>\n<meta property=\"og:url\" content=\"https:\/\/www.navicontainers.com\/fr\/boutique\/conteneur-dexpedition-20-pes\/contentor-20-pes-usado-vermelho-caru-containers\/\" \/>\n<meta property=\"og:site_name\" content=\"Navi Containers\" \/>\n<meta property=\"article:modified_time\" content=\"2025-12-24T11:59:55+00:00\" \/>\n<meta property=\"og:image\" content=\"https:\/\/www.navicontainers.com\/wp-content\/uploads\/2025\/09\/FF2-min.jpg.jpeg\" \/>\n\t<meta property=\"og:image:width\" content=\"800\" \/>\n\t<meta property=\"og:image:height\" content=\"800\" \/>\n\t<meta property=\"og:image:type\" content=\"image\/jpeg\" \/>\n<meta name=\"twitter:card\" content=\"summary_large_image\" \/>\n<meta name=\"twitter:label1\" content=\"Prix\" \/>\n\t<meta name=\"twitter:data1\" content=\"1 100,00&nbsp;&euro;\" \/>\n\t<meta name=\"twitter:label2\" content=\"Disponibilit\u00e9\" \/>\n\t<meta name=\"twitter:data2\" content=\"En stock\" \/>\n<meta property=\"product:price:amount\" content=\"1100.00\" \/>\n<meta property=\"product:price:currency\" content=\"EUR\" \/>\n<meta property=\"og:availability\" content=\"instock\" \/>\n<meta property=\"product:availability\" content=\"instock\" \/>\n<meta property=\"product:retailer_item_id\" content=\"MC-STD-20-CW-CARU\" \/>\n<meta property=\"product:condition\" content=\"new\" \/>\n<!-- \/ Yoast SEO plugin. -->","yoast_head_json":{"title":"Contentor 20 p\u00e9s usado vermelho Caru Containers - Navi Containers","description":"Contentor 20 p\u00e9s usado vermelho Caru Containers Classe A CW. Ideal para transporte internacional, log\u00edstica e armazenamento seguro em Portugal.","robots":{"index":"index","follow":"follow","max-snippet":"max-snippet:-1","max-image-preview":"max-image-preview:large","max-video-preview":"max-video-preview:-1"},"canonical":"https:\/\/www.navicontainers.com\/fr\/boutique\/conteneur-dexpedition-20-pes\/contentor-20-pes-usado-vermelho-caru-containers\/","og_locale":"fr_FR","og_type":"article","og_title":"Contentor 20 p\u00e9s usado vermelho Caru Containers - Navi Containers","og_description":"Contentor 20 p\u00e9s usado vermelho Caru Containers Classe A CW. Ideal para transporte internacional, log\u00edstica e armazenamento seguro em Portugal.","og_url":"https:\/\/www.navicontainers.com\/fr\/boutique\/conteneur-dexpedition-20-pes\/contentor-20-pes-usado-vermelho-caru-containers\/","og_site_name":"Navi Containers","article_modified_time":"2025-12-24T11:59:55+00:00","og_image":[{"width":800,"height":800,"url":"https:\/\/www.navicontainers.com\/wp-content\/uploads\/2025\/09\/FF2-min.jpg.jpeg","type":"image\/jpeg"}],"twitter_card":"summary_large_image","twitter_misc":{"Prix":"1 100,00&nbsp;&euro;","Disponibilit\u00e9":"En stock"},"schema":{"@context":"https:\/\/schema.org","@graph":[{"@type":"WebPage","@id":"https:\/\/www.navicontainers.com\/shop\/contentor-maritimo-20-pes\/contentor-20-pes-usado-vermelho-caru-containers\/","url":"https:\/\/www.navicontainers.com\/shop\/contentor-maritimo-20-pes\/contentor-20-pes-usado-vermelho-caru-containers\/","name":"Contentor 20 p\u00e9s usado vermelho Caru Containers - Navi Containers","isPartOf":{"@id":"https:\/\/www.navicontainers.com\/#website"},"primaryImageOfPage":{"@id":"https:\/\/www.navicontainers.com\/shop\/contentor-maritimo-20-pes\/contentor-20-pes-usado-vermelho-caru-containers\/#primaryimage"},"image":{"@id":"https:\/\/www.navicontainers.com\/shop\/contentor-maritimo-20-pes\/contentor-20-pes-usado-vermelho-caru-containers\/#primaryimage"},"thumbnailUrl":"https:\/\/www.navicontainers.com\/wp-content\/uploads\/2025\/09\/FF2-min.jpg.jpeg","datePublished":"2025-09-17T12:39:47+00:00","dateModified":"2025-12-24T11:59:55+00:00","description":"Contentor 20 p\u00e9s usado vermelho Caru Containers Classe A CW. Ideal para transporte internacional, log\u00edstica e armazenamento seguro em Portugal.","breadcrumb":{"@id":"https:\/\/www.navicontainers.com\/shop\/contentor-maritimo-20-pes\/contentor-20-pes-usado-vermelho-caru-containers\/#breadcrumb"},"inLanguage":"fr-FR","potentialAction":[{"@type":"ReadAction","target":["https:\/\/www.navicontainers.com\/shop\/contentor-maritimo-20-pes\/contentor-20-pes-usado-vermelho-caru-containers\/"]}]},{"@type":"ImageObject","inLanguage":"fr-FR","@id":"https:\/\/www.navicontainers.com\/shop\/contentor-maritimo-20-pes\/contentor-20-pes-usado-vermelho-caru-containers\/#primaryimage","url":"https:\/\/www.navicontainers.com\/wp-content\/uploads\/2025\/09\/FF2-min.jpg.jpeg","contentUrl":"https:\/\/www.navicontainers.com\/wp-content\/uploads\/2025\/09\/FF2-min.jpg.jpeg","width":800,"height":800,"caption":"contentor 20 p\u00e9s usado vermelho Caru Containers classe A CW"},{"@type":"BreadcrumbList","@id":"https:\/\/www.navicontainers.com\/shop\/contentor-maritimo-20-pes\/contentor-20-pes-usado-vermelho-caru-containers\/#breadcrumb","itemListElement":[{"@type":"ListItem","position":1,"name":"Accueil","item":"https:\/\/www.navicontainers.com\/"},{"@type":"ListItem","position":2,"name":"Parque","item":"https:\/\/www.navicontainers.com\/parque\/"},{"@type":"ListItem","position":3,"name":"Contentor 20 p\u00e9s usado vermelho Caru Containers"}]},{"@type":"WebSite","@id":"https:\/\/www.navicontainers.com\/#website","url":"https:\/\/www.navicontainers.com\/","name":"Conteneurs Navi","description":"Des solutions pour les conteneurs avec confiance et rapidit\u00e9. Tous droits r\u00e9serv\u00e9s.","potentialAction":[{"@type":"SearchAction","target":{"@type":"EntryPoint","urlTemplate":"https:\/\/www.navicontainers.com\/?s={search_term_string}"},"query-input":{"@type":"PropertyValueSpecification","valueRequired":true,"valueName":"search_term_string"}}],"inLanguage":"fr-FR"}]},"product_price_amount":"1100.00","product_price_currency":"EUR","og_availability":"instock","product_availability":"instock","product_retailer_item_id":"MC-STD-20-CW-CARU","product_condition":"new"},"_links":{"self":[{"href":"https:\/\/www.navicontainers.com\/fr\/wp-json\/wp\/v2\/product\/29601","targetHints":{"allow":["GET"]}}],"collection":[{"href":"https:\/\/www.navicontainers.com\/fr\/wp-json\/wp\/v2\/product"}],"about":[{"href":"https:\/\/www.navicontainers.com\/fr\/wp-json\/wp\/v2\/types\/product"}],"replies":[{"embeddable":true,"href":"https:\/\/www.navicontainers.com\/fr\/wp-json\/wp\/v2\/comments?post=29601"}],"version-history":[{"count":1,"href":"https:\/\/www.navicontainers.com\/fr\/wp-json\/wp\/v2\/product\/29601\/revisions"}],"predecessor-version":[{"id":29606,"href":"https:\/\/www.navicontainers.com\/fr\/wp-json\/wp\/v2\/product\/29601\/revisions\/29606"}],"wp:featuredmedia":[{"embeddable":true,"href":"https:\/\/www.navicontainers.com\/fr\/wp-json\/wp\/v2\/media\/29602"}],"wp:attachment":[{"href":"https:\/\/www.navicontainers.com\/fr\/wp-json\/wp\/v2\/media?parent=29601"}],"wp:term":[{"taxonomy":"product_brand","embeddable":true,"href":"https:\/\/www.navicontainers.com\/fr\/wp-json\/wp\/v2\/product_brand?post=29601"},{"taxonomy":"product_cat","embeddable":true,"href":"https:\/\/www.navicontainers.com\/fr\/wp-json\/wp\/v2\/product_cat?post=29601"},{"taxonomy":"product_tag","embeddable":true,"href":"https:\/\/www.navicontainers.com\/fr\/wp-json\/wp\/v2\/product_tag?post=29601"}],"curies":[{"name":"wp","href":"https:\/\/api.w.org\/{rel}","templated":true}]}}