{"id":29631,"date":"2025-09-17T12:20:47","date_gmt":"2025-09-17T12:20:47","guid":{"rendered":"https:\/\/monteirocontentores.com\/?post_type=product&#038;p=29631"},"modified":"2025-12-24T12:00:08","modified_gmt":"2025-12-24T12:00:08","slug":"contentor-20-pes-usado-azul-claro-cw","status":"publish","type":"product","link":"https:\/\/www.navicontainers.com\/fr\/boutique\/conteneur-dexpedition-20-pes\/contentor-20-pes-usado-azul-claro-cw\/","title":{"rendered":"Conteneur 20 pieds usag\u00e9 bleu clair CW"},"content":{"rendered":"<h2>Conteneur 20 pieds bleu clair usag\u00e9 - Classe A \/ CW<\/h2>\n<p>Le pr\u00e9sent <strong>conteneur 20 pieds d'occasion<\/strong> Le bleu clair est en excellent \u00e9tat et est class\u00e9 dans les cat\u00e9gories suivantes <strong>Classe A \/ CW (Cargo Worthy)<\/strong>. Cela signifie qu'il est parfaitement adapt\u00e9 au transport maritime international et qu'il r\u00e9pond \u00e0 toutes les exigences requises en mati\u00e8re de s\u00e9curit\u00e9, de robustesse et d'\u00e9tanch\u00e9it\u00e9. Outre le transport, cette <strong>conteneur 20 pieds d'occasion<\/strong> peut \u00e9galement \u00eatre utilis\u00e9 comme solution de stockage pratique, sur les chantiers de construction ou m\u00eame dans les projets de construction modulaire.<\/p>\n<h3>Dimensions et capacit\u00e9<\/h3>\n<p>Selon les mesures ISO standard, ce conteneur mesure environ 6,06 m\u00e8tres de long, 2,44 m\u00e8tres de large et 2,59 m\u00e8tres de haut. Son volume int\u00e9rieur est d'environ 33 m\u00b3, ce qui offre suffisamment d'espace pour les charges industrielles, les biens de consommation, l'\u00e9quipement ou les mat\u00e9riaux de construction. Sa structure m\u00e9tallique renforc\u00e9e garantit la r\u00e9sistance aux chocs et la durabilit\u00e9 dans des environnements exigeants.<\/p>\n<h3>Statut et classification<\/h3>\n<p>Class\u00e9 <strong>Classe A \/ CW<\/strong>Ce conteneur est totalement \u00e9tanche au vent et \u00e0 l'eau. L'\u00e9tat 4,5\/5 est presque comme neuf, avec de l\u00e9gers signes d'utilisation normale \u00e0 l'ext\u00e9rieur, mais sans aucune incidence sur sa fonctionnalit\u00e9. Il est certifi\u00e9 et pr\u00eat pour le transport international et la logistique professionnelle.<\/p>\n<h3>Couleur<\/h3>\n<p>De couleur bleu clair, ce conteneur se distingue par son esth\u00e9tique et sa visibilit\u00e9 dans les parcs logistiques ou sur les chantiers. La peinture offre une protection suppl\u00e9mentaire contre la corrosion et garantit la durabilit\u00e9 de la structure.<\/p>\n<h3>Utilisations recommand\u00e9es<\/h3>\n<p>Gr\u00e2ce \u00e0 sa classification <strong>CW<\/strong>Ce conteneur convient pour<\/p>\n<ul>\n<li>Transport maritime international de marchandises ;<\/li>\n<li>Transports terrestres et intermodaux ;<\/li>\n<li>Stockage s\u00fbr et durable ;<\/li>\n<li>Projets de construction modulaire ou solutions temporaires.<\/li>\n<\/ul>\n<p>Le pr\u00e9sent <strong>conteneur 20 pieds d'occasion<\/strong> Le bleu clair repr\u00e9sente une opportunit\u00e9 d'investissement dans une solution fiable, r\u00e9sistante et polyvalente, pr\u00eate \u00e0 r\u00e9pondre aux exigences logistiques et industrielles les plus strictes.<\/p>","protected":false},"excerpt":{"rendered":"<p>\u2705 O <strong>conteneur 20 pieds d'occasion<\/strong> Le bleu clair est id\u00e9al pour le transport international et le stockage en toute s\u00e9curit\u00e9. \ud83d\ude9b<\/p>\n<p>\ud83d\udcf8 Les photos sont r\u00e9elles - ce que vous voyez est exactement ce que vous obtenez.<\/p>\n<p>La livraison est calcul\u00e9e automatiquement \u00e0 la caisse. Vous pouvez choisir entre <strong>camion standard<\/strong> ou <strong>camion-grue<\/strong>en fonction de vos besoins.<\/p>\n<p>\ud83d\udd17 V\u00e9rifiez les frais de livraison ici : <a href=\"https:\/\/monteirocontentores.com\/taxa-de-entrega\/\" target=\"_blank\" rel=\"noopener\">Frais de livraison<\/a><\/p>","protected":false},"featured_media":29632,"comment_status":"open","ping_status":"closed","template":"","meta":{"_acf_changed":false},"product_brand":[],"product_cat":[96],"product_tag":[214],"class_list":{"0":"post-29631","1":"product","2":"type-product","3":"status-publish","4":"has-post-thumbnail","6":"product_cat-contentor-maritimo-20-pes","7":"product_tag-contentor-usado","9":"first","10":"instock","11":"taxable","12":"shipping-taxable","13":"purchasable","14":"product-type-simple"},"acf":[],"yoast_head":"<!-- This site is optimized with the Yoast SEO plugin v27.4 - https:\/\/yoast.com\/product\/yoast-seo-wordpress\/ -->\n<title>Contentor 20 p\u00e9s usado azul-claro CW<\/title>\n<meta name=\"description\" content=\"Contentor 20 p\u00e9s usado azul-claro Classe A CW, estanque e robusto. Pronto para transporte internacional ou armazenamento seguro em Portugal.\" \/>\n<meta name=\"robots\" content=\"index, follow, max-snippet:-1, max-image-preview:large, max-video-preview:-1\" \/>\n<link rel=\"canonical\" href=\"https:\/\/www.navicontainers.com\/fr\/boutique\/conteneur-dexpedition-20-pes\/contentor-20-pes-usado-azul-claro-cw\/\" \/>\n<meta property=\"og:locale\" content=\"fr_FR\" \/>\n<meta property=\"og:type\" content=\"article\" \/>\n<meta property=\"og:title\" content=\"Contentor 20 p\u00e9s usado azul-claro CW\" \/>\n<meta property=\"og:description\" content=\"Contentor 20 p\u00e9s usado azul-claro Classe A CW, estanque e robusto. Pronto para transporte internacional ou armazenamento seguro em Portugal.\" \/>\n<meta property=\"og:url\" content=\"https:\/\/www.navicontainers.com\/fr\/boutique\/conteneur-dexpedition-20-pes\/contentor-20-pes-usado-azul-claro-cw\/\" \/>\n<meta property=\"og:site_name\" content=\"Navi Containers\" \/>\n<meta property=\"article:modified_time\" content=\"2025-12-24T12:00:08+00:00\" \/>\n<meta property=\"og:image\" content=\"https:\/\/www.navicontainers.com\/wp-content\/uploads\/2025\/09\/AA2-min.jpg.jpeg\" \/>\n\t<meta property=\"og:image:width\" content=\"800\" \/>\n\t<meta property=\"og:image:height\" content=\"800\" \/>\n\t<meta property=\"og:image:type\" content=\"image\/jpeg\" \/>\n<meta name=\"twitter:card\" content=\"summary_large_image\" \/>\n<meta name=\"twitter:label1\" content=\"Prix\" \/>\n\t<meta name=\"twitter:data1\" content=\"1 100,00&nbsp;&euro;\" \/>\n\t<meta name=\"twitter:label2\" content=\"Disponibilit\u00e9\" \/>\n\t<meta name=\"twitter:data2\" content=\"En stock\" \/>\n<meta property=\"product:price:amount\" content=\"1100.00\" \/>\n<meta property=\"product:price:currency\" content=\"EUR\" \/>\n<meta property=\"og:availability\" content=\"instock\" \/>\n<meta property=\"product:availability\" content=\"instock\" \/>\n<meta property=\"product:retailer_item_id\" content=\"MC-STD-20-CW-BLUE-LIGHT\" \/>\n<meta property=\"product:condition\" content=\"new\" \/>\n<!-- \/ Yoast SEO plugin. -->","yoast_head_json":{"title":"Conteneur 20 pieds usag\u00e9 bleu clair CW","description":"Contentor 20 p\u00e9s usado azul-claro Classe A CW, estanque e robusto. Pronto para transporte internacional ou armazenamento seguro em Portugal.","robots":{"index":"index","follow":"follow","max-snippet":"max-snippet:-1","max-image-preview":"max-image-preview:large","max-video-preview":"max-video-preview:-1"},"canonical":"https:\/\/www.navicontainers.com\/fr\/boutique\/conteneur-dexpedition-20-pes\/contentor-20-pes-usado-azul-claro-cw\/","og_locale":"fr_FR","og_type":"article","og_title":"Contentor 20 p\u00e9s usado azul-claro CW","og_description":"Contentor 20 p\u00e9s usado azul-claro Classe A CW, estanque e robusto. Pronto para transporte internacional ou armazenamento seguro em Portugal.","og_url":"https:\/\/www.navicontainers.com\/fr\/boutique\/conteneur-dexpedition-20-pes\/contentor-20-pes-usado-azul-claro-cw\/","og_site_name":"Navi Containers","article_modified_time":"2025-12-24T12:00:08+00:00","og_image":[{"width":800,"height":800,"url":"https:\/\/www.navicontainers.com\/wp-content\/uploads\/2025\/09\/AA2-min.jpg.jpeg","type":"image\/jpeg"}],"twitter_card":"summary_large_image","twitter_misc":{"Prix":"1 100,00&nbsp;&euro;","Disponibilit\u00e9":"En stock"},"schema":{"@context":"https:\/\/schema.org","@graph":[{"@type":"WebPage","@id":"https:\/\/www.navicontainers.com\/shop\/contentor-maritimo-20-pes\/contentor-20-pes-usado-azul-claro-cw\/","url":"https:\/\/www.navicontainers.com\/shop\/contentor-maritimo-20-pes\/contentor-20-pes-usado-azul-claro-cw\/","name":"Conteneur 20 pieds usag\u00e9 bleu clair CW","isPartOf":{"@id":"https:\/\/www.navicontainers.com\/#website"},"primaryImageOfPage":{"@id":"https:\/\/www.navicontainers.com\/shop\/contentor-maritimo-20-pes\/contentor-20-pes-usado-azul-claro-cw\/#primaryimage"},"image":{"@id":"https:\/\/www.navicontainers.com\/shop\/contentor-maritimo-20-pes\/contentor-20-pes-usado-azul-claro-cw\/#primaryimage"},"thumbnailUrl":"https:\/\/www.navicontainers.com\/wp-content\/uploads\/2025\/09\/AA2-min.jpg.jpeg","datePublished":"2025-09-17T12:20:47+00:00","dateModified":"2025-12-24T12:00:08+00:00","description":"Contentor 20 p\u00e9s usado azul-claro Classe A CW, estanque e robusto. Pronto para transporte internacional ou armazenamento seguro em Portugal.","breadcrumb":{"@id":"https:\/\/www.navicontainers.com\/shop\/contentor-maritimo-20-pes\/contentor-20-pes-usado-azul-claro-cw\/#breadcrumb"},"inLanguage":"fr-FR","potentialAction":[{"@type":"ReadAction","target":["https:\/\/www.navicontainers.com\/shop\/contentor-maritimo-20-pes\/contentor-20-pes-usado-azul-claro-cw\/"]}]},{"@type":"ImageObject","inLanguage":"fr-FR","@id":"https:\/\/www.navicontainers.com\/shop\/contentor-maritimo-20-pes\/contentor-20-pes-usado-azul-claro-cw\/#primaryimage","url":"https:\/\/www.navicontainers.com\/wp-content\/uploads\/2025\/09\/AA2-min.jpg.jpeg","contentUrl":"https:\/\/www.navicontainers.com\/wp-content\/uploads\/2025\/09\/AA2-min.jpg.jpeg","width":800,"height":800,"caption":"contentor 20 p\u00e9s usado azul-claro classe A CW"},{"@type":"BreadcrumbList","@id":"https:\/\/www.navicontainers.com\/shop\/contentor-maritimo-20-pes\/contentor-20-pes-usado-azul-claro-cw\/#breadcrumb","itemListElement":[{"@type":"ListItem","position":1,"name":"Accueil","item":"https:\/\/www.navicontainers.com\/"},{"@type":"ListItem","position":2,"name":"Parque","item":"https:\/\/www.navicontainers.com\/parque\/"},{"@type":"ListItem","position":3,"name":"Contentor 20 p\u00e9s usado azul-claro CW"}]},{"@type":"WebSite","@id":"https:\/\/www.navicontainers.com\/#website","url":"https:\/\/www.navicontainers.com\/","name":"Conteneurs Navi","description":"Des solutions pour les conteneurs avec confiance et rapidit\u00e9. Tous droits r\u00e9serv\u00e9s.","potentialAction":[{"@type":"SearchAction","target":{"@type":"EntryPoint","urlTemplate":"https:\/\/www.navicontainers.com\/?s={search_term_string}"},"query-input":{"@type":"PropertyValueSpecification","valueRequired":true,"valueName":"search_term_string"}}],"inLanguage":"fr-FR"}]},"product_price_amount":"1100.00","product_price_currency":"EUR","og_availability":"instock","product_availability":"instock","product_retailer_item_id":"MC-STD-20-CW-BLUE-LIGHT","product_condition":"new"},"_links":{"self":[{"href":"https:\/\/www.navicontainers.com\/fr\/wp-json\/wp\/v2\/product\/29631","targetHints":{"allow":["GET"]}}],"collection":[{"href":"https:\/\/www.navicontainers.com\/fr\/wp-json\/wp\/v2\/product"}],"about":[{"href":"https:\/\/www.navicontainers.com\/fr\/wp-json\/wp\/v2\/types\/product"}],"replies":[{"embeddable":true,"href":"https:\/\/www.navicontainers.com\/fr\/wp-json\/wp\/v2\/comments?post=29631"}],"version-history":[{"count":1,"href":"https:\/\/www.navicontainers.com\/fr\/wp-json\/wp\/v2\/product\/29631\/revisions"}],"predecessor-version":[{"id":29636,"href":"https:\/\/www.navicontainers.com\/fr\/wp-json\/wp\/v2\/product\/29631\/revisions\/29636"}],"wp:featuredmedia":[{"embeddable":true,"href":"https:\/\/www.navicontainers.com\/fr\/wp-json\/wp\/v2\/media\/29632"}],"wp:attachment":[{"href":"https:\/\/www.navicontainers.com\/fr\/wp-json\/wp\/v2\/media?parent=29631"}],"wp:term":[{"taxonomy":"product_brand","embeddable":true,"href":"https:\/\/www.navicontainers.com\/fr\/wp-json\/wp\/v2\/product_brand?post=29631"},{"taxonomy":"product_cat","embeddable":true,"href":"https:\/\/www.navicontainers.com\/fr\/wp-json\/wp\/v2\/product_cat?post=29631"},{"taxonomy":"product_tag","embeddable":true,"href":"https:\/\/www.navicontainers.com\/fr\/wp-json\/wp\/v2\/product_tag?post=29631"}],"curies":[{"name":"wp","href":"https:\/\/api.w.org\/{rel}","templated":true}]}}