{"id":29691,"date":"2025-09-19T20:52:45","date_gmt":"2025-09-19T20:52:45","guid":{"rendered":"https:\/\/www.navicontainers.com\/?post_type=product&#038;p=29691"},"modified":"2025-12-24T12:41:20","modified_gmt":"2025-12-24T12:41:20","slug":"contentor-20-pes-usado-azul-tal-international","status":"publish","type":"product","link":"https:\/\/www.navicontainers.com\/fr\/boutique\/conteneur-dexpedition-20-pes\/contentor-20-pes-usado-azul-tal-international\/","title":{"rendered":"Conteneur bleu TAL International de classe B usag\u00e9 de 20 pieds"},"content":{"rendered":"<h2>Conteneur 20 pieds bleu d'occasion TAL International<\/h2>\n<p>Le pr\u00e9sent <strong>conteneur 20 pieds d'occasion<\/strong> de TAL International est une solution pratique, \u00e9conomique et polyvalente pour le stockage et les projets personnalis\u00e9s. La classe B \/ WWT (Wind &amp; Watertight) garantit une \u00e9tanch\u00e9it\u00e9 totale au vent et \u00e0 l'eau, ce qui le rend id\u00e9al pour une utilisation sur terre, m\u00eame s'il n'est plus certifi\u00e9 pour le transport maritime international. Il s'agit d'un conteneur robuste, fonctionnel et fiable, disponible dans une \u00e9l\u00e9gante couleur bleue.<\/p>\n<h3>Caract\u00e9ristiques techniques<\/h3>\n<ul>\n<li><strong>Taille :<\/strong> 20 pieds (6,06 m de long x 2,44 m de large x 2,59 m de haut)<\/li>\n<li><strong>Volume interne :<\/strong> ~33 m\u00b3<\/li>\n<li><strong>Mat\u00e9riau :<\/strong> Acier corten hautement r\u00e9sistant \u00e0 la corrosion<\/li>\n<li><strong>\u00c9tat :<\/strong> Classe B \/ WWT (Wind &amp; Watertight)<\/li>\n<li><strong>Couleur :<\/strong> Bleu<\/li>\n<li><strong>Marque :<\/strong> TAL International<\/li>\n<li><strong>Le sol :<\/strong> Bois trait\u00e9<\/li>\n<li><strong>Portes :<\/strong> Double avec joints d'\u00e9tanch\u00e9it\u00e9<\/li>\n<\/ul>\n<h3>Utilisations recommand\u00e9es<\/h3>\n<ul>\n<li>Stockage de marchandises, d'outils ou d'\u00e9quipements<\/li>\n<li>Projets de transformation en espaces commerciaux ou r\u00e9sidentiels<\/li>\n<li>Construction modulaire ou solutions temporaires<\/li>\n<li>Transport interne et logistique<\/li>\n<\/ul>\n<h3>Livraison flexible<\/h3>\n<p>Le pr\u00e9sent <strong>conteneur 20 pieds d'occasion<\/strong> peuvent \u00eatre livr\u00e9s partout au Portugal continental. Le client choisit le mode de transport qui lui convient le mieux :<\/p>\n<ul>\n<li><strong>Camion standard<\/strong> - option la moins ch\u00e8re<\/li>\n<li><strong>Camion-grue<\/strong> - pour un d\u00e9chargement direct sur le site<\/li>\n<\/ul>\n<h3>Pourquoi choisir Navicontainers ?<\/h3>\n<p>Navicontainers est sp\u00e9cialis\u00e9 dans la vente de <strong>conteneurs d'exp\u00e9dition usag\u00e9s<\/strong>garantissant toujours la qualit\u00e9, la fiabilit\u00e9 et la rapidit\u00e9 de livraison. Cette <strong>conteneur 20 pieds d'occasion<\/strong> a Classe B internationale TAL bleue est un choix judicieux pour ceux qui recherchent la robustesse \u00e0 un prix comp\u00e9titif.<\/p>","protected":false},"excerpt":{"rendered":"<p>Conteneur maritime 20 pieds usag\u00e9 en excellent \u00e9tat Classe B (WWT). \ud83d\udce6 Photos r\u00e9elles du produit.<br \/>\nLivraison calcul\u00e9e automatiquement \u2705 Le client choisit le type de camion : standard ou \u00e0 grue.<\/p>","protected":false},"featured_media":29692,"comment_status":"open","ping_status":"closed","template":"","meta":{"_acf_changed":false},"product_brand":[],"product_cat":[96],"product_tag":[214],"class_list":{"0":"post-29691","1":"product","2":"type-product","3":"status-publish","4":"has-post-thumbnail","6":"product_cat-contentor-maritimo-20-pes","7":"product_tag-contentor-usado","9":"first","10":"instock","11":"featured","12":"taxable","13":"shipping-taxable","14":"purchasable","15":"product-type-simple"},"acf":[],"yoast_head":"<!-- This site is optimized with the Yoast SEO plugin v27.4 - https:\/\/yoast.com\/product\/yoast-seo-wordpress\/ -->\n<title>Contentor 20 p\u00e9s usado azul TAL International Classe B<\/title>\n<meta name=\"description\" content=\"Contentor 20 p\u00e9s usado azul TAL International Classe B. Venda direta, entrega r\u00e1pida e qualidade garantida pela Navicontainers.\" \/>\n<meta name=\"robots\" content=\"index, follow, max-snippet:-1, max-image-preview:large, max-video-preview:-1\" \/>\n<link rel=\"canonical\" href=\"https:\/\/www.navicontainers.com\/fr\/boutique\/conteneur-dexpedition-20-pes\/contentor-20-pes-usado-azul-tal-international\/\" \/>\n<meta property=\"og:locale\" content=\"fr_FR\" \/>\n<meta property=\"og:type\" content=\"article\" \/>\n<meta property=\"og:title\" content=\"Contentor 20 p\u00e9s usado azul TAL International Classe B\" \/>\n<meta property=\"og:description\" content=\"Contentor 20 p\u00e9s usado azul TAL International Classe B. Venda direta, entrega r\u00e1pida e qualidade garantida pela Navicontainers.\" \/>\n<meta property=\"og:url\" content=\"https:\/\/www.navicontainers.com\/fr\/boutique\/conteneur-dexpedition-20-pes\/contentor-20-pes-usado-azul-tal-international\/\" \/>\n<meta property=\"og:site_name\" content=\"Navi Containers\" \/>\n<meta property=\"article:modified_time\" content=\"2025-12-24T12:41:20+00:00\" \/>\n<meta property=\"og:image\" content=\"https:\/\/www.navicontainers.com\/wp-content\/uploads\/2025\/09\/IMG_0579.webp\" \/>\n\t<meta property=\"og:image:width\" content=\"2048\" \/>\n\t<meta property=\"og:image:height\" content=\"1536\" \/>\n\t<meta property=\"og:image:type\" content=\"image\/webp\" \/>\n<meta name=\"twitter:card\" content=\"summary_large_image\" \/>\n<meta name=\"twitter:label1\" content=\"Prix\" \/>\n\t<meta name=\"twitter:data1\" content=\"900,00&nbsp;&euro;\" \/>\n\t<meta name=\"twitter:label2\" content=\"Disponibilit\u00e9\" \/>\n\t<meta name=\"twitter:data2\" content=\"En stock\" \/>\n<meta property=\"product:price:amount\" content=\"900.00\" \/>\n<meta property=\"product:price:currency\" content=\"EUR\" \/>\n<meta property=\"og:availability\" content=\"instock\" \/>\n<meta property=\"product:availability\" content=\"instock\" \/>\n<meta property=\"product:retailer_item_id\" content=\"NC-STD-20-WWT-0925-TAL\" \/>\n<meta property=\"product:condition\" content=\"new\" \/>\n<!-- \/ Yoast SEO plugin. -->","yoast_head_json":{"title":"Conteneur bleu TAL International de classe B usag\u00e9 de 20 pieds","description":"Contentor 20 p\u00e9s usado azul TAL International Classe B. Venda direta, entrega r\u00e1pida e qualidade garantida pela Navicontainers.","robots":{"index":"index","follow":"follow","max-snippet":"max-snippet:-1","max-image-preview":"max-image-preview:large","max-video-preview":"max-video-preview:-1"},"canonical":"https:\/\/www.navicontainers.com\/fr\/boutique\/conteneur-dexpedition-20-pes\/contentor-20-pes-usado-azul-tal-international\/","og_locale":"fr_FR","og_type":"article","og_title":"Contentor 20 p\u00e9s usado azul TAL International Classe B","og_description":"Contentor 20 p\u00e9s usado azul TAL International Classe B. Venda direta, entrega r\u00e1pida e qualidade garantida pela Navicontainers.","og_url":"https:\/\/www.navicontainers.com\/fr\/boutique\/conteneur-dexpedition-20-pes\/contentor-20-pes-usado-azul-tal-international\/","og_site_name":"Navi Containers","article_modified_time":"2025-12-24T12:41:20+00:00","og_image":[{"width":2048,"height":1536,"url":"https:\/\/www.navicontainers.com\/wp-content\/uploads\/2025\/09\/IMG_0579.webp","type":"image\/webp"}],"twitter_card":"summary_large_image","twitter_misc":{"Prix":"900,00&nbsp;&euro;","Disponibilit\u00e9":"En stock"},"schema":{"@context":"https:\/\/schema.org","@graph":[{"@type":"WebPage","@id":"https:\/\/www.navicontainers.com\/shop\/contentor-maritimo-20-pes\/contentor-20-pes-usado-azul-tal-international\/","url":"https:\/\/www.navicontainers.com\/shop\/contentor-maritimo-20-pes\/contentor-20-pes-usado-azul-tal-international\/","name":"Conteneur bleu TAL International de classe B usag\u00e9 de 20 pieds","isPartOf":{"@id":"https:\/\/www.navicontainers.com\/#website"},"primaryImageOfPage":{"@id":"https:\/\/www.navicontainers.com\/shop\/contentor-maritimo-20-pes\/contentor-20-pes-usado-azul-tal-international\/#primaryimage"},"image":{"@id":"https:\/\/www.navicontainers.com\/shop\/contentor-maritimo-20-pes\/contentor-20-pes-usado-azul-tal-international\/#primaryimage"},"thumbnailUrl":"https:\/\/www.navicontainers.com\/wp-content\/uploads\/2025\/09\/IMG_0579.webp","datePublished":"2025-09-19T20:52:45+00:00","dateModified":"2025-12-24T12:41:20+00:00","description":"Contentor 20 p\u00e9s usado azul TAL International Classe B. Venda direta, entrega r\u00e1pida e qualidade garantida pela Navicontainers.","breadcrumb":{"@id":"https:\/\/www.navicontainers.com\/shop\/contentor-maritimo-20-pes\/contentor-20-pes-usado-azul-tal-international\/#breadcrumb"},"inLanguage":"fr-FR","potentialAction":[{"@type":"ReadAction","target":["https:\/\/www.navicontainers.com\/shop\/contentor-maritimo-20-pes\/contentor-20-pes-usado-azul-tal-international\/"]}]},{"@type":"ImageObject","inLanguage":"fr-FR","@id":"https:\/\/www.navicontainers.com\/shop\/contentor-maritimo-20-pes\/contentor-20-pes-usado-azul-tal-international\/#primaryimage","url":"https:\/\/www.navicontainers.com\/wp-content\/uploads\/2025\/09\/IMG_0579.webp","contentUrl":"https:\/\/www.navicontainers.com\/wp-content\/uploads\/2025\/09\/IMG_0579.webp","width":2048,"height":1536,"caption":"Contentor 20 p\u00e9s usado azul TAL International Classe B frente"},{"@type":"BreadcrumbList","@id":"https:\/\/www.navicontainers.com\/shop\/contentor-maritimo-20-pes\/contentor-20-pes-usado-azul-tal-international\/#breadcrumb","itemListElement":[{"@type":"ListItem","position":1,"name":"Accueil","item":"https:\/\/www.navicontainers.com\/"},{"@type":"ListItem","position":2,"name":"Parque","item":"https:\/\/www.navicontainers.com\/parque\/"},{"@type":"ListItem","position":3,"name":"Contentor 20 p\u00e9s usado azul TAL International Classe B"}]},{"@type":"WebSite","@id":"https:\/\/www.navicontainers.com\/#website","url":"https:\/\/www.navicontainers.com\/","name":"Conteneurs Navi","description":"Des solutions pour les conteneurs avec confiance et rapidit\u00e9. Tous droits r\u00e9serv\u00e9s.","potentialAction":[{"@type":"SearchAction","target":{"@type":"EntryPoint","urlTemplate":"https:\/\/www.navicontainers.com\/?s={search_term_string}"},"query-input":{"@type":"PropertyValueSpecification","valueRequired":true,"valueName":"search_term_string"}}],"inLanguage":"fr-FR"}]},"product_price_amount":"900.00","product_price_currency":"EUR","og_availability":"instock","product_availability":"instock","product_retailer_item_id":"NC-STD-20-WWT-0925-TAL","product_condition":"new"},"_links":{"self":[{"href":"https:\/\/www.navicontainers.com\/fr\/wp-json\/wp\/v2\/product\/29691","targetHints":{"allow":["GET"]}}],"collection":[{"href":"https:\/\/www.navicontainers.com\/fr\/wp-json\/wp\/v2\/product"}],"about":[{"href":"https:\/\/www.navicontainers.com\/fr\/wp-json\/wp\/v2\/types\/product"}],"replies":[{"embeddable":true,"href":"https:\/\/www.navicontainers.com\/fr\/wp-json\/wp\/v2\/comments?post=29691"}],"version-history":[{"count":2,"href":"https:\/\/www.navicontainers.com\/fr\/wp-json\/wp\/v2\/product\/29691\/revisions"}],"predecessor-version":[{"id":29997,"href":"https:\/\/www.navicontainers.com\/fr\/wp-json\/wp\/v2\/product\/29691\/revisions\/29997"}],"wp:featuredmedia":[{"embeddable":true,"href":"https:\/\/www.navicontainers.com\/fr\/wp-json\/wp\/v2\/media\/29692"}],"wp:attachment":[{"href":"https:\/\/www.navicontainers.com\/fr\/wp-json\/wp\/v2\/media?parent=29691"}],"wp:term":[{"taxonomy":"product_brand","embeddable":true,"href":"https:\/\/www.navicontainers.com\/fr\/wp-json\/wp\/v2\/product_brand?post=29691"},{"taxonomy":"product_cat","embeddable":true,"href":"https:\/\/www.navicontainers.com\/fr\/wp-json\/wp\/v2\/product_cat?post=29691"},{"taxonomy":"product_tag","embeddable":true,"href":"https:\/\/www.navicontainers.com\/fr\/wp-json\/wp\/v2\/product_tag?post=29691"}],"curies":[{"name":"wp","href":"https:\/\/api.w.org\/{rel}","templated":true}]}}