{"id":29750,"date":"2025-09-20T08:12:15","date_gmt":"2025-09-20T08:12:15","guid":{"rendered":"https:\/\/www.navicontainers.com\/?post_type=product&#038;p=29750"},"modified":"2025-12-24T12:38:06","modified_gmt":"2025-12-24T12:38:06","slug":"contentor-20-pes-usado-azul-nyk-line","status":"publish","type":"product","link":"https:\/\/www.navicontainers.com\/fr\/boutique\/conteneur-dexpedition-20-pes\/contentor-20-pes-usado-azul-nyk-line\/","title":{"rendered":"Conteneur bleu de 20 pieds de classe B usag\u00e9 de la NYK Line"},"content":{"rendered":"<h2>Conteneur bleu de 20 pieds usag\u00e9 de la NYK Line<\/h2>\n<p>Le pr\u00e9sent <strong>conteneur 20 pieds d'occasion<\/strong> NYK Line est une solution polyvalente et \u00e9conomique pour les projets de stockage et de transformation. Il est class\u00e9 comme <strong>Classe B \/ WWT (Wind &amp; Watertight)<\/strong>Cela signifie qu'il est toujours \u00e9tanche au vent et \u00e0 l'eau et parfait pour une utilisation sur terre, bien qu'il ne soit plus certifi\u00e9 pour le transport maritime international.<\/p>\n<h3>Caract\u00e9ristiques techniques<\/h3>\n<ul>\n<li><strong>Taille :<\/strong> 20 pieds (6.06m L x 2.44m L x 2.59m H)<\/li>\n<li><strong>Volume interne :<\/strong> ~33 m\u00b3<\/li>\n<li><strong>Mat\u00e9riau :<\/strong> Acier corten tr\u00e8s r\u00e9sistant<\/li>\n<li><strong>\u00c9tat :<\/strong> Classe B \/ WWT (Wind &amp; Watertight)<\/li>\n<li><strong>Couleur :<\/strong> Bleu<\/li>\n<li><strong>Marque :<\/strong> Ligne NYK<\/li>\n<li><strong>Le sol :<\/strong> Bois trait\u00e9<\/li>\n<li><strong>Portes :<\/strong> Double avec joints d'\u00e9tanch\u00e9it\u00e9<\/li>\n<\/ul>\n<h3>Utilisations recommand\u00e9es<\/h3>\n<ul>\n<li>Stockage de marchandises, d'outils et d'\u00e9quipements<\/li>\n<li>Transformation en logements ou en modules commerciaux<\/li>\n<li>Solutions de construction modulaire<\/li>\n<li>Utilisation sur les chantiers, les entrep\u00f4ts ou les fermes<\/li>\n<\/ul>\n<h3>Livraison dans tout le pays<\/h3>\n<p>Navicontainers fournit ceci <strong>conteneur 20 pieds d'occasion<\/strong> partout au Portugal continental. Les clients peuvent choisir :<\/p>\n<ul>\n<li><strong>Camion standard<\/strong> - transport moins cher<\/li>\n<li><strong>Camion-grue<\/strong> - permet le d\u00e9chargement direct sur le site<\/li>\n<\/ul>\n<h3>Pourquoi Navicontainers ?<\/h3>\n<p>Sp\u00e9cialis\u00e9 dans <strong>conteneurs d'exp\u00e9dition usag\u00e9s<\/strong>Navicontainers garantit la qualit\u00e9, la transparence et la rapidit\u00e9 de livraison. Cette <strong>conteneur bleu de 20 pieds de classe B utilis\u00e9 par la NYK Line<\/strong> est id\u00e9al pour ceux qui recherchent un conteneur robuste et \u00e9conomique pour une utilisation sur terre.<\/p>","protected":false},"excerpt":{"rendered":"<p>Conteneur maritime usag\u00e9 de 20 pieds de classe B (WWT), couleur bleue, marque NYK Line. Photos de produits r\u00e9els.<br \/>\nLa livraison est calcul\u00e9e automatiquement. Le client choisit : camion standard ou camion-grue.<\/p>","protected":false},"featured_media":29751,"comment_status":"open","ping_status":"closed","template":"","meta":{"_acf_changed":false},"product_brand":[],"product_cat":[96],"product_tag":[214],"class_list":{"0":"post-29750","1":"product","2":"type-product","3":"status-publish","4":"has-post-thumbnail","6":"product_cat-contentor-maritimo-20-pes","7":"product_tag-contentor-usado","9":"first","10":"instock","11":"taxable","12":"shipping-taxable","13":"purchasable","14":"product-type-simple"},"acf":[],"yoast_head":"<!-- This site is optimized with the Yoast SEO plugin v27.4 - https:\/\/yoast.com\/product\/yoast-seo-wordpress\/ -->\n<title>Contentor 20 p\u00e9s usado azul NYK Line Classe B<\/title>\n<meta name=\"description\" content=\"Contentor 20 p\u00e9s usado azul NYK Line Classe B (WWT). Estanque, robusto e econ\u00f3mico. Venda direta com qualidade garantida e entrega r\u00e1pida em Portugal.\" \/>\n<meta name=\"robots\" content=\"index, follow, max-snippet:-1, max-image-preview:large, max-video-preview:-1\" \/>\n<link rel=\"canonical\" href=\"https:\/\/www.navicontainers.com\/fr\/boutique\/conteneur-dexpedition-20-pes\/contentor-20-pes-usado-azul-nyk-line\/\" \/>\n<meta property=\"og:locale\" content=\"fr_FR\" \/>\n<meta property=\"og:type\" content=\"article\" \/>\n<meta property=\"og:title\" content=\"Contentor 20 p\u00e9s usado azul NYK Line Classe B\" \/>\n<meta property=\"og:description\" content=\"Contentor 20 p\u00e9s usado azul NYK Line Classe B (WWT). Estanque, robusto e econ\u00f3mico. Venda direta com qualidade garantida e entrega r\u00e1pida em Portugal.\" \/>\n<meta property=\"og:url\" content=\"https:\/\/www.navicontainers.com\/fr\/boutique\/conteneur-dexpedition-20-pes\/contentor-20-pes-usado-azul-nyk-line\/\" \/>\n<meta property=\"og:site_name\" content=\"Navi Containers\" \/>\n<meta property=\"article:modified_time\" content=\"2025-12-24T12:38:06+00:00\" \/>\n<meta property=\"og:image\" content=\"https:\/\/www.navicontainers.com\/wp-content\/uploads\/2025\/09\/IMG_2008.webp\" \/>\n\t<meta property=\"og:image:width\" content=\"2048\" \/>\n\t<meta property=\"og:image:height\" content=\"1536\" \/>\n\t<meta property=\"og:image:type\" content=\"image\/webp\" \/>\n<meta name=\"twitter:card\" content=\"summary_large_image\" \/>\n<meta name=\"twitter:label1\" content=\"Prix\" \/>\n\t<meta name=\"twitter:data1\" content=\"900,00&nbsp;&euro;\" \/>\n\t<meta name=\"twitter:label2\" content=\"Disponibilit\u00e9\" \/>\n\t<meta name=\"twitter:data2\" content=\"En stock\" \/>\n<meta property=\"product:price:amount\" content=\"900.00\" \/>\n<meta property=\"product:price:currency\" content=\"EUR\" \/>\n<meta property=\"og:availability\" content=\"instock\" \/>\n<meta property=\"product:availability\" content=\"instock\" \/>\n<meta property=\"product:retailer_item_id\" content=\"NC-STD-20-WWT-0925-NYKLINE-01\" \/>\n<meta property=\"product:condition\" content=\"new\" \/>\n<!-- \/ Yoast SEO plugin. -->","yoast_head_json":{"title":"Conteneur bleu de 20 pieds de classe B usag\u00e9 de la NYK Line","description":"Conteneur bleu usag\u00e9 de 20 pieds de la NYK Line de classe B (WWT). Etanche, robuste et \u00e9conomique. Vente directe avec garantie de qualit\u00e9 et livraison rapide au Portugal.","robots":{"index":"index","follow":"follow","max-snippet":"max-snippet:-1","max-image-preview":"max-image-preview:large","max-video-preview":"max-video-preview:-1"},"canonical":"https:\/\/www.navicontainers.com\/fr\/boutique\/conteneur-dexpedition-20-pes\/contentor-20-pes-usado-azul-nyk-line\/","og_locale":"fr_FR","og_type":"article","og_title":"Contentor 20 p\u00e9s usado azul NYK Line Classe B","og_description":"Contentor 20 p\u00e9s usado azul NYK Line Classe B (WWT). Estanque, robusto e econ\u00f3mico. Venda direta com qualidade garantida e entrega r\u00e1pida em Portugal.","og_url":"https:\/\/www.navicontainers.com\/fr\/boutique\/conteneur-dexpedition-20-pes\/contentor-20-pes-usado-azul-nyk-line\/","og_site_name":"Navi Containers","article_modified_time":"2025-12-24T12:38:06+00:00","og_image":[{"width":2048,"height":1536,"url":"https:\/\/www.navicontainers.com\/wp-content\/uploads\/2025\/09\/IMG_2008.webp","type":"image\/webp"}],"twitter_card":"summary_large_image","twitter_misc":{"Prix":"900,00&nbsp;&euro;","Disponibilit\u00e9":"En stock"},"schema":{"@context":"https:\/\/schema.org","@graph":[{"@type":"WebPage","@id":"https:\/\/www.navicontainers.com\/shop\/contentor-maritimo-20-pes\/contentor-20-pes-usado-azul-nyk-line\/","url":"https:\/\/www.navicontainers.com\/shop\/contentor-maritimo-20-pes\/contentor-20-pes-usado-azul-nyk-line\/","name":"Conteneur bleu de 20 pieds de classe B usag\u00e9 de la NYK Line","isPartOf":{"@id":"https:\/\/www.navicontainers.com\/#website"},"primaryImageOfPage":{"@id":"https:\/\/www.navicontainers.com\/shop\/contentor-maritimo-20-pes\/contentor-20-pes-usado-azul-nyk-line\/#primaryimage"},"image":{"@id":"https:\/\/www.navicontainers.com\/shop\/contentor-maritimo-20-pes\/contentor-20-pes-usado-azul-nyk-line\/#primaryimage"},"thumbnailUrl":"https:\/\/www.navicontainers.com\/wp-content\/uploads\/2025\/09\/IMG_2008.webp","datePublished":"2025-09-20T08:12:15+00:00","dateModified":"2025-12-24T12:38:06+00:00","description":"Conteneur bleu usag\u00e9 de 20 pieds de la NYK Line de classe B (WWT). Etanche, robuste et \u00e9conomique. Vente directe avec garantie de qualit\u00e9 et livraison rapide au Portugal.","breadcrumb":{"@id":"https:\/\/www.navicontainers.com\/shop\/contentor-maritimo-20-pes\/contentor-20-pes-usado-azul-nyk-line\/#breadcrumb"},"inLanguage":"fr-FR","potentialAction":[{"@type":"ReadAction","target":["https:\/\/www.navicontainers.com\/shop\/contentor-maritimo-20-pes\/contentor-20-pes-usado-azul-nyk-line\/"]}]},{"@type":"ImageObject","inLanguage":"fr-FR","@id":"https:\/\/www.navicontainers.com\/shop\/contentor-maritimo-20-pes\/contentor-20-pes-usado-azul-nyk-line\/#primaryimage","url":"https:\/\/www.navicontainers.com\/wp-content\/uploads\/2025\/09\/IMG_2008.webp","contentUrl":"https:\/\/www.navicontainers.com\/wp-content\/uploads\/2025\/09\/IMG_2008.webp","width":2048,"height":1536,"caption":"Contentor 20 p\u00e9s usado azul NYK Line Classe B frente"},{"@type":"BreadcrumbList","@id":"https:\/\/www.navicontainers.com\/shop\/contentor-maritimo-20-pes\/contentor-20-pes-usado-azul-nyk-line\/#breadcrumb","itemListElement":[{"@type":"ListItem","position":1,"name":"Accueil","item":"https:\/\/www.navicontainers.com\/"},{"@type":"ListItem","position":2,"name":"Parque","item":"https:\/\/www.navicontainers.com\/parque\/"},{"@type":"ListItem","position":3,"name":"Contentor 20 p\u00e9s usado azul NYK Line Classe B"}]},{"@type":"WebSite","@id":"https:\/\/www.navicontainers.com\/#website","url":"https:\/\/www.navicontainers.com\/","name":"Conteneurs Navi","description":"Des solutions pour les conteneurs avec confiance et rapidit\u00e9. Tous droits r\u00e9serv\u00e9s.","potentialAction":[{"@type":"SearchAction","target":{"@type":"EntryPoint","urlTemplate":"https:\/\/www.navicontainers.com\/?s={search_term_string}"},"query-input":{"@type":"PropertyValueSpecification","valueRequired":true,"valueName":"search_term_string"}}],"inLanguage":"fr-FR"}]},"product_price_amount":"900.00","product_price_currency":"EUR","og_availability":"instock","product_availability":"instock","product_retailer_item_id":"NC-STD-20-WWT-0925-NYKLINE-01","product_condition":"new"},"_links":{"self":[{"href":"https:\/\/www.navicontainers.com\/fr\/wp-json\/wp\/v2\/product\/29750","targetHints":{"allow":["GET"]}}],"collection":[{"href":"https:\/\/www.navicontainers.com\/fr\/wp-json\/wp\/v2\/product"}],"about":[{"href":"https:\/\/www.navicontainers.com\/fr\/wp-json\/wp\/v2\/types\/product"}],"replies":[{"embeddable":true,"href":"https:\/\/www.navicontainers.com\/fr\/wp-json\/wp\/v2\/comments?post=29750"}],"version-history":[{"count":2,"href":"https:\/\/www.navicontainers.com\/fr\/wp-json\/wp\/v2\/product\/29750\/revisions"}],"predecessor-version":[{"id":29988,"href":"https:\/\/www.navicontainers.com\/fr\/wp-json\/wp\/v2\/product\/29750\/revisions\/29988"}],"wp:featuredmedia":[{"embeddable":true,"href":"https:\/\/www.navicontainers.com\/fr\/wp-json\/wp\/v2\/media\/29751"}],"wp:attachment":[{"href":"https:\/\/www.navicontainers.com\/fr\/wp-json\/wp\/v2\/media?parent=29750"}],"wp:term":[{"taxonomy":"product_brand","embeddable":true,"href":"https:\/\/www.navicontainers.com\/fr\/wp-json\/wp\/v2\/product_brand?post=29750"},{"taxonomy":"product_cat","embeddable":true,"href":"https:\/\/www.navicontainers.com\/fr\/wp-json\/wp\/v2\/product_cat?post=29750"},{"taxonomy":"product_tag","embeddable":true,"href":"https:\/\/www.navicontainers.com\/fr\/wp-json\/wp\/v2\/product_tag?post=29750"}],"curies":[{"name":"wp","href":"https:\/\/api.w.org\/{rel}","templated":true}]}}