{"id":29758,"date":"2025-09-20T08:19:42","date_gmt":"2025-09-20T08:19:42","guid":{"rendered":"https:\/\/www.navicontainers.com\/?post_type=product&#038;p=29758"},"modified":"2025-12-24T12:38:57","modified_gmt":"2025-12-24T12:38:57","slug":"contentor-20-pes-usado-azul-cma-cgm-2","status":"publish","type":"product","link":"https:\/\/www.navicontainers.com\/fr\/boutique\/conteneur-dexpedition-20-pes\/contentor-20-pes-usado-azul-cma-cgm-2\/","title":{"rendered":"Conteneur bleu de 20 pieds CMA CGM classe B d'occasion"},"content":{"rendered":"<h2>Conteneur bleu usag\u00e9 de 20 pieds CMA CGM<\/h2>\n<p>Le pr\u00e9sent <strong>conteneur 20 pieds d'occasion<\/strong> de la marque CMA CGM est une solution robuste et pratique pour l'entreposage, la logistique interne ou les projets de transformation. Class\u00e9 comme <strong>Classe B \/ WWT (Wind &amp; Watertight)<\/strong>Il reste parfaitement \u00e9tanche au vent et \u00e0 l'eau et est id\u00e9al pour une utilisation sur terre, m\u00eame s'il n'est plus certifi\u00e9 pour le transport maritime international.<\/p>\n<h3>Caract\u00e9ristiques techniques<\/h3>\n<ul>\n<li><strong>Taille :<\/strong> 20 pieds (6.06m L x 2.44m L x 2.59m H)<\/li>\n<li><strong>Volume interne :<\/strong> ~33 m\u00b3<\/li>\n<li><strong>Mat\u00e9riau :<\/strong> Acier corten r\u00e9sistant \u00e0 la corrosion<\/li>\n<li><strong>\u00c9tat :<\/strong> Classe B \/ WWT (Wind &amp; Watertight)<\/li>\n<li><strong>Couleur :<\/strong> Bleu<\/li>\n<li><strong>Marque :<\/strong> CMA CGM<\/li>\n<li><strong>Le sol :<\/strong> Bois trait\u00e9<\/li>\n<li><strong>Portes :<\/strong> Double avec le syst\u00e8me d'\u00e9tanch\u00e9it\u00e9<\/li>\n<\/ul>\n<h3>Utilisations recommand\u00e9es<\/h3>\n<ul>\n<li>Stockage de marchandises, de mat\u00e9riaux et d'\u00e9quipements<\/li>\n<li>Transformation en modules commerciaux ou r\u00e9sidentiels<\/li>\n<li>Construction modulaire et solutions temporaires<\/li>\n<li>Utilisation dans les fermes, les entrep\u00f4ts et les chantiers de construction<\/li>\n<\/ul>\n<h3>Livraison dans tout le pays<\/h3>\n<p>Navicontainers assure la livraison de cette <strong>conteneur 20 pieds d'occasion<\/strong> partout au Portugal continental. Les clients peuvent choisir entre<\/p>\n<ul>\n<li><strong>Camion standard<\/strong> - transport moins cher<\/li>\n<li><strong>Camion-grue<\/strong> - rejet direct sur le site<\/li>\n<\/ul>\n<h3>Pourquoi Navicontainers ?<\/h3>\n<p>Navicontainers est sp\u00e9cialis\u00e9 dans <strong>conteneurs d'exp\u00e9dition usag\u00e9s<\/strong>offrant des solutions fiables et \u00e9conomiques. Cette <strong>Conteneur bleu d'occasion de 20 pieds de la classe B de CMA CGM<\/strong> est un choix solide pour ceux qui recherchent la fonctionnalit\u00e9 et un prix comp\u00e9titif.<\/p>","protected":false},"excerpt":{"rendered":"<p>Conteneur maritime usag\u00e9 de 20 pieds de classe B (WWT), couleur bleue, marque CMA CGM. Photos r\u00e9elles du produit.<br \/>\nLa livraison est calcul\u00e9e automatiquement. Le client choisit : camion standard ou camion-grue.<\/p>","protected":false},"featured_media":29759,"comment_status":"open","ping_status":"closed","template":"","meta":{"_acf_changed":false},"product_brand":[],"product_cat":[96],"product_tag":[214],"class_list":{"0":"post-29758","1":"product","2":"type-product","3":"status-publish","4":"has-post-thumbnail","6":"product_cat-contentor-maritimo-20-pes","7":"product_tag-contentor-usado","9":"first","10":"instock","11":"taxable","12":"shipping-taxable","13":"purchasable","14":"product-type-simple"},"acf":[],"yoast_head":"<!-- This site is optimized with the Yoast SEO plugin v27.4 - https:\/\/yoast.com\/product\/yoast-seo-wordpress\/ -->\n<title>Contentor 20 p\u00e9s usado azul CMA CGM Classe B - Navi Containers<\/title>\n<meta name=\"description\" content=\"Contentor 20 p\u00e9s usado azul CMA CGM Classe B (WWT). Robusto, estanque e econ\u00f3mico. Venda direta com qualidade garantida e entrega r\u00e1pida em Portugal.\" \/>\n<meta name=\"robots\" content=\"index, follow, max-snippet:-1, max-image-preview:large, max-video-preview:-1\" \/>\n<link rel=\"canonical\" href=\"https:\/\/www.navicontainers.com\/fr\/boutique\/conteneur-dexpedition-20-pes\/contentor-20-pes-usado-azul-cma-cgm-2\/\" \/>\n<meta property=\"og:locale\" content=\"fr_FR\" \/>\n<meta property=\"og:type\" content=\"article\" \/>\n<meta property=\"og:title\" content=\"Contentor 20 p\u00e9s usado azul CMA CGM Classe B - Navi Containers\" \/>\n<meta property=\"og:description\" content=\"Contentor 20 p\u00e9s usado azul CMA CGM Classe B (WWT). Robusto, estanque e econ\u00f3mico. Venda direta com qualidade garantida e entrega r\u00e1pida em Portugal.\" \/>\n<meta property=\"og:url\" content=\"https:\/\/www.navicontainers.com\/fr\/boutique\/conteneur-dexpedition-20-pes\/contentor-20-pes-usado-azul-cma-cgm-2\/\" \/>\n<meta property=\"og:site_name\" content=\"Navi Containers\" \/>\n<meta property=\"article:modified_time\" content=\"2025-12-24T12:38:57+00:00\" \/>\n<meta property=\"og:image\" content=\"https:\/\/www.navicontainers.com\/wp-content\/uploads\/2025\/09\/IMG_0393.webp\" \/>\n\t<meta property=\"og:image:width\" content=\"2048\" \/>\n\t<meta property=\"og:image:height\" content=\"1536\" \/>\n\t<meta property=\"og:image:type\" content=\"image\/webp\" \/>\n<meta name=\"twitter:card\" content=\"summary_large_image\" \/>\n<meta name=\"twitter:label1\" content=\"Prix\" \/>\n\t<meta name=\"twitter:data1\" content=\"850,00&nbsp;&euro;\" \/>\n\t<meta name=\"twitter:label2\" content=\"Disponibilit\u00e9\" \/>\n\t<meta name=\"twitter:data2\" content=\"En stock\" \/>\n<meta property=\"product:price:amount\" content=\"850.00\" \/>\n<meta property=\"product:price:currency\" content=\"EUR\" \/>\n<meta property=\"og:availability\" content=\"instock\" \/>\n<meta property=\"product:availability\" content=\"instock\" \/>\n<meta property=\"product:retailer_item_id\" content=\"NC-STD-20-WWT-0925-CMACGM-01\" \/>\n<meta property=\"product:condition\" content=\"new\" \/>\n<!-- \/ Yoast SEO plugin. -->","yoast_head_json":{"title":"Contentor 20 p\u00e9s usado azul CMA CGM Classe B - Navi Containers","description":"Conteneur bleu de 20 pieds CMA CGM de classe B (WWT) usag\u00e9. Robuste, \u00e9tanche et \u00e9conomique. Vente directe avec garantie de qualit\u00e9 et livraison rapide au Portugal.","robots":{"index":"index","follow":"follow","max-snippet":"max-snippet:-1","max-image-preview":"max-image-preview:large","max-video-preview":"max-video-preview:-1"},"canonical":"https:\/\/www.navicontainers.com\/fr\/boutique\/conteneur-dexpedition-20-pes\/contentor-20-pes-usado-azul-cma-cgm-2\/","og_locale":"fr_FR","og_type":"article","og_title":"Contentor 20 p\u00e9s usado azul CMA CGM Classe B - Navi Containers","og_description":"Contentor 20 p\u00e9s usado azul CMA CGM Classe B (WWT). Robusto, estanque e econ\u00f3mico. Venda direta com qualidade garantida e entrega r\u00e1pida em Portugal.","og_url":"https:\/\/www.navicontainers.com\/fr\/boutique\/conteneur-dexpedition-20-pes\/contentor-20-pes-usado-azul-cma-cgm-2\/","og_site_name":"Navi Containers","article_modified_time":"2025-12-24T12:38:57+00:00","og_image":[{"width":2048,"height":1536,"url":"https:\/\/www.navicontainers.com\/wp-content\/uploads\/2025\/09\/IMG_0393.webp","type":"image\/webp"}],"twitter_card":"summary_large_image","twitter_misc":{"Prix":"850,00&nbsp;&euro;","Disponibilit\u00e9":"En stock"},"schema":{"@context":"https:\/\/schema.org","@graph":[{"@type":"WebPage","@id":"https:\/\/www.navicontainers.com\/shop\/contentor-maritimo-20-pes\/contentor-20-pes-usado-azul-cma-cgm-2\/","url":"https:\/\/www.navicontainers.com\/shop\/contentor-maritimo-20-pes\/contentor-20-pes-usado-azul-cma-cgm-2\/","name":"Contentor 20 p\u00e9s usado azul CMA CGM Classe B - Navi Containers","isPartOf":{"@id":"https:\/\/www.navicontainers.com\/#website"},"primaryImageOfPage":{"@id":"https:\/\/www.navicontainers.com\/shop\/contentor-maritimo-20-pes\/contentor-20-pes-usado-azul-cma-cgm-2\/#primaryimage"},"image":{"@id":"https:\/\/www.navicontainers.com\/shop\/contentor-maritimo-20-pes\/contentor-20-pes-usado-azul-cma-cgm-2\/#primaryimage"},"thumbnailUrl":"https:\/\/www.navicontainers.com\/wp-content\/uploads\/2025\/09\/IMG_0393.webp","datePublished":"2025-09-20T08:19:42+00:00","dateModified":"2025-12-24T12:38:57+00:00","description":"Conteneur bleu de 20 pieds CMA CGM de classe B (WWT) usag\u00e9. Robuste, \u00e9tanche et \u00e9conomique. Vente directe avec garantie de qualit\u00e9 et livraison rapide au Portugal.","breadcrumb":{"@id":"https:\/\/www.navicontainers.com\/shop\/contentor-maritimo-20-pes\/contentor-20-pes-usado-azul-cma-cgm-2\/#breadcrumb"},"inLanguage":"fr-FR","potentialAction":[{"@type":"ReadAction","target":["https:\/\/www.navicontainers.com\/shop\/contentor-maritimo-20-pes\/contentor-20-pes-usado-azul-cma-cgm-2\/"]}]},{"@type":"ImageObject","inLanguage":"fr-FR","@id":"https:\/\/www.navicontainers.com\/shop\/contentor-maritimo-20-pes\/contentor-20-pes-usado-azul-cma-cgm-2\/#primaryimage","url":"https:\/\/www.navicontainers.com\/wp-content\/uploads\/2025\/09\/IMG_0393.webp","contentUrl":"https:\/\/www.navicontainers.com\/wp-content\/uploads\/2025\/09\/IMG_0393.webp","width":2048,"height":1536,"caption":"Contentor 20 p\u00e9s usado azul CMA CGM Classe B frente"},{"@type":"BreadcrumbList","@id":"https:\/\/www.navicontainers.com\/shop\/contentor-maritimo-20-pes\/contentor-20-pes-usado-azul-cma-cgm-2\/#breadcrumb","itemListElement":[{"@type":"ListItem","position":1,"name":"Accueil","item":"https:\/\/www.navicontainers.com\/"},{"@type":"ListItem","position":2,"name":"Parque","item":"https:\/\/www.navicontainers.com\/parque\/"},{"@type":"ListItem","position":3,"name":"Contentor 20 p\u00e9s usado azul CMA CGM Classe B"}]},{"@type":"WebSite","@id":"https:\/\/www.navicontainers.com\/#website","url":"https:\/\/www.navicontainers.com\/","name":"Conteneurs Navi","description":"Des solutions pour les conteneurs avec confiance et rapidit\u00e9. Tous droits r\u00e9serv\u00e9s.","potentialAction":[{"@type":"SearchAction","target":{"@type":"EntryPoint","urlTemplate":"https:\/\/www.navicontainers.com\/?s={search_term_string}"},"query-input":{"@type":"PropertyValueSpecification","valueRequired":true,"valueName":"search_term_string"}}],"inLanguage":"fr-FR"}]},"product_price_amount":"850.00","product_price_currency":"EUR","og_availability":"instock","product_availability":"instock","product_retailer_item_id":"NC-STD-20-WWT-0925-CMACGM-01","product_condition":"new"},"_links":{"self":[{"href":"https:\/\/www.navicontainers.com\/fr\/wp-json\/wp\/v2\/product\/29758","targetHints":{"allow":["GET"]}}],"collection":[{"href":"https:\/\/www.navicontainers.com\/fr\/wp-json\/wp\/v2\/product"}],"about":[{"href":"https:\/\/www.navicontainers.com\/fr\/wp-json\/wp\/v2\/types\/product"}],"replies":[{"embeddable":true,"href":"https:\/\/www.navicontainers.com\/fr\/wp-json\/wp\/v2\/comments?post=29758"}],"version-history":[{"count":3,"href":"https:\/\/www.navicontainers.com\/fr\/wp-json\/wp\/v2\/product\/29758\/revisions"}],"predecessor-version":[{"id":29995,"href":"https:\/\/www.navicontainers.com\/fr\/wp-json\/wp\/v2\/product\/29758\/revisions\/29995"}],"wp:featuredmedia":[{"embeddable":true,"href":"https:\/\/www.navicontainers.com\/fr\/wp-json\/wp\/v2\/media\/29759"}],"wp:attachment":[{"href":"https:\/\/www.navicontainers.com\/fr\/wp-json\/wp\/v2\/media?parent=29758"}],"wp:term":[{"taxonomy":"product_brand","embeddable":true,"href":"https:\/\/www.navicontainers.com\/fr\/wp-json\/wp\/v2\/product_brand?post=29758"},{"taxonomy":"product_cat","embeddable":true,"href":"https:\/\/www.navicontainers.com\/fr\/wp-json\/wp\/v2\/product_cat?post=29758"},{"taxonomy":"product_tag","embeddable":true,"href":"https:\/\/www.navicontainers.com\/fr\/wp-json\/wp\/v2\/product_tag?post=29758"}],"curies":[{"name":"wp","href":"https:\/\/api.w.org\/{rel}","templated":true}]}}