{"id":29777,"date":"2025-09-20T09:35:33","date_gmt":"2025-09-20T09:35:33","guid":{"rendered":"https:\/\/www.navicontainers.com\/?post_type=product&#038;p=29777"},"modified":"2025-12-24T13:13:04","modified_gmt":"2025-12-24T13:13:04","slug":"contentor-20-pes-usado-cinzento-mag-container-line-b","status":"publish","type":"product","link":"https:\/\/www.navicontainers.com\/fr\/boutique\/conteneur-dexpedition-20-pes\/contentor-20-pes-usado-cinzento-mag-container-line-b\/","title":{"rendered":"20 ft gris usag\u00e9 MAG Container Line Classe B"},"content":{"rendered":"<h2>Ligne de conteneurs grise MAG de 20 pieds d'occasion<\/h2>\n<p>Le pr\u00e9sent <strong>conteneur 20 pieds d'occasion<\/strong> de la marque MAG Container Line est class\u00e9e comme <strong>Classe B \/ WWT (Wind &amp; Watertight)<\/strong>et garantit l'\u00e9tanch\u00e9it\u00e9 au vent et \u00e0 l'eau. Bien qu'il ne soit plus certifi\u00e9 pour le transport maritime international, il reste parfaitement fonctionnel et robuste pour une utilisation sur terre, du stockage aux projets de transformation. C'est une solution pratique et \u00e9conomique pour ceux qui ont besoin d'un espace s\u00fbr et solide.<\/p>\n<h3>Caract\u00e9ristiques techniques<\/h3>\n<ul>\n<li><strong>Taille :<\/strong> 20 pieds (6.06m L x 2.44m L x 2.59m H)<\/li>\n<li><strong>Volume interne :<\/strong> ~33 m\u00b3<\/li>\n<li><strong>Mat\u00e9riau :<\/strong> Acier corten tr\u00e8s r\u00e9sistant<\/li>\n<li><strong>\u00c9tat :<\/strong> Classe B \/ WWT (Wind &amp; Watertight)<\/li>\n<li><strong>Couleur :<\/strong> Gris<\/li>\n<li><strong>Marque :<\/strong> MAG Container Line<\/li>\n<li><strong>Le sol :<\/strong> Bois trait\u00e9<\/li>\n<li><strong>Portes :<\/strong> Double joint en caoutchouc<\/li>\n<\/ul>\n<h3>Utilisations recommand\u00e9es<\/h3>\n<ul>\n<li>Stockage de mat\u00e9riaux, de marchandises ou d'\u00e9quipements<\/li>\n<li>Transformation en modules commerciaux, r\u00e9sidentiels ou techniques<\/li>\n<li>Constructions modulaires et solutions temporaires<\/li>\n<li>Utilisation dans les fermes, les entrep\u00f4ts et les chantiers de construction<\/li>\n<\/ul>\n<h3>Livraison dans tout le pays<\/h3>\n<p>Navicontainers assure la livraison de cette <strong>conteneur 20 pieds d'occasion<\/strong> n'importe o\u00f9 au Portugal continental. Les clients peuvent choisir entre :<\/p>\n<ul>\n<li><strong>Camion standard<\/strong> - transport moins cher<\/li>\n<li><strong>Camion-grue<\/strong> - rejet direct sur le site<\/li>\n<\/ul>\n<p>A <a href=\"https:\/\/navicontainers.com\/taxa-de-entrega\/\" target=\"_blank\" rel=\"noopener\">frais de livraison<\/a> est calcul\u00e9 automatiquement \u00e0 la caisse, ce qui garantit simplicit\u00e9 et transparence.<\/p>\n<h3>Pourquoi Navicontainers ?<\/h3>\n<p>Navicontainers est une r\u00e9f\u00e9rence en mati\u00e8re de <strong>conteneurs d'exp\u00e9dition usag\u00e9s<\/strong>offrant qualit\u00e9 et confiance dans chaque vente. Cette <strong>Conteneur gris d'occasion de classe B de 20 pieds de MAG Container Line<\/strong> combine robustesse, fonctionnalit\u00e9 et prix abordable, ce qui en fait un choix judicieux pour diff\u00e9rentes applications.<\/p>","protected":false},"excerpt":{"rendered":"<p>Conteneur maritime d'occasion de 20 pieds de classe B (WWT), de couleur grise, de marque MAG Container Line. Photos de produits r\u00e9els. Livraison calcul\u00e9e automatiquement. Le client choisit : camion standard ou camion-grue. <a href=\"https:\/\/navicontainers.com\/taxa-de-entrega\/\" target=\"_blank\" rel=\"noopener\">Consulter les frais de livraison<\/a><\/p>","protected":false},"featured_media":29778,"comment_status":"open","ping_status":"closed","template":"","meta":{"_acf_changed":false},"product_brand":[],"product_cat":[96],"product_tag":[214],"class_list":{"0":"post-29777","1":"product","2":"type-product","3":"status-publish","4":"has-post-thumbnail","6":"product_cat-contentor-maritimo-20-pes","7":"product_tag-contentor-usado","9":"first","10":"instock","11":"featured","12":"taxable","13":"shipping-taxable","14":"purchasable","15":"product-type-simple"},"acf":[],"yoast_head":"<!-- This site is optimized with the Yoast SEO plugin v27.4 - https:\/\/yoast.com\/product\/yoast-seo-wordpress\/ -->\n<title>Contentor 20 p\u00e9s usado cinzento MAG Container Line Classe B - Navi Containers<\/title>\n<meta name=\"description\" content=\"Contentor 20 p\u00e9s usado cinzento MAG Container Line Classe B (WWT). Robusto, estanque e econ\u00f3mico. Venda direta com entrega r\u00e1pida em todo Portugal.\" \/>\n<meta name=\"robots\" content=\"index, follow, max-snippet:-1, max-image-preview:large, max-video-preview:-1\" \/>\n<link rel=\"canonical\" href=\"https:\/\/www.navicontainers.com\/fr\/boutique\/conteneur-dexpedition-20-pes\/contentor-20-pes-usado-cinzento-mag-container-line-b\/\" \/>\n<meta property=\"og:locale\" content=\"fr_FR\" \/>\n<meta property=\"og:type\" content=\"article\" \/>\n<meta property=\"og:title\" content=\"Contentor 20 p\u00e9s usado cinzento MAG Container Line Classe B - Navi Containers\" \/>\n<meta property=\"og:description\" content=\"Contentor 20 p\u00e9s usado cinzento MAG Container Line Classe B (WWT). Robusto, estanque e econ\u00f3mico. Venda direta com entrega r\u00e1pida em todo Portugal.\" \/>\n<meta property=\"og:url\" content=\"https:\/\/www.navicontainers.com\/fr\/boutique\/conteneur-dexpedition-20-pes\/contentor-20-pes-usado-cinzento-mag-container-line-b\/\" \/>\n<meta property=\"og:site_name\" content=\"Navi Containers\" \/>\n<meta property=\"article:modified_time\" content=\"2025-12-24T13:13:04+00:00\" \/>\n<meta property=\"og:image\" content=\"https:\/\/www.navicontainers.com\/wp-content\/uploads\/2025\/09\/IMG_2090.webp\" \/>\n\t<meta property=\"og:image:width\" content=\"2048\" \/>\n\t<meta property=\"og:image:height\" content=\"1536\" \/>\n\t<meta property=\"og:image:type\" content=\"image\/webp\" \/>\n<meta name=\"twitter:card\" content=\"summary_large_image\" \/>\n<meta name=\"twitter:label1\" content=\"Prix\" \/>\n\t<meta name=\"twitter:data1\" content=\"900,00&nbsp;&euro;\" \/>\n\t<meta name=\"twitter:label2\" content=\"Disponibilit\u00e9\" \/>\n\t<meta name=\"twitter:data2\" content=\"En stock\" \/>\n<meta property=\"product:price:amount\" content=\"900.00\" \/>\n<meta property=\"product:price:currency\" content=\"EUR\" \/>\n<meta property=\"og:availability\" content=\"instock\" \/>\n<meta property=\"product:availability\" content=\"instock\" \/>\n<meta property=\"product:retailer_item_id\" content=\"NC-STD-20-WWT-0925-MAGCL-02\" \/>\n<meta property=\"product:condition\" content=\"new\" \/>\n<!-- \/ Yoast SEO plugin. -->","yoast_head_json":{"title":"Contentor 20 p\u00e9s usado cinzento MAG Container Line Classe B - Navi Containers","description":"Ligne de conteneurs MAG grise de 20 pieds d'occasion de classe B (WWT). Robuste, \u00e9tanche et \u00e9conomique. Vente directe avec livraison rapide dans tout le Portugal.","robots":{"index":"index","follow":"follow","max-snippet":"max-snippet:-1","max-image-preview":"max-image-preview:large","max-video-preview":"max-video-preview:-1"},"canonical":"https:\/\/www.navicontainers.com\/fr\/boutique\/conteneur-dexpedition-20-pes\/contentor-20-pes-usado-cinzento-mag-container-line-b\/","og_locale":"fr_FR","og_type":"article","og_title":"Contentor 20 p\u00e9s usado cinzento MAG Container Line Classe B - Navi Containers","og_description":"Contentor 20 p\u00e9s usado cinzento MAG Container Line Classe B (WWT). Robusto, estanque e econ\u00f3mico. Venda direta com entrega r\u00e1pida em todo Portugal.","og_url":"https:\/\/www.navicontainers.com\/fr\/boutique\/conteneur-dexpedition-20-pes\/contentor-20-pes-usado-cinzento-mag-container-line-b\/","og_site_name":"Navi Containers","article_modified_time":"2025-12-24T13:13:04+00:00","og_image":[{"width":2048,"height":1536,"url":"https:\/\/www.navicontainers.com\/wp-content\/uploads\/2025\/09\/IMG_2090.webp","type":"image\/webp"}],"twitter_card":"summary_large_image","twitter_misc":{"Prix":"900,00&nbsp;&euro;","Disponibilit\u00e9":"En stock"},"schema":{"@context":"https:\/\/schema.org","@graph":[{"@type":"WebPage","@id":"https:\/\/www.navicontainers.com\/shop\/contentor-maritimo-20-pes\/contentor-20-pes-usado-cinzento-mag-container-line-b\/","url":"https:\/\/www.navicontainers.com\/shop\/contentor-maritimo-20-pes\/contentor-20-pes-usado-cinzento-mag-container-line-b\/","name":"Contentor 20 p\u00e9s usado cinzento MAG Container Line Classe B - Navi Containers","isPartOf":{"@id":"https:\/\/www.navicontainers.com\/#website"},"primaryImageOfPage":{"@id":"https:\/\/www.navicontainers.com\/shop\/contentor-maritimo-20-pes\/contentor-20-pes-usado-cinzento-mag-container-line-b\/#primaryimage"},"image":{"@id":"https:\/\/www.navicontainers.com\/shop\/contentor-maritimo-20-pes\/contentor-20-pes-usado-cinzento-mag-container-line-b\/#primaryimage"},"thumbnailUrl":"https:\/\/www.navicontainers.com\/wp-content\/uploads\/2025\/09\/IMG_2090.webp","datePublished":"2025-09-20T09:35:33+00:00","dateModified":"2025-12-24T13:13:04+00:00","description":"Ligne de conteneurs MAG grise de 20 pieds d'occasion de classe B (WWT). Robuste, \u00e9tanche et \u00e9conomique. Vente directe avec livraison rapide dans tout le Portugal.","breadcrumb":{"@id":"https:\/\/www.navicontainers.com\/shop\/contentor-maritimo-20-pes\/contentor-20-pes-usado-cinzento-mag-container-line-b\/#breadcrumb"},"inLanguage":"fr-FR","potentialAction":[{"@type":"ReadAction","target":["https:\/\/www.navicontainers.com\/shop\/contentor-maritimo-20-pes\/contentor-20-pes-usado-cinzento-mag-container-line-b\/"]}]},{"@type":"ImageObject","inLanguage":"fr-FR","@id":"https:\/\/www.navicontainers.com\/shop\/contentor-maritimo-20-pes\/contentor-20-pes-usado-cinzento-mag-container-line-b\/#primaryimage","url":"https:\/\/www.navicontainers.com\/wp-content\/uploads\/2025\/09\/IMG_2090.webp","contentUrl":"https:\/\/www.navicontainers.com\/wp-content\/uploads\/2025\/09\/IMG_2090.webp","width":2048,"height":1536,"caption":"Contentor 20 p\u00e9s usado cinzento MAG Container Line Classe B frente"},{"@type":"BreadcrumbList","@id":"https:\/\/www.navicontainers.com\/shop\/contentor-maritimo-20-pes\/contentor-20-pes-usado-cinzento-mag-container-line-b\/#breadcrumb","itemListElement":[{"@type":"ListItem","position":1,"name":"Accueil","item":"https:\/\/www.navicontainers.com\/"},{"@type":"ListItem","position":2,"name":"Parque","item":"https:\/\/www.navicontainers.com\/parque\/"},{"@type":"ListItem","position":3,"name":"Contentor 20 p\u00e9s usado cinzento MAG Container Line Classe B"}]},{"@type":"WebSite","@id":"https:\/\/www.navicontainers.com\/#website","url":"https:\/\/www.navicontainers.com\/","name":"Conteneurs Navi","description":"Des solutions pour les conteneurs avec confiance et rapidit\u00e9. Tous droits r\u00e9serv\u00e9s.","potentialAction":[{"@type":"SearchAction","target":{"@type":"EntryPoint","urlTemplate":"https:\/\/www.navicontainers.com\/?s={search_term_string}"},"query-input":{"@type":"PropertyValueSpecification","valueRequired":true,"valueName":"search_term_string"}}],"inLanguage":"fr-FR"}]},"product_price_amount":"900.00","product_price_currency":"EUR","og_availability":"instock","product_availability":"instock","product_retailer_item_id":"NC-STD-20-WWT-0925-MAGCL-02","product_condition":"new"},"_links":{"self":[{"href":"https:\/\/www.navicontainers.com\/fr\/wp-json\/wp\/v2\/product\/29777","targetHints":{"allow":["GET"]}}],"collection":[{"href":"https:\/\/www.navicontainers.com\/fr\/wp-json\/wp\/v2\/product"}],"about":[{"href":"https:\/\/www.navicontainers.com\/fr\/wp-json\/wp\/v2\/types\/product"}],"replies":[{"embeddable":true,"href":"https:\/\/www.navicontainers.com\/fr\/wp-json\/wp\/v2\/comments?post=29777"}],"version-history":[{"count":2,"href":"https:\/\/www.navicontainers.com\/fr\/wp-json\/wp\/v2\/product\/29777\/revisions"}],"predecessor-version":[{"id":30015,"href":"https:\/\/www.navicontainers.com\/fr\/wp-json\/wp\/v2\/product\/29777\/revisions\/30015"}],"wp:featuredmedia":[{"embeddable":true,"href":"https:\/\/www.navicontainers.com\/fr\/wp-json\/wp\/v2\/media\/29778"}],"wp:attachment":[{"href":"https:\/\/www.navicontainers.com\/fr\/wp-json\/wp\/v2\/media?parent=29777"}],"wp:term":[{"taxonomy":"product_brand","embeddable":true,"href":"https:\/\/www.navicontainers.com\/fr\/wp-json\/wp\/v2\/product_brand?post=29777"},{"taxonomy":"product_cat","embeddable":true,"href":"https:\/\/www.navicontainers.com\/fr\/wp-json\/wp\/v2\/product_cat?post=29777"},{"taxonomy":"product_tag","embeddable":true,"href":"https:\/\/www.navicontainers.com\/fr\/wp-json\/wp\/v2\/product_tag?post=29777"}],"curies":[{"name":"wp","href":"https:\/\/api.w.org\/{rel}","templated":true}]}}