{"id":29785,"date":"2025-09-20T09:50:25","date_gmt":"2025-09-20T09:50:25","guid":{"rendered":"https:\/\/www.navicontainers.com\/?post_type=product&#038;p=29785"},"modified":"2025-12-24T13:10:45","modified_gmt":"2025-12-24T13:10:45","slug":"contentor-20-pes-usado-verde-capital-containers-2","status":"publish","type":"product","link":"https:\/\/www.navicontainers.com\/fr\/boutique\/conteneur-dexpedition-20-pes\/contentor-20-pes-usado-verde-capital-containers-2\/","title":{"rendered":"Conteneur vert usag\u00e9 de 20 pieds Capital Containers Classe A"},"content":{"rendered":"<h2>Conteneur vert usag\u00e9 de 20 pieds Capital Containers<\/h2>\n<p>Le pr\u00e9sent <strong>conteneur 20 pieds d'occasion<\/strong> de la marque Capital Containers est class\u00e9e comme <strong>Classe A \/ CW (Cargo Worthy)<\/strong>certifi\u00e9 pour le transport maritime international. Il s'agit d'un conteneur robuste, \u00e9tanche et fiable, qui convient aussi bien \u00e0 l'exportation qu'au stockage en toute s\u00e9curit\u00e9 sur terre. La couleur verte lui conf\u00e8re un aspect distinctif et polyvalent, adapt\u00e9 \u00e0 diff\u00e9rentes utilisations.<\/p>\n<h3>Caract\u00e9ristiques techniques<\/h3>\n<ul>\n<li><strong>Taille :<\/strong> 20 pieds (6.06m L x 2.44m L x 2.59m H)<\/li>\n<li><strong>Volume interne :<\/strong> ~33 m\u00b3<\/li>\n<li><strong>Mat\u00e9riau :<\/strong> Acier corten tr\u00e8s r\u00e9sistant<\/li>\n<li><strong>\u00c9tat :<\/strong> Classe A \/ CW (Cargo Worthy)<\/li>\n<li><strong>Couleur :<\/strong> Vert<\/li>\n<li><strong>Marque :<\/strong> Conteneurs de la capitale<\/li>\n<li><strong>Le sol :<\/strong> Bois trait\u00e9<\/li>\n<li><strong>Portes :<\/strong> Doubles avec joints renforc\u00e9s<\/li>\n<\/ul>\n<h3>Utilisations recommand\u00e9es<\/h3>\n<ul>\n<li>Transport maritime international (certification CW)<\/li>\n<li>Stockage en toute s\u00e9curit\u00e9 des marchandises, des \u00e9quipements et des mat\u00e9riaux<\/li>\n<li>Projets de transformation en modules de logement, commerciaux ou techniques<\/li>\n<li>Construction modulaire et solutions temporaires<\/li>\n<\/ul>\n<h3>Livraison dans tout le pays<\/h3>\n<p>Navicontainers garantit la livraison de ce <strong>conteneur 20 pieds d'occasion<\/strong> n'importe o\u00f9 au Portugal continental. Les clients peuvent choisir entre :<\/p>\n<ul>\n<li><strong>Camion standard<\/strong> - transport moins cher<\/li>\n<li><strong>Camion-grue<\/strong> - rejet direct sur le site<\/li>\n<\/ul>\n<p>A <a href=\"https:\/\/navicontainers.com\/taxa-de-entrega\/\" target=\"_blank\" rel=\"noopener\">frais de livraison<\/a> est calcul\u00e9 automatiquement \u00e0 la caisse, ce qui garantit une transparence totale.<\/p>\n<h3>Pourquoi Navicontainers ?<\/h3>\n<p>Navicontainers propose une s\u00e9lection de <strong>conteneurs d'exp\u00e9dition usag\u00e9s<\/strong> en excellent \u00e9tat. Il s'agit d'une <strong>Conteneur vert usag\u00e9 de 20 pieds Capital Containers Classe A<\/strong> est id\u00e9al pour les clients qui exigent une qualit\u00e9 sup\u00e9rieure, une certification internationale et une fiabilit\u00e9 garantie.<\/p>","protected":false},"excerpt":{"rendered":"<p>Conteneur maritime usag\u00e9 de classe A (CW) de 20 pieds, de couleur verte, de la marque Capital Containers. Photos de produits r\u00e9els.<br \/>\nLa livraison est calcul\u00e9e automatiquement. Le client choisit : camion standard ou camion-grue.<br \/>\n<a href=\"https:\/\/navicontainers.com\/taxa-de-entrega\/\" target=\"_blank\" rel=\"noopener\">Consulter les frais de livraison<\/a><\/p>","protected":false},"featured_media":29786,"comment_status":"open","ping_status":"closed","template":"","meta":{"_acf_changed":false},"product_brand":[],"product_cat":[96],"product_tag":[214],"class_list":{"0":"post-29785","1":"product","2":"type-product","3":"status-publish","4":"has-post-thumbnail","6":"product_cat-contentor-maritimo-20-pes","7":"product_tag-contentor-usado","9":"first","10":"instock","11":"featured","12":"taxable","13":"shipping-taxable","14":"purchasable","15":"product-type-simple"},"acf":[],"yoast_head":"<!-- This site is optimized with the Yoast SEO plugin v27.4 - https:\/\/yoast.com\/product\/yoast-seo-wordpress\/ -->\n<title>Contentor 20 p\u00e9s usado verde Capital Containers Classe A - Navi Containers<\/title>\n<meta name=\"description\" content=\"Contentor 20 p\u00e9s usado verde Capital Containers Classe A (CW). Certificado, estanque e robusto. Venda direta com qualidade garantida e entrega r\u00e1pida.\" \/>\n<meta name=\"robots\" content=\"index, follow, max-snippet:-1, max-image-preview:large, max-video-preview:-1\" \/>\n<link rel=\"canonical\" href=\"https:\/\/www.navicontainers.com\/fr\/boutique\/conteneur-dexpedition-20-pes\/contentor-20-pes-usado-verde-capital-containers-2\/\" \/>\n<meta property=\"og:locale\" content=\"fr_FR\" \/>\n<meta property=\"og:type\" content=\"article\" \/>\n<meta property=\"og:title\" content=\"Contentor 20 p\u00e9s usado verde Capital Containers Classe A - Navi Containers\" \/>\n<meta property=\"og:description\" content=\"Contentor 20 p\u00e9s usado verde Capital Containers Classe A (CW). Certificado, estanque e robusto. Venda direta com qualidade garantida e entrega r\u00e1pida.\" \/>\n<meta property=\"og:url\" content=\"https:\/\/www.navicontainers.com\/fr\/boutique\/conteneur-dexpedition-20-pes\/contentor-20-pes-usado-verde-capital-containers-2\/\" \/>\n<meta property=\"og:site_name\" content=\"Navi Containers\" \/>\n<meta property=\"article:modified_time\" content=\"2025-12-24T13:10:45+00:00\" \/>\n<meta property=\"og:image\" content=\"https:\/\/www.navicontainers.com\/wp-content\/uploads\/2025\/09\/IMG_0098.webp\" \/>\n\t<meta property=\"og:image:width\" content=\"2048\" \/>\n\t<meta property=\"og:image:height\" content=\"1536\" \/>\n\t<meta property=\"og:image:type\" content=\"image\/webp\" \/>\n<meta name=\"twitter:card\" content=\"summary_large_image\" \/>\n<meta name=\"twitter:label1\" content=\"Prix\" \/>\n\t<meta name=\"twitter:data1\" content=\"1 000,00&nbsp;&euro;\" \/>\n\t<meta name=\"twitter:label2\" content=\"Disponibilit\u00e9\" \/>\n\t<meta name=\"twitter:data2\" content=\"En stock\" \/>\n<meta property=\"product:price:amount\" content=\"1000.00\" \/>\n<meta property=\"product:price:currency\" content=\"EUR\" \/>\n<meta property=\"og:availability\" content=\"instock\" \/>\n<meta property=\"product:availability\" content=\"instock\" \/>\n<meta property=\"product:retailer_item_id\" content=\"NC-STD-20-CW-0925-CAPITAL-01\" \/>\n<meta property=\"product:condition\" content=\"new\" \/>\n<!-- \/ Yoast SEO plugin. -->","yoast_head_json":{"title":"Contentor 20 p\u00e9s usado verde Capital Containers Classe A - Navi Containers","description":"Conteneurs verts usag\u00e9s de 20 pieds de Capital Containers Classe A (CW). Certifi\u00e9s, \u00e9tanches et robustes. Vente directe avec garantie de qualit\u00e9 et livraison rapide.","robots":{"index":"index","follow":"follow","max-snippet":"max-snippet:-1","max-image-preview":"max-image-preview:large","max-video-preview":"max-video-preview:-1"},"canonical":"https:\/\/www.navicontainers.com\/fr\/boutique\/conteneur-dexpedition-20-pes\/contentor-20-pes-usado-verde-capital-containers-2\/","og_locale":"fr_FR","og_type":"article","og_title":"Contentor 20 p\u00e9s usado verde Capital Containers Classe A - Navi Containers","og_description":"Contentor 20 p\u00e9s usado verde Capital Containers Classe A (CW). Certificado, estanque e robusto. Venda direta com qualidade garantida e entrega r\u00e1pida.","og_url":"https:\/\/www.navicontainers.com\/fr\/boutique\/conteneur-dexpedition-20-pes\/contentor-20-pes-usado-verde-capital-containers-2\/","og_site_name":"Navi Containers","article_modified_time":"2025-12-24T13:10:45+00:00","og_image":[{"width":2048,"height":1536,"url":"https:\/\/www.navicontainers.com\/wp-content\/uploads\/2025\/09\/IMG_0098.webp","type":"image\/webp"}],"twitter_card":"summary_large_image","twitter_misc":{"Prix":"1 000,00&nbsp;&euro;","Disponibilit\u00e9":"En stock"},"schema":{"@context":"https:\/\/schema.org","@graph":[{"@type":"WebPage","@id":"https:\/\/www.navicontainers.com\/shop\/contentor-maritimo-20-pes\/contentor-20-pes-usado-verde-capital-containers-2\/","url":"https:\/\/www.navicontainers.com\/shop\/contentor-maritimo-20-pes\/contentor-20-pes-usado-verde-capital-containers-2\/","name":"Contentor 20 p\u00e9s usado verde Capital Containers Classe A - Navi Containers","isPartOf":{"@id":"https:\/\/www.navicontainers.com\/#website"},"primaryImageOfPage":{"@id":"https:\/\/www.navicontainers.com\/shop\/contentor-maritimo-20-pes\/contentor-20-pes-usado-verde-capital-containers-2\/#primaryimage"},"image":{"@id":"https:\/\/www.navicontainers.com\/shop\/contentor-maritimo-20-pes\/contentor-20-pes-usado-verde-capital-containers-2\/#primaryimage"},"thumbnailUrl":"https:\/\/www.navicontainers.com\/wp-content\/uploads\/2025\/09\/IMG_0098.webp","datePublished":"2025-09-20T09:50:25+00:00","dateModified":"2025-12-24T13:10:45+00:00","description":"Conteneurs verts usag\u00e9s de 20 pieds de Capital Containers Classe A (CW). Certifi\u00e9s, \u00e9tanches et robustes. Vente directe avec garantie de qualit\u00e9 et livraison rapide.","breadcrumb":{"@id":"https:\/\/www.navicontainers.com\/shop\/contentor-maritimo-20-pes\/contentor-20-pes-usado-verde-capital-containers-2\/#breadcrumb"},"inLanguage":"fr-FR","potentialAction":[{"@type":"ReadAction","target":["https:\/\/www.navicontainers.com\/shop\/contentor-maritimo-20-pes\/contentor-20-pes-usado-verde-capital-containers-2\/"]}]},{"@type":"ImageObject","inLanguage":"fr-FR","@id":"https:\/\/www.navicontainers.com\/shop\/contentor-maritimo-20-pes\/contentor-20-pes-usado-verde-capital-containers-2\/#primaryimage","url":"https:\/\/www.navicontainers.com\/wp-content\/uploads\/2025\/09\/IMG_0098.webp","contentUrl":"https:\/\/www.navicontainers.com\/wp-content\/uploads\/2025\/09\/IMG_0098.webp","width":2048,"height":1536,"caption":"Contentor 20 p\u00e9s usado verde Capital Containers Classe A frente"},{"@type":"BreadcrumbList","@id":"https:\/\/www.navicontainers.com\/shop\/contentor-maritimo-20-pes\/contentor-20-pes-usado-verde-capital-containers-2\/#breadcrumb","itemListElement":[{"@type":"ListItem","position":1,"name":"Accueil","item":"https:\/\/www.navicontainers.com\/"},{"@type":"ListItem","position":2,"name":"Parque","item":"https:\/\/www.navicontainers.com\/parque\/"},{"@type":"ListItem","position":3,"name":"Contentor 20 p\u00e9s usado verde Capital Containers Classe A"}]},{"@type":"WebSite","@id":"https:\/\/www.navicontainers.com\/#website","url":"https:\/\/www.navicontainers.com\/","name":"Conteneurs Navi","description":"Des solutions pour les conteneurs avec confiance et rapidit\u00e9. Tous droits r\u00e9serv\u00e9s.","potentialAction":[{"@type":"SearchAction","target":{"@type":"EntryPoint","urlTemplate":"https:\/\/www.navicontainers.com\/?s={search_term_string}"},"query-input":{"@type":"PropertyValueSpecification","valueRequired":true,"valueName":"search_term_string"}}],"inLanguage":"fr-FR"}]},"product_price_amount":"1000.00","product_price_currency":"EUR","og_availability":"instock","product_availability":"instock","product_retailer_item_id":"NC-STD-20-CW-0925-CAPITAL-01","product_condition":"new"},"_links":{"self":[{"href":"https:\/\/www.navicontainers.com\/fr\/wp-json\/wp\/v2\/product\/29785","targetHints":{"allow":["GET"]}}],"collection":[{"href":"https:\/\/www.navicontainers.com\/fr\/wp-json\/wp\/v2\/product"}],"about":[{"href":"https:\/\/www.navicontainers.com\/fr\/wp-json\/wp\/v2\/types\/product"}],"replies":[{"embeddable":true,"href":"https:\/\/www.navicontainers.com\/fr\/wp-json\/wp\/v2\/comments?post=29785"}],"version-history":[{"count":2,"href":"https:\/\/www.navicontainers.com\/fr\/wp-json\/wp\/v2\/product\/29785\/revisions"}],"predecessor-version":[{"id":30013,"href":"https:\/\/www.navicontainers.com\/fr\/wp-json\/wp\/v2\/product\/29785\/revisions\/30013"}],"wp:featuredmedia":[{"embeddable":true,"href":"https:\/\/www.navicontainers.com\/fr\/wp-json\/wp\/v2\/media\/29786"}],"wp:attachment":[{"href":"https:\/\/www.navicontainers.com\/fr\/wp-json\/wp\/v2\/media?parent=29785"}],"wp:term":[{"taxonomy":"product_brand","embeddable":true,"href":"https:\/\/www.navicontainers.com\/fr\/wp-json\/wp\/v2\/product_brand?post=29785"},{"taxonomy":"product_cat","embeddable":true,"href":"https:\/\/www.navicontainers.com\/fr\/wp-json\/wp\/v2\/product_cat?post=29785"},{"taxonomy":"product_tag","embeddable":true,"href":"https:\/\/www.navicontainers.com\/fr\/wp-json\/wp\/v2\/product_tag?post=29785"}],"curies":[{"name":"wp","href":"https:\/\/api.w.org\/{rel}","templated":true}]}}